{"id":13083,"date":"2022-12-07T10:51:52","date_gmt":"2022-12-07T10:51:52","guid":{"rendered":"https:\/\/www.dibosch.com\/producto\/carro-green-460-s-cubo-s-prensa-1470r003460\/"},"modified":"2024-03-26T16:08:41","modified_gmt":"2024-03-26T16:08:41","slug":"carro-green-460-s-cubell-s-prensa-1470r003460","status":"publish","type":"product","link":"https:\/\/dibosch.com\/es\/producto\/carro-green-460-s-cubell-s-prensa-1470r003460\/","title":{"rendered":"CARRO GREEN 460 S\/CUBO S\/PRENSA &#8211; 1470R003460 &#8211; TTS"},"content":{"rendered":"<p><strong>Caracter\u00edsticas del producto:<\/strong><\/p>\n<p>Carro multiuso, modular e inoxidable, recomendado para la recogida de residuos y para limpiar zonas medianas y grandes.<\/p>\n<p>Las dos cubetas en pl\u00e1stico se apoyan directamente a los montantes en acero barnizado azul o rilsan.<\/p>\n<p>El porta-saco en pl\u00e1stico 120L es plegable (para un ahorro de espacio) y las ruedas de di\u00e1metro 100 mm. pueden ser remplazadas a petici\u00f3n.<\/p>\n<p>La base en pl\u00e1stico permite el apoyo y el transporte de varios equipamientos.<\/p>\n<p>En el lado ancho del carro hay un espacio para poner dos etiquetas para eventuales personalizaciones.<\/p>\n","protected":false},"excerpt":{"rendered":"<p>Carro de 3 bandejas, 4 cubos y porta bolsas 120L<\/p>\n","protected":false},"featured_media":23694,"comment_status":"closed","ping_status":"closed","template":"","meta":[],"product_brand":[],"product_cat":[685,705,684],"product_tag":[],"marcas":[917],"certificats":[],"caracteristiques":[],"tipus-productes":[],"zona-aplicacio":[],"tipus-maquinaria":[],"class_list":{"0":"post-13083","1":"product","2":"type-product","3":"status-publish","4":"has-post-thumbnail","6":"product_cat-carros-es","7":"product_cat-carros-de-limpieza","8":"product_cat-utiles-de-limpieza","9":"marcas-tts-es","11":"first","12":"instock","13":"product-type-simple"},"_links":{"self":[{"href":"https:\/\/dibosch.com\/es\/wp-json\/wp\/v2\/product\/13083","targetHints":{"allow":["GET"]}}],"collection":[{"href":"https:\/\/dibosch.com\/es\/wp-json\/wp\/v2\/product"}],"about":[{"href":"https:\/\/dibosch.com\/es\/wp-json\/wp\/v2\/types\/product"}],"replies":[{"embeddable":true,"href":"https:\/\/dibosch.com\/es\/wp-json\/wp\/v2\/comments?post=13083"}],"wp:featuredmedia":[{"embeddable":true,"href":"https:\/\/dibosch.com\/es\/wp-json\/wp\/v2\/media\/23694"}],"wp:attachment":[{"href":"https:\/\/dibosch.com\/es\/wp-json\/wp\/v2\/media?parent=13083"}],"wp:term":[{"taxonomy":"product_brand","embeddable":true,"href":"https:\/\/dibosch.com\/es\/wp-json\/wp\/v2\/product_brand?post=13083"},{"taxonomy":"product_cat","embeddable":true,"href":"https:\/\/dibosch.com\/es\/wp-json\/wp\/v2\/product_cat?post=13083"},{"taxonomy":"product_tag","embeddable":true,"href":"https:\/\/dibosch.com\/es\/wp-json\/wp\/v2\/product_tag?post=13083"},{"taxonomy":"marcas","embeddable":true,"href":"https:\/\/dibosch.com\/es\/wp-json\/wp\/v2\/marcas?post=13083"},{"taxonomy":"certificats","embeddable":true,"href":"https:\/\/dibosch.com\/es\/wp-json\/wp\/v2\/certificats?post=13083"},{"taxonomy":"caracteristiques","embeddable":true,"href":"https:\/\/dibosch.com\/es\/wp-json\/wp\/v2\/caracteristiques?post=13083"},{"taxonomy":"tipus-productes","embeddable":true,"href":"https:\/\/dibosch.com\/es\/wp-json\/wp\/v2\/tipus-productes?post=13083"},{"taxonomy":"zona-aplicacio","embeddable":true,"href":"https:\/\/dibosch.com\/es\/wp-json\/wp\/v2\/zona-aplicacio?post=13083"},{"taxonomy":"tipus-maquinaria","embeddable":true,"href":"https:\/\/dibosch.com\/es\/wp-json\/wp\/v2\/tipus-maquinaria?post=13083"}],"curies":[{"name":"wp","href":"https:\/\/api.w.org\/{rel}","templated":true}]}}