{"id":13088,"date":"2022-12-07T10:51:43","date_gmt":"2022-12-07T10:51:43","guid":{"rendered":"https:\/\/www.dibosch.com\/producto\/recambio-mopa-trilogy-wet-wet-yellow\/"},"modified":"2024-03-26T16:08:42","modified_gmt":"2024-03-26T16:08:42","slug":"repuesto-mopa-trilogy-wet-wet-yellow","status":"publish","type":"product","link":"https:\/\/dibosch.com\/es\/producto\/repuesto-mopa-trilogy-wet-wet-yellow\/","title":{"rendered":"RECAMBIO MOPA TRILOGY WET\/WET YELLOW &#8211; TTS"},"content":{"rendered":"<p><strong>Caracter\u00edsticas del producto:<\/strong><\/p>\n<p>Nuevo sistema de limpieza profesional con mopas que ofrece la posibilidad de tener un \u00fanico utensilio que permita barrer y fregar, simplemente con una simple rotaci\u00f3n del bastidor.<\/p>\n<p>Trilogy cuenta con dos caras paralelas perfectamente planas, por lo que puede ser usado indistintamente por ambos lados.<\/p>\n<p>El sistema Trilogy garantiza un ahorro de tiempo ya que limpia el doble de superficies, al usar las mopas TRI de 2 caras permite utilizar completamente toda la superficie del recambio.<\/p>\n<p>Adem\u00e1s supone una reducci\u00f3n de costes, como hemos comentado, los recambios se reducen a la mitad, as\u00ed como una reducci\u00f3n del impacto ambienta al reducir el consumo de agua y de detergente.<\/p>\n","protected":false},"excerpt":{"rendered":"<p>Recambio mopa doble cara amarilla con alta capacidad absorbente para fregado o secado en superficies lisas<\/p>\n","protected":false},"featured_media":22089,"comment_status":"closed","ping_status":"closed","template":"","meta":[],"product_brand":[],"product_cat":[714,713,684],"product_tag":[],"marcas":[917],"certificats":[],"caracteristiques":[],"tipus-productes":[],"zona-aplicacio":[],"tipus-maquinaria":[],"class_list":{"0":"post-13088","1":"product","2":"type-product","3":"status-publish","4":"has-post-thumbnail","6":"product_cat-mopas","7":"product_cat-utensilios","8":"product_cat-utiles-de-limpieza","9":"marcas-tts-es","11":"first","12":"instock","13":"product-type-simple"},"_links":{"self":[{"href":"https:\/\/dibosch.com\/es\/wp-json\/wp\/v2\/product\/13088","targetHints":{"allow":["GET"]}}],"collection":[{"href":"https:\/\/dibosch.com\/es\/wp-json\/wp\/v2\/product"}],"about":[{"href":"https:\/\/dibosch.com\/es\/wp-json\/wp\/v2\/types\/product"}],"replies":[{"embeddable":true,"href":"https:\/\/dibosch.com\/es\/wp-json\/wp\/v2\/comments?post=13088"}],"wp:featuredmedia":[{"embeddable":true,"href":"https:\/\/dibosch.com\/es\/wp-json\/wp\/v2\/media\/22089"}],"wp:attachment":[{"href":"https:\/\/dibosch.com\/es\/wp-json\/wp\/v2\/media?parent=13088"}],"wp:term":[{"taxonomy":"product_brand","embeddable":true,"href":"https:\/\/dibosch.com\/es\/wp-json\/wp\/v2\/product_brand?post=13088"},{"taxonomy":"product_cat","embeddable":true,"href":"https:\/\/dibosch.com\/es\/wp-json\/wp\/v2\/product_cat?post=13088"},{"taxonomy":"product_tag","embeddable":true,"href":"https:\/\/dibosch.com\/es\/wp-json\/wp\/v2\/product_tag?post=13088"},{"taxonomy":"marcas","embeddable":true,"href":"https:\/\/dibosch.com\/es\/wp-json\/wp\/v2\/marcas?post=13088"},{"taxonomy":"certificats","embeddable":true,"href":"https:\/\/dibosch.com\/es\/wp-json\/wp\/v2\/certificats?post=13088"},{"taxonomy":"caracteristiques","embeddable":true,"href":"https:\/\/dibosch.com\/es\/wp-json\/wp\/v2\/caracteristiques?post=13088"},{"taxonomy":"tipus-productes","embeddable":true,"href":"https:\/\/dibosch.com\/es\/wp-json\/wp\/v2\/tipus-productes?post=13088"},{"taxonomy":"zona-aplicacio","embeddable":true,"href":"https:\/\/dibosch.com\/es\/wp-json\/wp\/v2\/zona-aplicacio?post=13088"},{"taxonomy":"tipus-maquinaria","embeddable":true,"href":"https:\/\/dibosch.com\/es\/wp-json\/wp\/v2\/tipus-maquinaria?post=13088"}],"curies":[{"name":"wp","href":"https:\/\/api.w.org\/{rel}","templated":true}]}}