{"id":13090,"date":"2022-12-07T10:52:18","date_gmt":"2022-12-07T10:52:18","guid":{"rendered":"https:\/\/www.dibosch.com\/producto\/m-steam-box-mini-3600w-230v\/"},"modified":"2025-09-23T10:44:58","modified_gmt":"2025-09-23T10:44:58","slug":"m-steam-box-mini-3600w-230v","status":"publish","type":"product","link":"https:\/\/dibosch.com\/es\/producto\/m-steam-box-mini-3600w-230v\/","title":{"rendered":"M-STEAM BOX MINI 3600W 230V"},"content":{"rendered":"<p>TECNOVAP STEAM BOX VAC mine 10 bar. El generador de vapor Steam Box mini de TECNOVAP, es un modelo MONOF\u00c1SICO con estructura de acero inoxidable. Potencia de 3,75 kW<\/p>\n<p>Equipo potente, con las m\u00e1ximas garant\u00edas Tecnovap. El equipo peque\u00f1o de la gama m\u00e1s industrial.<\/p>\n<p>Los generadores de vapor Steam Box Industrial destacan en el sector por su fabricaci\u00f3n a prueba de agua IPX 5, con sistema de recarga autom\u00e1tica con control electromec\u00e1nico True Temp, inyecci\u00f3n de detergente, conexi\u00f3n directa con el suministro de agua, veleta de control de baja tensi\u00f3n, consola el\u00e9ctrica con: term\u00f3metro, man\u00f3metro, cuenta horas, aviso hace falta e inyecci\u00f3n de agua sobre calentada de serie.<\/p>\n","protected":false},"excerpt":{"rendered":"<p>TECNOVAP STEAM BOX VAC mine 10 bar. El generador de vapor Steam Box mini de TECNOVAP, es un modelo MONOF\u00c1SICO con estructura de acero inoxidable. Potencia de 3,75 kW Equipo potente, con las m\u00e1ximas garant\u00edas Tecnovap. El equipo peque\u00f1o de la gama m\u00e1s industrial. Los generadores de vapor Steam Box Industrial destacan en el sector [&hellip;]<\/p>\n","protected":false},"featured_media":24978,"comment_status":"closed","ping_status":"closed","template":"","meta":[],"product_brand":[],"product_cat":[761,577],"product_tag":[],"marcas":[913],"certificats":[],"caracteristiques":[],"tipus-productes":[],"zona-aplicacio":[],"tipus-maquinaria":[],"class_list":{"0":"post-13090","1":"product","2":"type-product","3":"status-publish","4":"has-post-thumbnail","6":"product_cat-vapor-industrial-es","7":"product_cat-maquinas","8":"marcas-tecnovap-es","10":"first","11":"instock","12":"product-type-simple"},"_links":{"self":[{"href":"https:\/\/dibosch.com\/es\/wp-json\/wp\/v2\/product\/13090","targetHints":{"allow":["GET"]}}],"collection":[{"href":"https:\/\/dibosch.com\/es\/wp-json\/wp\/v2\/product"}],"about":[{"href":"https:\/\/dibosch.com\/es\/wp-json\/wp\/v2\/types\/product"}],"replies":[{"embeddable":true,"href":"https:\/\/dibosch.com\/es\/wp-json\/wp\/v2\/comments?post=13090"}],"wp:featuredmedia":[{"embeddable":true,"href":"https:\/\/dibosch.com\/es\/wp-json\/wp\/v2\/media\/24978"}],"wp:attachment":[{"href":"https:\/\/dibosch.com\/es\/wp-json\/wp\/v2\/media?parent=13090"}],"wp:term":[{"taxonomy":"product_brand","embeddable":true,"href":"https:\/\/dibosch.com\/es\/wp-json\/wp\/v2\/product_brand?post=13090"},{"taxonomy":"product_cat","embeddable":true,"href":"https:\/\/dibosch.com\/es\/wp-json\/wp\/v2\/product_cat?post=13090"},{"taxonomy":"product_tag","embeddable":true,"href":"https:\/\/dibosch.com\/es\/wp-json\/wp\/v2\/product_tag?post=13090"},{"taxonomy":"marcas","embeddable":true,"href":"https:\/\/dibosch.com\/es\/wp-json\/wp\/v2\/marcas?post=13090"},{"taxonomy":"certificats","embeddable":true,"href":"https:\/\/dibosch.com\/es\/wp-json\/wp\/v2\/certificats?post=13090"},{"taxonomy":"caracteristiques","embeddable":true,"href":"https:\/\/dibosch.com\/es\/wp-json\/wp\/v2\/caracteristiques?post=13090"},{"taxonomy":"tipus-productes","embeddable":true,"href":"https:\/\/dibosch.com\/es\/wp-json\/wp\/v2\/tipus-productes?post=13090"},{"taxonomy":"zona-aplicacio","embeddable":true,"href":"https:\/\/dibosch.com\/es\/wp-json\/wp\/v2\/zona-aplicacio?post=13090"},{"taxonomy":"tipus-maquinaria","embeddable":true,"href":"https:\/\/dibosch.com\/es\/wp-json\/wp\/v2\/tipus-maquinaria?post=13090"}],"curies":[{"name":"wp","href":"https:\/\/api.w.org\/{rel}","templated":true}]}}