{"id":13112,"date":"2022-12-07T10:53:29","date_gmt":"2022-12-07T10:53:29","guid":{"rendered":"https:\/\/www.dibosch.com\/producto\/carro-bucket-20-lts-0e066394\/"},"modified":"2024-03-26T16:08:49","modified_gmt":"2024-03-26T16:08:49","slug":"carro-bucket-20-lts-0e066394","status":"publish","type":"product","link":"https:\/\/dibosch.com\/es\/producto\/carro-bucket-20-lts-0e066394\/","title":{"rendered":"CARRO BUCKET 20 lts -0E066394- &#8211; TTS"},"content":{"rendered":"<p><strong>Caracter\u00edsticas del producto:<\/strong><\/p>\n<p>Cubo azul 20 L con separador extra\u00edble, prensa sin fondo O-Key y ruedas de \u00f8 50 mm<\/p>\n<p>Cubo con separador que separa el agua con la soluci\u00f3n con producto y con prensa profesional de libro, para entornos peque\u00f1os<\/p>\n<p>Ideal para limpiar entornos medianos y peque\u00f1os que necesitan aclarar la mopa<\/p>\n<p>Eficaz: la posibilidad de separar el agua de la soluci\u00f3n con producto permite una mejor limpieza y reducci\u00f3n de derroche de agua y detergente<\/p>\n<p>Reduce el tiempo de trabajo: escurrir sin fondo permite de enjuagar y escurrir en un movimiento \u00fanico y simple dentro de la prensa, ahorrando tiempo y esfuerzo<\/p>\n<p>Manejable: el asa transversal de pl\u00e1stico facilita su transporte sin tener que quitar la prensa<\/p>\n","protected":false},"excerpt":{"rendered":"<p>Caracter\u00edsticas del producto: Cubo azul 20 L con separador extra\u00edble, prensa sin fondo O-Key y ruedas de \u00f8 50 mm Cubo con separador que separa el agua con la soluci\u00f3n con producto y con prensa profesional de libro, para entornos peque\u00f1os Ideal para limpiar entornos medianos y peque\u00f1os que necesitan aclarar la mopa Eficaz: la [&hellip;]<\/p>\n","protected":false},"featured_media":23523,"comment_status":"closed","ping_status":"closed","template":"","meta":[],"product_brand":[],"product_cat":[685,705,684],"product_tag":[],"marcas":[917],"certificats":[],"caracteristiques":[],"tipus-productes":[],"zona-aplicacio":[],"tipus-maquinaria":[],"class_list":{"0":"post-13112","1":"product","2":"type-product","3":"status-publish","4":"has-post-thumbnail","6":"product_cat-carros-es","7":"product_cat-carros-de-limpieza","8":"product_cat-utiles-de-limpieza","9":"marcas-tts-es","11":"first","12":"instock","13":"product-type-simple"},"_links":{"self":[{"href":"https:\/\/dibosch.com\/es\/wp-json\/wp\/v2\/product\/13112","targetHints":{"allow":["GET"]}}],"collection":[{"href":"https:\/\/dibosch.com\/es\/wp-json\/wp\/v2\/product"}],"about":[{"href":"https:\/\/dibosch.com\/es\/wp-json\/wp\/v2\/types\/product"}],"replies":[{"embeddable":true,"href":"https:\/\/dibosch.com\/es\/wp-json\/wp\/v2\/comments?post=13112"}],"wp:featuredmedia":[{"embeddable":true,"href":"https:\/\/dibosch.com\/es\/wp-json\/wp\/v2\/media\/23523"}],"wp:attachment":[{"href":"https:\/\/dibosch.com\/es\/wp-json\/wp\/v2\/media?parent=13112"}],"wp:term":[{"taxonomy":"product_brand","embeddable":true,"href":"https:\/\/dibosch.com\/es\/wp-json\/wp\/v2\/product_brand?post=13112"},{"taxonomy":"product_cat","embeddable":true,"href":"https:\/\/dibosch.com\/es\/wp-json\/wp\/v2\/product_cat?post=13112"},{"taxonomy":"product_tag","embeddable":true,"href":"https:\/\/dibosch.com\/es\/wp-json\/wp\/v2\/product_tag?post=13112"},{"taxonomy":"marcas","embeddable":true,"href":"https:\/\/dibosch.com\/es\/wp-json\/wp\/v2\/marcas?post=13112"},{"taxonomy":"certificats","embeddable":true,"href":"https:\/\/dibosch.com\/es\/wp-json\/wp\/v2\/certificats?post=13112"},{"taxonomy":"caracteristiques","embeddable":true,"href":"https:\/\/dibosch.com\/es\/wp-json\/wp\/v2\/caracteristiques?post=13112"},{"taxonomy":"tipus-productes","embeddable":true,"href":"https:\/\/dibosch.com\/es\/wp-json\/wp\/v2\/tipus-productes?post=13112"},{"taxonomy":"zona-aplicacio","embeddable":true,"href":"https:\/\/dibosch.com\/es\/wp-json\/wp\/v2\/zona-aplicacio?post=13112"},{"taxonomy":"tipus-maquinaria","embeddable":true,"href":"https:\/\/dibosch.com\/es\/wp-json\/wp\/v2\/tipus-maquinaria?post=13112"}],"curies":[{"name":"wp","href":"https:\/\/api.w.org\/{rel}","templated":true}]}}