{"id":13121,"date":"2022-12-07T10:52:57","date_gmt":"2022-12-07T10:52:57","guid":{"rendered":"https:\/\/www.dibosch.com\/producto\/cleangen-dms-bp10\/"},"modified":"2024-03-26T16:08:51","modified_gmt":"2024-03-26T16:08:51","slug":"cleangen-dms-bp10","status":"publish","type":"product","link":"https:\/\/dibosch.com\/es\/producto\/cleangen-dms-bp10\/","title":{"rendered":"CLEANGEN DMS BP10 &#8211; SUCITESA"},"content":{"rendered":"<p><strong>Caracter\u00edsticas del producto:<\/strong><\/p>\n<p>Elimina grasa y restos de comida. Gran eficacia y acci\u00f3n desengrasante. Evita la incrustaci\u00f3n de cal .Efecto llevataques. Protege el material. Reduce el desgaste. Excelentes resultados en vajilla, cuberter\u00eda, cristaler\u00eda, ollas, cacerolas y utensilios similares. Previene la incrustaci\u00f3n de la m\u00e1quina. Dureza del agua: hasta 25\u00ba HF.<\/p>\n<p>&nbsp;<\/p>\n<p><strong>Modo de empleo:<\/strong><\/p>\n<p>USO AUTOM\u00c1TICO. Equipos de dosificaci\u00f3n conectados a la maniobra de la m\u00e1quina.<br \/>\nDosis: 2-5 ml \/ litro en el ba\u00f1o de lavado.<br \/>\nTemperatura \u00f3ptima de lavado: 55-60 \u00baC.<\/p>\n<p>&nbsp;<\/p>\n<p><strong>Indicado para:<\/strong><\/p>\n<p>Lavavajillas industriales.<\/p>\n","protected":false},"excerpt":{"rendered":"<p>Detergente para m\u00e1quina lavavajillas, multiservicio<\/p>\n","protected":false},"featured_media":20804,"comment_status":"closed","ping_status":"closed","template":"","meta":[],"product_brand":[],"product_cat":[726,689,694],"product_tag":[],"marcas":[922],"certificats":[],"caracteristiques":[],"tipus-productes":[],"zona-aplicacio":[944],"tipus-maquinaria":[],"class_list":{"0":"post-13121","1":"product","2":"type-product","3":"status-publish","4":"has-post-thumbnail","6":"product_cat-lavavajillas-automatico","7":"product_cat-productos-de-limpieza","8":"product_cat-quimicos","9":"marcas-sucitesa-es","10":"zona-aplicacio-zona-cocina","12":"first","13":"instock","14":"product-type-simple"},"_links":{"self":[{"href":"https:\/\/dibosch.com\/es\/wp-json\/wp\/v2\/product\/13121","targetHints":{"allow":["GET"]}}],"collection":[{"href":"https:\/\/dibosch.com\/es\/wp-json\/wp\/v2\/product"}],"about":[{"href":"https:\/\/dibosch.com\/es\/wp-json\/wp\/v2\/types\/product"}],"replies":[{"embeddable":true,"href":"https:\/\/dibosch.com\/es\/wp-json\/wp\/v2\/comments?post=13121"}],"wp:featuredmedia":[{"embeddable":true,"href":"https:\/\/dibosch.com\/es\/wp-json\/wp\/v2\/media\/20804"}],"wp:attachment":[{"href":"https:\/\/dibosch.com\/es\/wp-json\/wp\/v2\/media?parent=13121"}],"wp:term":[{"taxonomy":"product_brand","embeddable":true,"href":"https:\/\/dibosch.com\/es\/wp-json\/wp\/v2\/product_brand?post=13121"},{"taxonomy":"product_cat","embeddable":true,"href":"https:\/\/dibosch.com\/es\/wp-json\/wp\/v2\/product_cat?post=13121"},{"taxonomy":"product_tag","embeddable":true,"href":"https:\/\/dibosch.com\/es\/wp-json\/wp\/v2\/product_tag?post=13121"},{"taxonomy":"marcas","embeddable":true,"href":"https:\/\/dibosch.com\/es\/wp-json\/wp\/v2\/marcas?post=13121"},{"taxonomy":"certificats","embeddable":true,"href":"https:\/\/dibosch.com\/es\/wp-json\/wp\/v2\/certificats?post=13121"},{"taxonomy":"caracteristiques","embeddable":true,"href":"https:\/\/dibosch.com\/es\/wp-json\/wp\/v2\/caracteristiques?post=13121"},{"taxonomy":"tipus-productes","embeddable":true,"href":"https:\/\/dibosch.com\/es\/wp-json\/wp\/v2\/tipus-productes?post=13121"},{"taxonomy":"zona-aplicacio","embeddable":true,"href":"https:\/\/dibosch.com\/es\/wp-json\/wp\/v2\/zona-aplicacio?post=13121"},{"taxonomy":"tipus-maquinaria","embeddable":true,"href":"https:\/\/dibosch.com\/es\/wp-json\/wp\/v2\/tipus-maquinaria?post=13121"}],"curies":[{"name":"wp","href":"https:\/\/api.w.org\/{rel}","templated":true}]}}