{"id":13127,"date":"2022-12-07T10:53:40","date_gmt":"2022-12-07T10:53:40","guid":{"rendered":"https:\/\/www.dibosch.com\/producto\/fd-divosan-2010-bp20\/"},"modified":"2024-03-26T16:08:53","modified_gmt":"2024-03-26T16:08:53","slug":"fd-divosan-2010-bp20","status":"publish","type":"product","link":"https:\/\/dibosch.com\/es\/producto\/fd-divosan-2010-bp20\/","title":{"rendered":"FD- DIVOSAN 2010 BP20 &#8211; DIVERSEY"},"content":{"rendered":"<p><strong>Caracter\u00edsticas del producto:<\/strong><\/p>\n<p>L\u00edquido transparente, de color amarillo. Alcalino<\/p>\n<p>Totalmente miscible en agua<\/p>\n<p>Sus soluciones no son espumantes y f\u00e1cilmente enjuagable. Desinfectante no selectivo.<\/p>\n<p>No corrosivo a las concentraciones de uso,<\/p>\n<p>Estable Ligero ataque sobre los metales blandos (Al, Zn , Fe, galvanizado, etc.)<\/p>\n<p>&nbsp;<\/p>\n<p><strong>Manual de uso:<\/strong><\/p>\n<p>Se emplea manualmente (*) y por recirculaci\u00f3n a una concentraci\u00f3n de 0,5-2% seg\u00fan problem\u00e1tica y aplicaci\u00f3n, temperatura ambiente y el tiempo depender\u00e1 del proceso<\/p>\n<p>(*) para esta aplicaci\u00f3n , prot\u00e9janse las manos con guantes adecuados. Como agente blanqueante se usa normalmente a 40-50 mls. de Divosan 2010 por litro de agua<\/p>\n<p>&nbsp;<\/p>\n<p><strong>Indicado para:<\/strong><\/p>\n<p>Limpieza y desinfecci\u00f3n de suelos y superficies inalterables al agua<\/p>\n","protected":false},"excerpt":{"rendered":"<p>Desinfectante clorado.<\/p>\n","protected":false},"featured_media":21323,"comment_status":"closed","ping_status":"closed","template":"","meta":[],"product_brand":[],"product_cat":[768,715,689],"product_tag":[],"marcas":[],"certificats":[933,934,932],"caracteristiques":[],"tipus-productes":[],"zona-aplicacio":[],"tipus-maquinaria":[],"class_list":{"0":"post-13127","1":"product","2":"type-product","3":"status-publish","4":"has-post-thumbnail","6":"product_cat-desinfectantes","7":"product_cat-especificos-para-industria-alimentaria","8":"product_cat-productos-de-limpieza","9":"certificats-bactericida-es","10":"certificats-fungicida-es","11":"certificats-ha-es","13":"first","14":"instock","15":"product-type-simple"},"_links":{"self":[{"href":"https:\/\/dibosch.com\/es\/wp-json\/wp\/v2\/product\/13127","targetHints":{"allow":["GET"]}}],"collection":[{"href":"https:\/\/dibosch.com\/es\/wp-json\/wp\/v2\/product"}],"about":[{"href":"https:\/\/dibosch.com\/es\/wp-json\/wp\/v2\/types\/product"}],"replies":[{"embeddable":true,"href":"https:\/\/dibosch.com\/es\/wp-json\/wp\/v2\/comments?post=13127"}],"wp:featuredmedia":[{"embeddable":true,"href":"https:\/\/dibosch.com\/es\/wp-json\/wp\/v2\/media\/21323"}],"wp:attachment":[{"href":"https:\/\/dibosch.com\/es\/wp-json\/wp\/v2\/media?parent=13127"}],"wp:term":[{"taxonomy":"product_brand","embeddable":true,"href":"https:\/\/dibosch.com\/es\/wp-json\/wp\/v2\/product_brand?post=13127"},{"taxonomy":"product_cat","embeddable":true,"href":"https:\/\/dibosch.com\/es\/wp-json\/wp\/v2\/product_cat?post=13127"},{"taxonomy":"product_tag","embeddable":true,"href":"https:\/\/dibosch.com\/es\/wp-json\/wp\/v2\/product_tag?post=13127"},{"taxonomy":"marcas","embeddable":true,"href":"https:\/\/dibosch.com\/es\/wp-json\/wp\/v2\/marcas?post=13127"},{"taxonomy":"certificats","embeddable":true,"href":"https:\/\/dibosch.com\/es\/wp-json\/wp\/v2\/certificats?post=13127"},{"taxonomy":"caracteristiques","embeddable":true,"href":"https:\/\/dibosch.com\/es\/wp-json\/wp\/v2\/caracteristiques?post=13127"},{"taxonomy":"tipus-productes","embeddable":true,"href":"https:\/\/dibosch.com\/es\/wp-json\/wp\/v2\/tipus-productes?post=13127"},{"taxonomy":"zona-aplicacio","embeddable":true,"href":"https:\/\/dibosch.com\/es\/wp-json\/wp\/v2\/zona-aplicacio?post=13127"},{"taxonomy":"tipus-maquinaria","embeddable":true,"href":"https:\/\/dibosch.com\/es\/wp-json\/wp\/v2\/tipus-maquinaria?post=13127"}],"curies":[{"name":"wp","href":"https:\/\/api.w.org\/{rel}","templated":true}]}}