{"id":13136,"date":"2022-12-07T10:52:50","date_gmt":"2022-12-07T10:52:50","guid":{"rendered":"https:\/\/www.dibosch.com\/producto\/fd-divosan-2011-bp20\/"},"modified":"2025-09-24T07:39:32","modified_gmt":"2025-09-24T07:39:32","slug":"fd-divosan-2011-bp20","status":"publish","type":"product","link":"https:\/\/dibosch.com\/es\/producto\/fd-divosan-2011-bp20\/","title":{"rendered":"FD- DIVOSAN 2011 BP20 &#8211; DIVERSEY"},"content":{"rendered":"<p><strong>Caracter\u00edsticas del producto:<\/strong><\/p>\n<p>Divosan 2011 es un producto l\u00edquido clorado utilizado en la cloraci\u00f3n de aguas de red para el consumo humano.<\/p>\n<p>Divosan 2011 es un coadyuvante tecnol\u00f3gico para la higiene de productos alimenticios de 4\u00aagama<\/p>\n<p>&nbsp;<\/p>\n<p><strong>Manual de uso:<\/strong><\/p>\n<p>Para disponer de 3 ppm de cloro activo en el agua dosificar 5 gr de Divosan 2011 por cada 100 litros de agua (50 gr\/m3).<\/p>\n<p>Como Coadyuvante tecnol\u00f3gico: Aplicar sobre el ba\u00f1o de lavado a una dosis m\u00e1xima de cloro libre de 80 ppm (0,15% Divosan 2011 aprox.).<\/p>\n<p>Deben controlarse los residuos de componentes organoclorados en los ba\u00f1os para no superar la concentraci\u00f3n de 100 microgramo\/kg de compuestos organohalogenados.<\/p>\n<p>Las frutas y vegetales deben ser enjuagadas obligatoria y abundantemente con agua potable despu\u00e9s del tratamiento.<\/p>\n<p>&nbsp;<\/p>\n<p><strong>Indicado para:<\/strong><\/p>\n<p>Cloraci\u00f3n de aguas<\/p>\n","protected":false},"excerpt":{"rendered":"<p>Producto para la cloraci\u00f3n de aguas<\/p>\n","protected":false},"featured_media":21328,"comment_status":"closed","ping_status":"closed","template":"","meta":[],"product_brand":[],"product_cat":[768,715,689],"product_tag":[],"marcas":[],"certificats":[933,934,932],"caracteristiques":[],"tipus-productes":[],"zona-aplicacio":[],"tipus-maquinaria":[],"class_list":{"0":"post-13136","1":"product","2":"type-product","3":"status-publish","4":"has-post-thumbnail","6":"product_cat-desinfectantes","7":"product_cat-especificos-para-industria-alimentaria","8":"product_cat-productos-de-limpieza","9":"certificats-bactericida-es","10":"certificats-fungicida-es","11":"certificats-ha-es","13":"first","14":"instock","15":"product-type-simple"},"_links":{"self":[{"href":"https:\/\/dibosch.com\/es\/wp-json\/wp\/v2\/product\/13136","targetHints":{"allow":["GET"]}}],"collection":[{"href":"https:\/\/dibosch.com\/es\/wp-json\/wp\/v2\/product"}],"about":[{"href":"https:\/\/dibosch.com\/es\/wp-json\/wp\/v2\/types\/product"}],"replies":[{"embeddable":true,"href":"https:\/\/dibosch.com\/es\/wp-json\/wp\/v2\/comments?post=13136"}],"wp:featuredmedia":[{"embeddable":true,"href":"https:\/\/dibosch.com\/es\/wp-json\/wp\/v2\/media\/21328"}],"wp:attachment":[{"href":"https:\/\/dibosch.com\/es\/wp-json\/wp\/v2\/media?parent=13136"}],"wp:term":[{"taxonomy":"product_brand","embeddable":true,"href":"https:\/\/dibosch.com\/es\/wp-json\/wp\/v2\/product_brand?post=13136"},{"taxonomy":"product_cat","embeddable":true,"href":"https:\/\/dibosch.com\/es\/wp-json\/wp\/v2\/product_cat?post=13136"},{"taxonomy":"product_tag","embeddable":true,"href":"https:\/\/dibosch.com\/es\/wp-json\/wp\/v2\/product_tag?post=13136"},{"taxonomy":"marcas","embeddable":true,"href":"https:\/\/dibosch.com\/es\/wp-json\/wp\/v2\/marcas?post=13136"},{"taxonomy":"certificats","embeddable":true,"href":"https:\/\/dibosch.com\/es\/wp-json\/wp\/v2\/certificats?post=13136"},{"taxonomy":"caracteristiques","embeddable":true,"href":"https:\/\/dibosch.com\/es\/wp-json\/wp\/v2\/caracteristiques?post=13136"},{"taxonomy":"tipus-productes","embeddable":true,"href":"https:\/\/dibosch.com\/es\/wp-json\/wp\/v2\/tipus-productes?post=13136"},{"taxonomy":"zona-aplicacio","embeddable":true,"href":"https:\/\/dibosch.com\/es\/wp-json\/wp\/v2\/zona-aplicacio?post=13136"},{"taxonomy":"tipus-maquinaria","embeddable":true,"href":"https:\/\/dibosch.com\/es\/wp-json\/wp\/v2\/tipus-maquinaria?post=13136"}],"curies":[{"name":"wp","href":"https:\/\/api.w.org\/{rel}","templated":true}]}}