{"id":13163,"date":"2022-12-07T10:54:33","date_gmt":"2022-12-07T10:54:33","guid":{"rendered":"https:\/\/www.dibosch.com\/producto\/fd-hypofoam-bp20\/"},"modified":"2025-09-24T08:49:46","modified_gmt":"2025-09-24T08:49:46","slug":"fd-hypofoam-bp20","status":"publish","type":"product","link":"https:\/\/dibosch.com\/es\/producto\/fd-hypofoam-bp20\/","title":{"rendered":"FD- HYPOFOAM BP20 &#8211; DIVERSEY"},"content":{"rendered":"<p><strong>Caracter\u00edsticas producto:<\/strong><\/p>\n<p>Hypofoam es un detergente desinfectante espumante alcalino con base c\u00e1ustica, que contiene un elevado nivel de hipoclorito y una mezcla de agentes secuestrantes, tensioactivos y humectantes. Es muy efectivo contra un amplio rango de residuos de alimentos, incluidas grasas animales y vegetales, sangre y prote\u00ednas. Adem\u00e1s, su alto contenido en cloro elimina r\u00e1pidamente los residuos org\u00e1nicos y vegetales, y ayuda a prevenir el desarrollo de pel\u00edculas proteicas.<\/p>\n<p><strong>Modo de empleo:<\/strong><\/p>\n<p>Hypofoam se usa a concentraciones entre 1 10% v\/v dependiendo del tipo y grado de suciedad a eliminar y seg\u00fan problem\u00e1tica. Para m\u00e1s detalles consultar Plan de Higiene.<\/p>\n<p>&nbsp;<\/p>\n<p><strong>Indicado para:<\/strong><\/p>\n<p>Est\u00e1 recomendado para la limpieza y desinfecci\u00f3n diaria en plantas de procesado de vegetales, conservas, vino y bebidas refrescantes. Adem\u00e1s es adecuado para aplicaciones donde exista elevada suciedad proteica como mataderos, procesado de aves y conservas de pescado. Puede aplicarse sobre suelos, paredes, tablas de corte, llenadoras, cintas de transporte y otros equipos de proceso.<\/p>\n","protected":false},"excerpt":{"rendered":"<p>Autoespumante con elevado nivel de cloro.<\/p>\n","protected":false},"featured_media":21462,"comment_status":"closed","ping_status":"closed","template":"","meta":[],"product_brand":[],"product_cat":[762,715,689],"product_tag":[],"marcas":[],"certificats":[933,934,932],"caracteristiques":[],"tipus-productes":[],"zona-aplicacio":[],"tipus-maquinaria":[],"class_list":{"0":"post-13163","1":"product","2":"type-product","3":"status-publish","4":"has-post-thumbnail","6":"product_cat-alcalinos-desinfectantes-espumante","7":"product_cat-especificos-para-industria-alimentaria","8":"product_cat-productos-de-limpieza","9":"certificats-bactericida-es","10":"certificats-fungicida-es","11":"certificats-ha-es","13":"first","14":"instock","15":"product-type-simple"},"_links":{"self":[{"href":"https:\/\/dibosch.com\/es\/wp-json\/wp\/v2\/product\/13163","targetHints":{"allow":["GET"]}}],"collection":[{"href":"https:\/\/dibosch.com\/es\/wp-json\/wp\/v2\/product"}],"about":[{"href":"https:\/\/dibosch.com\/es\/wp-json\/wp\/v2\/types\/product"}],"replies":[{"embeddable":true,"href":"https:\/\/dibosch.com\/es\/wp-json\/wp\/v2\/comments?post=13163"}],"wp:featuredmedia":[{"embeddable":true,"href":"https:\/\/dibosch.com\/es\/wp-json\/wp\/v2\/media\/21462"}],"wp:attachment":[{"href":"https:\/\/dibosch.com\/es\/wp-json\/wp\/v2\/media?parent=13163"}],"wp:term":[{"taxonomy":"product_brand","embeddable":true,"href":"https:\/\/dibosch.com\/es\/wp-json\/wp\/v2\/product_brand?post=13163"},{"taxonomy":"product_cat","embeddable":true,"href":"https:\/\/dibosch.com\/es\/wp-json\/wp\/v2\/product_cat?post=13163"},{"taxonomy":"product_tag","embeddable":true,"href":"https:\/\/dibosch.com\/es\/wp-json\/wp\/v2\/product_tag?post=13163"},{"taxonomy":"marcas","embeddable":true,"href":"https:\/\/dibosch.com\/es\/wp-json\/wp\/v2\/marcas?post=13163"},{"taxonomy":"certificats","embeddable":true,"href":"https:\/\/dibosch.com\/es\/wp-json\/wp\/v2\/certificats?post=13163"},{"taxonomy":"caracteristiques","embeddable":true,"href":"https:\/\/dibosch.com\/es\/wp-json\/wp\/v2\/caracteristiques?post=13163"},{"taxonomy":"tipus-productes","embeddable":true,"href":"https:\/\/dibosch.com\/es\/wp-json\/wp\/v2\/tipus-productes?post=13163"},{"taxonomy":"zona-aplicacio","embeddable":true,"href":"https:\/\/dibosch.com\/es\/wp-json\/wp\/v2\/zona-aplicacio?post=13163"},{"taxonomy":"tipus-maquinaria","embeddable":true,"href":"https:\/\/dibosch.com\/es\/wp-json\/wp\/v2\/tipus-maquinaria?post=13163"}],"curies":[{"name":"wp","href":"https:\/\/api.w.org\/{rel}","templated":true}]}}