{"id":13170,"date":"2022-12-07T10:53:47","date_gmt":"2022-12-07T10:53:47","guid":{"rendered":"https:\/\/www.dibosch.com\/producto\/acuagen-ic-herbal-bp5\/"},"modified":"2024-03-26T16:09:04","modified_gmt":"2024-03-26T16:09:04","slug":"aquagen-ic-herbal-bp5","status":"publish","type":"product","link":"https:\/\/dibosch.com\/es\/producto\/aquagen-ic-herbal-bp5\/","title":{"rendered":"AQUAGEN IC HERBAL BP5 &#8211; SUCITESA"},"content":{"rendered":"<p><strong>Caracter\u00edsticas del producto:<\/strong><\/p>\n<p>Limpiador con bioalcohol. Secado r\u00e1pido. Sin rastros ni marcas. Aporta una fragancia fresca y sutil, que crea sensaci\u00f3n de limpieza. Realza y conserva el brillo original del suelo. Efecto ambientador. Producto VEGANO. F\u00f3rmula que no contiene ning\u00fan ingrediente de origen animal.<\/p>\n<p>&nbsp;<\/p>\n<p><strong>Modo de empleo:<\/strong><\/p>\n<p>SUELOS: Dosificar 2-10 ml\/l de producto en agua. Fregar del modo habitual.<\/p>\n<p>&nbsp;<\/p>\n<p><strong>Indicado para:<\/strong><\/p>\n<p>Suelos. PVC, caucho, terrazo, m\u00e1rmol, cer\u00e1mica, baldosas y similares.<\/p>\n","protected":false},"excerpt":{"rendered":"<p>L\u00edquido ambientador. Aroma herbal.<\/p>\n","protected":false},"featured_media":26831,"comment_status":"closed","ping_status":"closed","template":"","meta":[],"product_brand":[],"product_cat":[785,689,694],"product_tag":[],"marcas":[922],"certificats":[],"caracteristiques":[],"tipus-productes":[],"zona-aplicacio":[948,946],"tipus-maquinaria":[],"class_list":{"0":"post-13170","1":"product","2":"type-product","3":"status-publish","4":"has-post-thumbnail","6":"product_cat-fregasuelos","7":"product_cat-productos-de-limpieza","8":"product_cat-quimicos","9":"marcas-sucitesa-es","10":"zona-aplicacio-zona-habitaciones","11":"zona-aplicacio-zonas-comunes","13":"first","14":"instock","15":"product-type-simple"},"_links":{"self":[{"href":"https:\/\/dibosch.com\/es\/wp-json\/wp\/v2\/product\/13170","targetHints":{"allow":["GET"]}}],"collection":[{"href":"https:\/\/dibosch.com\/es\/wp-json\/wp\/v2\/product"}],"about":[{"href":"https:\/\/dibosch.com\/es\/wp-json\/wp\/v2\/types\/product"}],"replies":[{"embeddable":true,"href":"https:\/\/dibosch.com\/es\/wp-json\/wp\/v2\/comments?post=13170"}],"wp:featuredmedia":[{"embeddable":true,"href":"https:\/\/dibosch.com\/es\/wp-json\/wp\/v2\/media\/26831"}],"wp:attachment":[{"href":"https:\/\/dibosch.com\/es\/wp-json\/wp\/v2\/media?parent=13170"}],"wp:term":[{"taxonomy":"product_brand","embeddable":true,"href":"https:\/\/dibosch.com\/es\/wp-json\/wp\/v2\/product_brand?post=13170"},{"taxonomy":"product_cat","embeddable":true,"href":"https:\/\/dibosch.com\/es\/wp-json\/wp\/v2\/product_cat?post=13170"},{"taxonomy":"product_tag","embeddable":true,"href":"https:\/\/dibosch.com\/es\/wp-json\/wp\/v2\/product_tag?post=13170"},{"taxonomy":"marcas","embeddable":true,"href":"https:\/\/dibosch.com\/es\/wp-json\/wp\/v2\/marcas?post=13170"},{"taxonomy":"certificats","embeddable":true,"href":"https:\/\/dibosch.com\/es\/wp-json\/wp\/v2\/certificats?post=13170"},{"taxonomy":"caracteristiques","embeddable":true,"href":"https:\/\/dibosch.com\/es\/wp-json\/wp\/v2\/caracteristiques?post=13170"},{"taxonomy":"tipus-productes","embeddable":true,"href":"https:\/\/dibosch.com\/es\/wp-json\/wp\/v2\/tipus-productes?post=13170"},{"taxonomy":"zona-aplicacio","embeddable":true,"href":"https:\/\/dibosch.com\/es\/wp-json\/wp\/v2\/zona-aplicacio?post=13170"},{"taxonomy":"tipus-maquinaria","embeddable":true,"href":"https:\/\/dibosch.com\/es\/wp-json\/wp\/v2\/tipus-maquinaria?post=13170"}],"curies":[{"name":"wp","href":"https:\/\/api.w.org\/{rel}","templated":true}]}}