{"id":13186,"date":"2022-12-07T10:54:27","date_gmt":"2022-12-07T10:54:27","guid":{"rendered":"https:\/\/www.dibosch.com\/producto\/m-hurrikane-24-5-5hp-vs\/"},"modified":"2024-11-14T11:17:45","modified_gmt":"2024-11-14T11:17:45","slug":"m-hurrikane-24-5-5hp-vs","status":"publish","type":"product","link":"https:\/\/dibosch.com\/es\/producto\/m-hurrikane-24-5-5hp-vs\/","title":{"rendered":"M-HURRIKANE 24&#8243; 5.5HP VS &#8211; KLINDEX"},"content":{"rendered":"<p>Dotada de un motor el\u00e9ctrico muy potente para pulir y abrillantar grandes superficies. F\u00e1cil de utilizar.<\/p>\n<p>Entre las muchas ventajas que hay respeto a las m\u00e1quinas de propano una es su sencillez de encendido, simplemente conect\u00e1ndola a la red el\u00e9ctrica. No necesita comprar y transportar propano, ning\u00fan problema de seguridad. Autonom\u00eda ilimitada.<\/p>\n<p>En muchos pa\u00edses las m\u00e1quinas a propano no se pueden utilizar al cubierto. HURRIKANE se puede utilizar en todo el mundo al aire libre o al cubierto.<\/p>\n<p>Ning\u00fan problema de altitud y no necesita de ADR para el transporte.<\/p>\n","protected":false},"excerpt":{"rendered":"<p>Dotada de un motor el\u00e9ctrico muy potente para pulir y abrillantar grandes superficies. F\u00e1cil de utilizar. Entre las muchas ventajas que hay respeto a las m\u00e1quinas de propano una es su sencillez de encendido, simplemente conect\u00e1ndola a la red el\u00e9ctrica. No necesita comprar y transportar propano, ning\u00fan problema de seguridad. Autonom\u00eda ilimitada. En muchos pa\u00edses [&hellip;]<\/p>\n","protected":false},"featured_media":24845,"comment_status":"closed","ping_status":"closed","template":"","meta":[],"product_brand":[],"product_cat":[577,778],"product_tag":[],"marcas":[927],"certificats":[],"caracteristiques":[],"tipus-productes":[],"zona-aplicacio":[],"tipus-maquinaria":[],"class_list":{"0":"post-13186","1":"product","2":"type-product","3":"status-publish","4":"has-post-thumbnail","6":"product_cat-maquinas","7":"product_cat-rotativas","8":"marcas-klindex-es","10":"first","11":"instock","12":"product-type-simple"},"_links":{"self":[{"href":"https:\/\/dibosch.com\/es\/wp-json\/wp\/v2\/product\/13186","targetHints":{"allow":["GET"]}}],"collection":[{"href":"https:\/\/dibosch.com\/es\/wp-json\/wp\/v2\/product"}],"about":[{"href":"https:\/\/dibosch.com\/es\/wp-json\/wp\/v2\/types\/product"}],"replies":[{"embeddable":true,"href":"https:\/\/dibosch.com\/es\/wp-json\/wp\/v2\/comments?post=13186"}],"wp:featuredmedia":[{"embeddable":true,"href":"https:\/\/dibosch.com\/es\/wp-json\/wp\/v2\/media\/24845"}],"wp:attachment":[{"href":"https:\/\/dibosch.com\/es\/wp-json\/wp\/v2\/media?parent=13186"}],"wp:term":[{"taxonomy":"product_brand","embeddable":true,"href":"https:\/\/dibosch.com\/es\/wp-json\/wp\/v2\/product_brand?post=13186"},{"taxonomy":"product_cat","embeddable":true,"href":"https:\/\/dibosch.com\/es\/wp-json\/wp\/v2\/product_cat?post=13186"},{"taxonomy":"product_tag","embeddable":true,"href":"https:\/\/dibosch.com\/es\/wp-json\/wp\/v2\/product_tag?post=13186"},{"taxonomy":"marcas","embeddable":true,"href":"https:\/\/dibosch.com\/es\/wp-json\/wp\/v2\/marcas?post=13186"},{"taxonomy":"certificats","embeddable":true,"href":"https:\/\/dibosch.com\/es\/wp-json\/wp\/v2\/certificats?post=13186"},{"taxonomy":"caracteristiques","embeddable":true,"href":"https:\/\/dibosch.com\/es\/wp-json\/wp\/v2\/caracteristiques?post=13186"},{"taxonomy":"tipus-productes","embeddable":true,"href":"https:\/\/dibosch.com\/es\/wp-json\/wp\/v2\/tipus-productes?post=13186"},{"taxonomy":"zona-aplicacio","embeddable":true,"href":"https:\/\/dibosch.com\/es\/wp-json\/wp\/v2\/zona-aplicacio?post=13186"},{"taxonomy":"tipus-maquinaria","embeddable":true,"href":"https:\/\/dibosch.com\/es\/wp-json\/wp\/v2\/tipus-maquinaria?post=13186"}],"curies":[{"name":"wp","href":"https:\/\/api.w.org\/{rel}","templated":true}]}}