{"id":13190,"date":"2022-12-07T10:53:52","date_gmt":"2022-12-07T10:53:52","guid":{"rendered":"https:\/\/www.dibosch.com\/producto\/ambigen-manzana-bp5\/"},"modified":"2024-03-26T16:09:08","modified_gmt":"2024-03-26T16:09:08","slug":"ambigen-manzana-bp5","status":"publish","type":"product","link":"https:\/\/dibosch.com\/es\/producto\/ambigen-manzana-bp5\/","title":{"rendered":"AMBIGEN MANZANA BP5 &#8211; SUCITESA"},"content":{"rendered":"<p><strong>Caracter\u00edsticas del producto:<\/strong><\/p>\n<p>Fragancia fresca a manzana verde. Aroma afrutado con toques c\u00edtricos. Mejora el ambiente y la calidad del aire .Incorpora la Tecnolog\u00eda DEODOR. Neutraliza olores desagradables sin enmascararlos. Elevada concentraci\u00f3n de perfume. Efecto long-lasting<\/p>\n<p>&nbsp;<\/p>\n<p><strong>Modo de empleo:<\/strong><\/p>\n<ul>\n<li>USO MANUAL. Rellenar la botella pulverizadora.<\/li>\n<li>USO AUTOM\u00c1TICO. Sistema AIR MATIC de dosificaci\u00f3n.<\/li>\n<li>AMBIENTE: Pulverizar hacia arriba y en todas direcciones. Evitar hacerlo sobre alimentos y utensilios de cocina. Climatizadores: Pulverizar la rejilla de salida de aire.<br \/>\nBid\u00f3n 5L.<\/li>\n<\/ul>\n<p>&nbsp;<\/p>\n<p><strong>Indicado para:<\/strong><\/p>\n<p>Ambientaci\u00f3n y control del olor. Espacios que precisen ambientaci\u00f3n personalizada. Creaci\u00f3n de ambientes corporativos.<\/p>\n","protected":false},"excerpt":{"rendered":"<p>Ambientador desodorizante. Aroma manzana.<\/p>\n","protected":false},"featured_media":9668,"comment_status":"closed","ping_status":"closed","template":"","meta":[],"product_brand":[],"product_cat":[733,689,694],"product_tag":[],"marcas":[922],"certificats":[],"caracteristiques":[],"tipus-productes":[],"zona-aplicacio":[948,946],"tipus-maquinaria":[],"class_list":{"0":"post-13190","1":"product","2":"type-product","3":"status-publish","4":"has-post-thumbnail","6":"product_cat-ambientadores","7":"product_cat-productos-de-limpieza","8":"product_cat-quimicos","9":"marcas-sucitesa-es","10":"zona-aplicacio-zona-habitaciones","11":"zona-aplicacio-zonas-comunes","13":"first","14":"instock","15":"product-type-simple"},"_links":{"self":[{"href":"https:\/\/dibosch.com\/es\/wp-json\/wp\/v2\/product\/13190","targetHints":{"allow":["GET"]}}],"collection":[{"href":"https:\/\/dibosch.com\/es\/wp-json\/wp\/v2\/product"}],"about":[{"href":"https:\/\/dibosch.com\/es\/wp-json\/wp\/v2\/types\/product"}],"replies":[{"embeddable":true,"href":"https:\/\/dibosch.com\/es\/wp-json\/wp\/v2\/comments?post=13190"}],"wp:featuredmedia":[{"embeddable":true,"href":"https:\/\/dibosch.com\/es\/wp-json\/wp\/v2\/media\/9668"}],"wp:attachment":[{"href":"https:\/\/dibosch.com\/es\/wp-json\/wp\/v2\/media?parent=13190"}],"wp:term":[{"taxonomy":"product_brand","embeddable":true,"href":"https:\/\/dibosch.com\/es\/wp-json\/wp\/v2\/product_brand?post=13190"},{"taxonomy":"product_cat","embeddable":true,"href":"https:\/\/dibosch.com\/es\/wp-json\/wp\/v2\/product_cat?post=13190"},{"taxonomy":"product_tag","embeddable":true,"href":"https:\/\/dibosch.com\/es\/wp-json\/wp\/v2\/product_tag?post=13190"},{"taxonomy":"marcas","embeddable":true,"href":"https:\/\/dibosch.com\/es\/wp-json\/wp\/v2\/marcas?post=13190"},{"taxonomy":"certificats","embeddable":true,"href":"https:\/\/dibosch.com\/es\/wp-json\/wp\/v2\/certificats?post=13190"},{"taxonomy":"caracteristiques","embeddable":true,"href":"https:\/\/dibosch.com\/es\/wp-json\/wp\/v2\/caracteristiques?post=13190"},{"taxonomy":"tipus-productes","embeddable":true,"href":"https:\/\/dibosch.com\/es\/wp-json\/wp\/v2\/tipus-productes?post=13190"},{"taxonomy":"zona-aplicacio","embeddable":true,"href":"https:\/\/dibosch.com\/es\/wp-json\/wp\/v2\/zona-aplicacio?post=13190"},{"taxonomy":"tipus-maquinaria","embeddable":true,"href":"https:\/\/dibosch.com\/es\/wp-json\/wp\/v2\/tipus-maquinaria?post=13190"}],"curies":[{"name":"wp","href":"https:\/\/api.w.org\/{rel}","templated":true}]}}