{"id":13198,"date":"2022-12-07T10:54:33","date_gmt":"2022-12-07T10:54:33","guid":{"rendered":"https:\/\/www.dibosch.com\/producto\/limpero-ultra-enzym-bp5\/"},"modified":"2024-03-26T16:09:10","modified_gmt":"2024-03-26T16:09:10","slug":"limper-ultra-enzym-bp5","status":"publish","type":"product","link":"https:\/\/dibosch.com\/es\/producto\/limper-ultra-enzym-bp5\/","title":{"rendered":"LIMPER ULTRA ENZYM BP5 &#8211; PAHES LIMPER"},"content":{"rendered":"<p><strong>Caracter\u00edsticas del producto:<\/strong><\/p>\n<p>Est\u00e1 formulado a base de enzimas de alto rendimiento muy indicadas para la eliminaci\u00f3n de los malos olores. Esta formulaci\u00f3n est\u00e1 pensada para trabajar a dosis muy bajas para reducir notablemente el consumo de productos sin perder la calidad de limpieza y blancura que ofrecen siempre nuestros detergentes y sistemas de lavado.<\/p>\n<p>&nbsp;<\/p>\n<p><strong>Manual de uso:<\/strong><\/p>\n<p>Dosificaci\u00f3n: De 1,5 a 6 gr.\/kg.<\/p>\n<p>&nbsp;<\/p>\n<p><strong>Indicado para:<\/strong><\/p>\n<p>Detergente enzim\u00e1tico principal de nuestro Sistema de Lavado COMPACT, pensado especialmente para residencias y hoteles con el objetivo de minimizar la cantidad de productos que intervienen en el lavado y as\u00ed reducir espacio, consumos y residuos.<\/p>\n","protected":false},"excerpt":{"rendered":"<p>Detergente l\u00edquido enzim\u00e1tico concentrado.<\/p>\n","protected":false},"featured_media":21021,"comment_status":"closed","ping_status":"closed","template":"","meta":[],"product_brand":[],"product_cat":[691,690,689],"product_tag":[],"marcas":[],"certificats":[],"caracteristiques":[939],"tipus-productes":[],"zona-aplicacio":[],"tipus-maquinaria":[],"class_list":{"0":"post-13198","1":"product","2":"type-product","3":"status-publish","4":"has-post-thumbnail","6":"product_cat-detergentes","7":"product_cat-especificos-para-lavanderia","8":"product_cat-productos-de-limpieza","9":"caracteristiques-concentrados-es","11":"first","12":"instock","13":"product-type-simple"},"_links":{"self":[{"href":"https:\/\/dibosch.com\/es\/wp-json\/wp\/v2\/product\/13198","targetHints":{"allow":["GET"]}}],"collection":[{"href":"https:\/\/dibosch.com\/es\/wp-json\/wp\/v2\/product"}],"about":[{"href":"https:\/\/dibosch.com\/es\/wp-json\/wp\/v2\/types\/product"}],"replies":[{"embeddable":true,"href":"https:\/\/dibosch.com\/es\/wp-json\/wp\/v2\/comments?post=13198"}],"wp:featuredmedia":[{"embeddable":true,"href":"https:\/\/dibosch.com\/es\/wp-json\/wp\/v2\/media\/21021"}],"wp:attachment":[{"href":"https:\/\/dibosch.com\/es\/wp-json\/wp\/v2\/media?parent=13198"}],"wp:term":[{"taxonomy":"product_brand","embeddable":true,"href":"https:\/\/dibosch.com\/es\/wp-json\/wp\/v2\/product_brand?post=13198"},{"taxonomy":"product_cat","embeddable":true,"href":"https:\/\/dibosch.com\/es\/wp-json\/wp\/v2\/product_cat?post=13198"},{"taxonomy":"product_tag","embeddable":true,"href":"https:\/\/dibosch.com\/es\/wp-json\/wp\/v2\/product_tag?post=13198"},{"taxonomy":"marcas","embeddable":true,"href":"https:\/\/dibosch.com\/es\/wp-json\/wp\/v2\/marcas?post=13198"},{"taxonomy":"certificats","embeddable":true,"href":"https:\/\/dibosch.com\/es\/wp-json\/wp\/v2\/certificats?post=13198"},{"taxonomy":"caracteristiques","embeddable":true,"href":"https:\/\/dibosch.com\/es\/wp-json\/wp\/v2\/caracteristiques?post=13198"},{"taxonomy":"tipus-productes","embeddable":true,"href":"https:\/\/dibosch.com\/es\/wp-json\/wp\/v2\/tipus-productes?post=13198"},{"taxonomy":"zona-aplicacio","embeddable":true,"href":"https:\/\/dibosch.com\/es\/wp-json\/wp\/v2\/zona-aplicacio?post=13198"},{"taxonomy":"tipus-maquinaria","embeddable":true,"href":"https:\/\/dibosch.com\/es\/wp-json\/wp\/v2\/tipus-maquinaria?post=13198"}],"curies":[{"name":"wp","href":"https:\/\/api.w.org\/{rel}","templated":true}]}}