{"id":13209,"date":"2022-12-07T10:55:31","date_gmt":"2022-12-07T10:55:31","guid":{"rendered":"https:\/\/www.dibosch.com\/producto\/m-polish-kp85-bp5\/"},"modified":"2025-09-24T09:55:05","modified_gmt":"2025-09-24T09:55:05","slug":"m-polish-kp85-bp5","status":"publish","type":"product","link":"https:\/\/dibosch.com\/es\/producto\/m-polish-kp85-bp5\/","title":{"rendered":"POLISH KP85 BP5 &#8211; KLINDEX"},"content":{"rendered":"<p><strong>Caracter\u00edsticas del producto:<\/strong><\/p>\n<p>El mejor polvo para pulir m\u00e1rmol y granito. Para m\u00e1rmoles normales o calc\u00e1reos. Excelente tanto para el pulido despu\u00e9s del lijado como para el mantenimiento y lavado de suelos.<\/p>\n<p>POLISH KP85 no es simplemente un excelente polvo para pulir, sino que tambi\u00e9n es un excelente producto para el mantenimiento de superficies duras.<\/p>\n<p>Limpia y pule r\u00e1pidamente una amplia gama de superficies, como m\u00e1rmol, granito, porcelana y vidrio. Es un excelente abrasivo que, mezclado con agua, elimina f\u00e1cilmente las manchas incrustadas.<\/p>\n<p>&nbsp;<\/p>\n<p><strong>Manual de uso:<\/strong><\/p>\n<p>Extender una peque\u00f1a cantidad de POLISH KP80 en el suelo (unos 100gr) y a\u00f1adir un poco de agua. Usando Discolux o un disco blanco debajo de una pulidora normal, forme una crema tipo yogur y trabaje hasta que quede brillante.<\/p>\n<p>De vez en cuando a\u00f1ade m\u00e1s pulimento y un poco de agua. Al final del trabajo, lavar abundantemente con agua utilizando un disco blanco. Cuando el piso est\u00e9 seco, pulir con una almohadilla blanca o con Discolux.<\/p>\n<p>&nbsp;<\/p>\n<p><strong>Indicado para:<\/strong><\/p>\n<p>Espec\u00edfico para uso en cocinas, restaurantes, centros comerciales y para todas las superficies de piedra.<\/p>\n","protected":false},"excerpt":{"rendered":"<p>Pulso para lustrar m\u00e1rmoles y granitos.<\/p>\n","protected":false},"featured_media":9971,"comment_status":"closed","ping_status":"closed","template":"","meta":[],"product_brand":[],"product_cat":[689,765,792],"product_tag":[],"marcas":[927],"certificats":[],"caracteristiques":[],"tipus-productes":[],"zona-aplicacio":[],"tipus-maquinaria":[],"class_list":{"0":"post-13209","1":"product","2":"type-product","3":"status-publish","4":"has-post-thumbnail","6":"product_cat-productos-de-limpieza","7":"product_cat-quimicos-maquinaria","8":"product_cat-tratamiento-de-tierras","9":"marcas-klindex-es","11":"first","12":"instock","13":"product-type-simple"},"_links":{"self":[{"href":"https:\/\/dibosch.com\/es\/wp-json\/wp\/v2\/product\/13209","targetHints":{"allow":["GET"]}}],"collection":[{"href":"https:\/\/dibosch.com\/es\/wp-json\/wp\/v2\/product"}],"about":[{"href":"https:\/\/dibosch.com\/es\/wp-json\/wp\/v2\/types\/product"}],"replies":[{"embeddable":true,"href":"https:\/\/dibosch.com\/es\/wp-json\/wp\/v2\/comments?post=13209"}],"wp:featuredmedia":[{"embeddable":true,"href":"https:\/\/dibosch.com\/es\/wp-json\/wp\/v2\/media\/9971"}],"wp:attachment":[{"href":"https:\/\/dibosch.com\/es\/wp-json\/wp\/v2\/media?parent=13209"}],"wp:term":[{"taxonomy":"product_brand","embeddable":true,"href":"https:\/\/dibosch.com\/es\/wp-json\/wp\/v2\/product_brand?post=13209"},{"taxonomy":"product_cat","embeddable":true,"href":"https:\/\/dibosch.com\/es\/wp-json\/wp\/v2\/product_cat?post=13209"},{"taxonomy":"product_tag","embeddable":true,"href":"https:\/\/dibosch.com\/es\/wp-json\/wp\/v2\/product_tag?post=13209"},{"taxonomy":"marcas","embeddable":true,"href":"https:\/\/dibosch.com\/es\/wp-json\/wp\/v2\/marcas?post=13209"},{"taxonomy":"certificats","embeddable":true,"href":"https:\/\/dibosch.com\/es\/wp-json\/wp\/v2\/certificats?post=13209"},{"taxonomy":"caracteristiques","embeddable":true,"href":"https:\/\/dibosch.com\/es\/wp-json\/wp\/v2\/caracteristiques?post=13209"},{"taxonomy":"tipus-productes","embeddable":true,"href":"https:\/\/dibosch.com\/es\/wp-json\/wp\/v2\/tipus-productes?post=13209"},{"taxonomy":"zona-aplicacio","embeddable":true,"href":"https:\/\/dibosch.com\/es\/wp-json\/wp\/v2\/zona-aplicacio?post=13209"},{"taxonomy":"tipus-maquinaria","embeddable":true,"href":"https:\/\/dibosch.com\/es\/wp-json\/wp\/v2\/tipus-maquinaria?post=13209"}],"curies":[{"name":"wp","href":"https:\/\/api.w.org\/{rel}","templated":true}]}}