{"id":13220,"date":"2022-12-07T10:55:14","date_gmt":"2022-12-07T10:55:14","guid":{"rendered":"https:\/\/www.dibosch.com\/producto\/m-duplex-620-steam-plus-tekna\/"},"modified":"2024-03-26T16:09:17","modified_gmt":"2024-03-26T16:09:17","slug":"m-duplex-620-steam-plus-tekna","status":"publish","type":"product","link":"https:\/\/dibosch.com\/es\/producto\/m-duplex-620-steam-plus-tekna\/","title":{"rendered":"DUPLEX 620 STEAM PLUS TEKNA &#8211; DUPLEX"},"content":{"rendered":"<p>Duplex 620 Steam Plus limpia, cepilla, desinfecta y es especialmente eficaz para la limpieza y la esterilizaci\u00f3n de todos los tipos de suelo.<\/p>\n<p>Los c\u00e1rteres portantes y toda la estructura son de aluminio fundido bajo presi\u00f3n, la protecci\u00f3n accesoria est\u00e1 fabricada con material antigolpes, el lateral portacepillos es de acero inoxidable.<\/p>\n<p>El chorro de vapor proyectado sobre el suelo a 130\u00b0 facilita la eliminaci\u00f3n de la suciedad m\u00e1s resistente.<\/p>\n<p>Gracias a su dise\u00f1o compacto es manejable y f\u00e1cil de usar.<\/p>\n","protected":false},"excerpt":{"rendered":"<p>Duplex 620 Steam Plus limpia, cepilla, desinfecta y es especialmente eficaz para la limpieza y la esterilizaci\u00f3n de todos los tipos de suelo. Los c\u00e1rteres portantes y toda la estructura son de aluminio fundido bajo presi\u00f3n, la protecci\u00f3n accesoria est\u00e1 fabricada con material antigolpes, el lateral portacepillos es de acero inoxidable. El chorro de vapor [&hellip;]<\/p>\n","protected":false},"featured_media":24604,"comment_status":"closed","ping_status":"closed","template":"","meta":[],"product_brand":[],"product_cat":[731,729,727,577],"product_tag":[],"marcas":[],"certificats":[],"caracteristiques":[],"tipus-productes":[],"zona-aplicacio":[],"tipus-maquinaria":[],"class_list":{"0":"post-13220","1":"product","2":"type-product","3":"status-publish","4":"has-post-thumbnail","6":"product_cat-baterias","7":"product_cat-circular","8":"product_cat-fregadoras-a-pie","9":"product_cat-maquinas","11":"first","12":"instock","13":"product-type-simple"},"_links":{"self":[{"href":"https:\/\/dibosch.com\/es\/wp-json\/wp\/v2\/product\/13220","targetHints":{"allow":["GET"]}}],"collection":[{"href":"https:\/\/dibosch.com\/es\/wp-json\/wp\/v2\/product"}],"about":[{"href":"https:\/\/dibosch.com\/es\/wp-json\/wp\/v2\/types\/product"}],"replies":[{"embeddable":true,"href":"https:\/\/dibosch.com\/es\/wp-json\/wp\/v2\/comments?post=13220"}],"wp:featuredmedia":[{"embeddable":true,"href":"https:\/\/dibosch.com\/es\/wp-json\/wp\/v2\/media\/24604"}],"wp:attachment":[{"href":"https:\/\/dibosch.com\/es\/wp-json\/wp\/v2\/media?parent=13220"}],"wp:term":[{"taxonomy":"product_brand","embeddable":true,"href":"https:\/\/dibosch.com\/es\/wp-json\/wp\/v2\/product_brand?post=13220"},{"taxonomy":"product_cat","embeddable":true,"href":"https:\/\/dibosch.com\/es\/wp-json\/wp\/v2\/product_cat?post=13220"},{"taxonomy":"product_tag","embeddable":true,"href":"https:\/\/dibosch.com\/es\/wp-json\/wp\/v2\/product_tag?post=13220"},{"taxonomy":"marcas","embeddable":true,"href":"https:\/\/dibosch.com\/es\/wp-json\/wp\/v2\/marcas?post=13220"},{"taxonomy":"certificats","embeddable":true,"href":"https:\/\/dibosch.com\/es\/wp-json\/wp\/v2\/certificats?post=13220"},{"taxonomy":"caracteristiques","embeddable":true,"href":"https:\/\/dibosch.com\/es\/wp-json\/wp\/v2\/caracteristiques?post=13220"},{"taxonomy":"tipus-productes","embeddable":true,"href":"https:\/\/dibosch.com\/es\/wp-json\/wp\/v2\/tipus-productes?post=13220"},{"taxonomy":"zona-aplicacio","embeddable":true,"href":"https:\/\/dibosch.com\/es\/wp-json\/wp\/v2\/zona-aplicacio?post=13220"},{"taxonomy":"tipus-maquinaria","embeddable":true,"href":"https:\/\/dibosch.com\/es\/wp-json\/wp\/v2\/tipus-maquinaria?post=13220"}],"curies":[{"name":"wp","href":"https:\/\/api.w.org\/{rel}","templated":true}]}}