{"id":13237,"date":"2022-12-07T10:55:31","date_gmt":"2022-12-07T10:55:31","guid":{"rendered":"https:\/\/www.dibosch.com\/producto\/papelera-a-inox-sat-80-l-pp0080cs\/"},"modified":"2024-03-26T16:09:22","modified_gmt":"2024-03-26T16:09:22","slug":"papelera-a-inox-sat-80-l-pp0080cs","status":"publish","type":"product","link":"https:\/\/dibosch.com\/es\/producto\/papelera-a-inox-sat-80-l-pp0080cs\/","title":{"rendered":"PAPELERA A\/INOX. SAT. 80 L. PP0080CS &#8211; MEDICLINICS"},"content":{"rendered":"<p><strong>Caracter\u00edsticas del producto:<\/strong><\/p>\n<p>Papeleras rectangulares con cabezal con tapa auto-retorno, de 80 L de capacidad y de accionamiento manual.<\/p>\n<p>Pueden apoyarse directamente sobre el suelo o adosarse a la pared.<\/p>\n<p>Adecuadas para lavabos y \u00e1reas p\u00fablicas interiores de tr\u00e1fico muy alto. Modelos aptos para colectividades.<\/p>\n<p>Sistema de sujeci\u00f3n para fijar la bolsa de residuos en el interior.<\/p>\n<p>Sistema anti-humedad incorporado en la base de las papeleras que las a\u00edsla de la humedad del suelo.<\/p>\n","protected":false},"excerpt":{"rendered":"<p>Papelera rectangular con cabezal con tapa auto-retorno, fabricada con acero inoxidable AISI 304 acabado satinado.<\/p>\n","protected":false},"featured_media":23082,"comment_status":"closed","ping_status":"closed","template":"","meta":[],"product_brand":[],"product_cat":[723,724,684],"product_tag":[],"marcas":[],"certificats":[],"caracteristiques":[],"tipus-productes":[],"zona-aplicacio":[],"tipus-maquinaria":[],"class_list":{"0":"post-13237","1":"product","2":"type-product","3":"status-publish","4":"has-post-thumbnail","6":"product_cat-gestion-de-residuos","7":"product_cat-papeleras-50","8":"product_cat-utiles-de-limpieza","10":"first","11":"instock","12":"product-type-simple"},"_links":{"self":[{"href":"https:\/\/dibosch.com\/es\/wp-json\/wp\/v2\/product\/13237","targetHints":{"allow":["GET"]}}],"collection":[{"href":"https:\/\/dibosch.com\/es\/wp-json\/wp\/v2\/product"}],"about":[{"href":"https:\/\/dibosch.com\/es\/wp-json\/wp\/v2\/types\/product"}],"replies":[{"embeddable":true,"href":"https:\/\/dibosch.com\/es\/wp-json\/wp\/v2\/comments?post=13237"}],"wp:featuredmedia":[{"embeddable":true,"href":"https:\/\/dibosch.com\/es\/wp-json\/wp\/v2\/media\/23082"}],"wp:attachment":[{"href":"https:\/\/dibosch.com\/es\/wp-json\/wp\/v2\/media?parent=13237"}],"wp:term":[{"taxonomy":"product_brand","embeddable":true,"href":"https:\/\/dibosch.com\/es\/wp-json\/wp\/v2\/product_brand?post=13237"},{"taxonomy":"product_cat","embeddable":true,"href":"https:\/\/dibosch.com\/es\/wp-json\/wp\/v2\/product_cat?post=13237"},{"taxonomy":"product_tag","embeddable":true,"href":"https:\/\/dibosch.com\/es\/wp-json\/wp\/v2\/product_tag?post=13237"},{"taxonomy":"marcas","embeddable":true,"href":"https:\/\/dibosch.com\/es\/wp-json\/wp\/v2\/marcas?post=13237"},{"taxonomy":"certificats","embeddable":true,"href":"https:\/\/dibosch.com\/es\/wp-json\/wp\/v2\/certificats?post=13237"},{"taxonomy":"caracteristiques","embeddable":true,"href":"https:\/\/dibosch.com\/es\/wp-json\/wp\/v2\/caracteristiques?post=13237"},{"taxonomy":"tipus-productes","embeddable":true,"href":"https:\/\/dibosch.com\/es\/wp-json\/wp\/v2\/tipus-productes?post=13237"},{"taxonomy":"zona-aplicacio","embeddable":true,"href":"https:\/\/dibosch.com\/es\/wp-json\/wp\/v2\/zona-aplicacio?post=13237"},{"taxonomy":"tipus-maquinaria","embeddable":true,"href":"https:\/\/dibosch.com\/es\/wp-json\/wp\/v2\/tipus-maquinaria?post=13237"}],"curies":[{"name":"wp","href":"https:\/\/api.w.org\/{rel}","templated":true}]}}