{"id":13243,"date":"2022-12-07T10:54:42","date_gmt":"2022-12-07T10:54:42","guid":{"rendered":"https:\/\/www.dibosch.com\/producto\/m-aspirador-p258-wdm\/"},"modified":"2026-01-02T14:52:11","modified_gmt":"2026-01-02T14:52:11","slug":"m-aspirador-p258-wdm","status":"publish","type":"product","link":"https:\/\/dibosch.com\/es\/producto\/m-aspirador-p258-wdm\/","title":{"rendered":"ASPIRADOR P258 WDM &#8211; TMB"},"content":{"rendered":"<p data-start=\"413\" data-end=\"787\">Los <strong data-start=\"417\" data-end=\"456\">aspiradores EASY P258 WD \/ P258 WDM<\/strong> son <strong data-start=\"461\" data-end=\"512\">aspiradores profesionales de l\u00edquidos y s\u00f3lidos<\/strong> dise\u00f1ados para trabajos de limpieza intensivos y para la aspiraci\u00f3n de residuos s\u00f3lidos de tama\u00f1o medio. Est\u00e1n equipados con <strong data-start=\"638\" data-end=\"683\">dep\u00f3sitos de pl\u00e1stico de alta resistencia<\/strong>, con capacidades que van desde <strong data-start=\"715\" data-end=\"737\">25 hasta 77 litros<\/strong>, adapt\u00e1ndose a diferentes necesidades operativas.<\/p>\n<p data-start=\"789\" data-end=\"1102\">Incorporan <strong data-start=\"800\" data-end=\"825\">motores de dos etapas<\/strong>, que ofrecen <strong data-start=\"839\" data-end=\"880\">excelentes prestaciones de aspiraci\u00f3n<\/strong> con <strong data-start=\"885\" data-end=\"906\">bajo nivel sonoro<\/strong>, garantizando un uso eficiente y continuo en entornos profesionales. El modelo <strong data-start=\"986\" data-end=\"997\">P258 WD<\/strong> cuenta con <strong data-start=\"1009\" data-end=\"1024\">doble motor<\/strong>, proporcionando una potencia elevada y constante para aplicaciones exigentes.<\/p>\n<p data-start=\"1104\" data-end=\"1544\">Estos aspiradores permiten trabajar <strong data-start=\"1140\" data-end=\"1171\">con o sin bolsa de recogida<\/strong>, ofreciendo mayor flexibilidad seg\u00fan el tipo de suciedad. Incluyen un <strong data-start=\"1242\" data-end=\"1292\">filtro de poli\u00e9ster clase L de gran superficie<\/strong>, junto con un <strong data-start=\"1307\" data-end=\"1339\">filtro de esponja antiespuma<\/strong>, ideal para la aspiraci\u00f3n de l\u00edquidos. De forma opcional, pueden equiparse con <strong data-start=\"1419\" data-end=\"1457\">filtros de cartucho clase L, M o H<\/strong> (en modelos de un solo motor) para aplicaciones que requieren una filtraci\u00f3n avanzada.<\/p>\n<p data-start=\"1546\" data-end=\"1923\">Adem\u00e1s, disponen de un <strong data-start=\"1569\" data-end=\"1603\">sistema de volteo del dep\u00f3sito<\/strong> que facilita las operaciones de vaciado, as\u00ed como opciones adicionales como <strong data-start=\"1680\" data-end=\"1720\">kit de descarga r\u00e1pida para l\u00edquidos<\/strong> y <strong data-start=\"1723\" data-end=\"1751\">herramienta frontal fija<\/strong> (disponible en los modelos P258 WDM y P258 WDB). Una soluci\u00f3n robusta, vers\u00e1til y eficiente para <strong data-start=\"1849\" data-end=\"1922\">industria, talleres, empresas de limpieza y mantenimiento profesional<\/strong>.<\/p>\n","protected":false},"excerpt":{"rendered":"<p>Potencia 2300 W | Capacidad 77 l |Nivel sonoro 72dB | Peso 18,5 kg | Agua &#8211; Pulso<\/p>\n","protected":false},"featured_media":11404,"comment_status":"closed","ping_status":"closed","template":"","meta":[],"product_brand":[],"product_cat":[578,577],"product_tag":[],"marcas":[1353],"certificats":[],"caracteristiques":[],"tipus-productes":[],"zona-aplicacio":[],"tipus-maquinaria":[],"class_list":{"0":"post-13243","1":"product","2":"type-product","3":"status-publish","4":"has-post-thumbnail","6":"product_cat-aspiradores-industriales","7":"product_cat-maquinas","8":"marcas-tmb","10":"first","11":"instock","12":"product-type-simple"},"_links":{"self":[{"href":"https:\/\/dibosch.com\/es\/wp-json\/wp\/v2\/product\/13243","targetHints":{"allow":["GET"]}}],"collection":[{"href":"https:\/\/dibosch.com\/es\/wp-json\/wp\/v2\/product"}],"about":[{"href":"https:\/\/dibosch.com\/es\/wp-json\/wp\/v2\/types\/product"}],"replies":[{"embeddable":true,"href":"https:\/\/dibosch.com\/es\/wp-json\/wp\/v2\/comments?post=13243"}],"wp:featuredmedia":[{"embeddable":true,"href":"https:\/\/dibosch.com\/es\/wp-json\/wp\/v2\/media\/11404"}],"wp:attachment":[{"href":"https:\/\/dibosch.com\/es\/wp-json\/wp\/v2\/media?parent=13243"}],"wp:term":[{"taxonomy":"product_brand","embeddable":true,"href":"https:\/\/dibosch.com\/es\/wp-json\/wp\/v2\/product_brand?post=13243"},{"taxonomy":"product_cat","embeddable":true,"href":"https:\/\/dibosch.com\/es\/wp-json\/wp\/v2\/product_cat?post=13243"},{"taxonomy":"product_tag","embeddable":true,"href":"https:\/\/dibosch.com\/es\/wp-json\/wp\/v2\/product_tag?post=13243"},{"taxonomy":"marcas","embeddable":true,"href":"https:\/\/dibosch.com\/es\/wp-json\/wp\/v2\/marcas?post=13243"},{"taxonomy":"certificats","embeddable":true,"href":"https:\/\/dibosch.com\/es\/wp-json\/wp\/v2\/certificats?post=13243"},{"taxonomy":"caracteristiques","embeddable":true,"href":"https:\/\/dibosch.com\/es\/wp-json\/wp\/v2\/caracteristiques?post=13243"},{"taxonomy":"tipus-productes","embeddable":true,"href":"https:\/\/dibosch.com\/es\/wp-json\/wp\/v2\/tipus-productes?post=13243"},{"taxonomy":"zona-aplicacio","embeddable":true,"href":"https:\/\/dibosch.com\/es\/wp-json\/wp\/v2\/zona-aplicacio?post=13243"},{"taxonomy":"tipus-maquinaria","embeddable":true,"href":"https:\/\/dibosch.com\/es\/wp-json\/wp\/v2\/tipus-maquinaria?post=13243"}],"curies":[{"name":"wp","href":"https:\/\/api.w.org\/{rel}","templated":true}]}}