{"id":13264,"date":"2022-12-07T10:55:46","date_gmt":"2022-12-07T10:55:46","guid":{"rendered":"https:\/\/www.dibosch.com\/producto\/lavicom-rd-x10kg\/"},"modified":"2024-03-26T16:09:28","modified_gmt":"2024-03-26T16:09:28","slug":"lavicom-rd-x10kg","status":"publish","type":"product","link":"https:\/\/dibosch.com\/es\/producto\/lavicom-rd-x10kg\/","title":{"rendered":"LAVICOM RD (x10kg) &#8211; SUCITESA"},"content":{"rendered":"<p><strong>Caracter\u00edsticas del producto:<\/strong><\/p>\n<p>Recupera tejidos con incrustaciones. M\u00e1xima blancura, sin da\u00f1ar las prendas.<\/p>\n<p>Temperatura: 60-80 \u00baC. Devuelve al tejido su textura, suavidad y color. Evita que los tejidos adquieran un tono gris\u00e1ceo.<\/p>\n<p>&nbsp;<\/p>\n<p>Instrucciones de uso:<\/p>\n<p>RECUPERACI\u00d3N ROPA. Verter el producto en la cuba de la lavadora. Dosificar 10-50 gr de producto por litro de agua. (3 litros de agua equivalen a 1 Kg de ropa).<\/p>\n<p>Realizar un ciclo largo de lavado, a 60\u00baC-80\u00baC. Proceder al lavado habitual de la ropa<\/p>\n<p>&nbsp;<\/p>\n<p><strong>Indicado para:<\/strong><\/p>\n<p>Lavander\u00edas profesionales. Hoteles. Centros sanitarios. Residencias geri\u00e1tricas. Salones de est\u00e9tica \/ belleza<\/p>\n","protected":false},"excerpt":{"rendered":"<p>Desincrustante recuperador de ropa.<\/p>\n","protected":false},"featured_media":10484,"comment_status":"closed","ping_status":"closed","template":"","meta":[],"product_brand":[],"product_cat":[763,690,689],"product_tag":[],"marcas":[922],"certificats":[],"caracteristiques":[],"tipus-productes":[],"zona-aplicacio":[],"tipus-maquinaria":[],"class_list":{"0":"post-13264","1":"product","2":"type-product","3":"status-publish","4":"has-post-thumbnail","6":"product_cat-aplicaciones-especificas-es","7":"product_cat-especificos-para-lavanderia","8":"product_cat-productos-de-limpieza","9":"marcas-sucitesa-es","11":"first","12":"instock","13":"product-type-simple"},"_links":{"self":[{"href":"https:\/\/dibosch.com\/es\/wp-json\/wp\/v2\/product\/13264","targetHints":{"allow":["GET"]}}],"collection":[{"href":"https:\/\/dibosch.com\/es\/wp-json\/wp\/v2\/product"}],"about":[{"href":"https:\/\/dibosch.com\/es\/wp-json\/wp\/v2\/types\/product"}],"replies":[{"embeddable":true,"href":"https:\/\/dibosch.com\/es\/wp-json\/wp\/v2\/comments?post=13264"}],"wp:featuredmedia":[{"embeddable":true,"href":"https:\/\/dibosch.com\/es\/wp-json\/wp\/v2\/media\/10484"}],"wp:attachment":[{"href":"https:\/\/dibosch.com\/es\/wp-json\/wp\/v2\/media?parent=13264"}],"wp:term":[{"taxonomy":"product_brand","embeddable":true,"href":"https:\/\/dibosch.com\/es\/wp-json\/wp\/v2\/product_brand?post=13264"},{"taxonomy":"product_cat","embeddable":true,"href":"https:\/\/dibosch.com\/es\/wp-json\/wp\/v2\/product_cat?post=13264"},{"taxonomy":"product_tag","embeddable":true,"href":"https:\/\/dibosch.com\/es\/wp-json\/wp\/v2\/product_tag?post=13264"},{"taxonomy":"marcas","embeddable":true,"href":"https:\/\/dibosch.com\/es\/wp-json\/wp\/v2\/marcas?post=13264"},{"taxonomy":"certificats","embeddable":true,"href":"https:\/\/dibosch.com\/es\/wp-json\/wp\/v2\/certificats?post=13264"},{"taxonomy":"caracteristiques","embeddable":true,"href":"https:\/\/dibosch.com\/es\/wp-json\/wp\/v2\/caracteristiques?post=13264"},{"taxonomy":"tipus-productes","embeddable":true,"href":"https:\/\/dibosch.com\/es\/wp-json\/wp\/v2\/tipus-productes?post=13264"},{"taxonomy":"zona-aplicacio","embeddable":true,"href":"https:\/\/dibosch.com\/es\/wp-json\/wp\/v2\/zona-aplicacio?post=13264"},{"taxonomy":"tipus-maquinaria","embeddable":true,"href":"https:\/\/dibosch.com\/es\/wp-json\/wp\/v2\/tipus-maquinaria?post=13264"}],"curies":[{"name":"wp","href":"https:\/\/api.w.org\/{rel}","templated":true}]}}