{"id":13269,"date":"2022-12-07T10:56:34","date_gmt":"2022-12-07T10:56:34","guid":{"rendered":"https:\/\/www.dibosch.com\/producto\/papel-de-horno-60x40-x500-22442\/"},"modified":"2024-03-26T16:09:29","modified_gmt":"2024-03-26T16:09:29","slug":"papel-de-horno-60x40-x500-22442","status":"publish","type":"product","link":"https:\/\/dibosch.com\/es\/producto\/papel-de-horno-60x40-x500-22442\/","title":{"rendered":"PAPEL DE HORNO 60&#215;40 (x500) -22442-"},"content":{"rendered":"<p><strong>Caracter\u00edsticas del producto:<\/strong><\/p>\n<p>El papel para cocinar SAGA es un producto vers\u00e1til para todo tipo de servicio de alimentos, pasteler\u00eda e industria de la hosteler\u00eda. Tiene excelentes propiedades antiadherentes y de resistencia y es \u00fatil para todo tipo de horneado y cocinado. El papel puede utilizarse para cocinar, cocer al vapor, fre\u00edr, hornear de forma exigente, congelar, preparar, servir y asar a la parrilla.<\/p>\n<p>El papel para cocinar SAGA es ecol\u00f3gico. Est\u00e1 hecho de madera certificada y puede reciclarse despu\u00e9s de su uso como residuo biol\u00f3gico, compostarse o quemarse.<\/p>\n","protected":false},"excerpt":{"rendered":"<p>Papel de horno en caja 60 x 40 de 500 hojas<\/p>\n","protected":false},"featured_media":22761,"comment_status":"closed","ping_status":"closed","template":"","meta":[],"product_brand":[],"product_cat":[713,684,718],"product_tag":[],"marcas":[],"certificats":[],"caracteristiques":[],"tipus-productes":[],"zona-aplicacio":[],"tipus-maquinaria":[],"class_list":{"0":"post-13269","1":"product","2":"type-product","3":"status-publish","4":"has-post-thumbnail","6":"product_cat-utensilios","7":"product_cat-utiles-de-limpieza","8":"product_cat-utiles-un-solo-uso","10":"first","11":"instock","12":"product-type-simple"},"_links":{"self":[{"href":"https:\/\/dibosch.com\/es\/wp-json\/wp\/v2\/product\/13269","targetHints":{"allow":["GET"]}}],"collection":[{"href":"https:\/\/dibosch.com\/es\/wp-json\/wp\/v2\/product"}],"about":[{"href":"https:\/\/dibosch.com\/es\/wp-json\/wp\/v2\/types\/product"}],"replies":[{"embeddable":true,"href":"https:\/\/dibosch.com\/es\/wp-json\/wp\/v2\/comments?post=13269"}],"wp:featuredmedia":[{"embeddable":true,"href":"https:\/\/dibosch.com\/es\/wp-json\/wp\/v2\/media\/22761"}],"wp:attachment":[{"href":"https:\/\/dibosch.com\/es\/wp-json\/wp\/v2\/media?parent=13269"}],"wp:term":[{"taxonomy":"product_brand","embeddable":true,"href":"https:\/\/dibosch.com\/es\/wp-json\/wp\/v2\/product_brand?post=13269"},{"taxonomy":"product_cat","embeddable":true,"href":"https:\/\/dibosch.com\/es\/wp-json\/wp\/v2\/product_cat?post=13269"},{"taxonomy":"product_tag","embeddable":true,"href":"https:\/\/dibosch.com\/es\/wp-json\/wp\/v2\/product_tag?post=13269"},{"taxonomy":"marcas","embeddable":true,"href":"https:\/\/dibosch.com\/es\/wp-json\/wp\/v2\/marcas?post=13269"},{"taxonomy":"certificats","embeddable":true,"href":"https:\/\/dibosch.com\/es\/wp-json\/wp\/v2\/certificats?post=13269"},{"taxonomy":"caracteristiques","embeddable":true,"href":"https:\/\/dibosch.com\/es\/wp-json\/wp\/v2\/caracteristiques?post=13269"},{"taxonomy":"tipus-productes","embeddable":true,"href":"https:\/\/dibosch.com\/es\/wp-json\/wp\/v2\/tipus-productes?post=13269"},{"taxonomy":"zona-aplicacio","embeddable":true,"href":"https:\/\/dibosch.com\/es\/wp-json\/wp\/v2\/zona-aplicacio?post=13269"},{"taxonomy":"tipus-maquinaria","embeddable":true,"href":"https:\/\/dibosch.com\/es\/wp-json\/wp\/v2\/tipus-maquinaria?post=13269"}],"curies":[{"name":"wp","href":"https:\/\/api.w.org\/{rel}","templated":true}]}}