{"id":13275,"date":"2022-12-07T10:55:46","date_gmt":"2022-12-07T10:55:46","guid":{"rendered":"https:\/\/www.dibosch.com\/producto\/polidisp-dg\/"},"modified":"2024-03-26T16:09:31","modified_gmt":"2024-03-26T16:09:31","slug":"polidisp-dg","status":"publish","type":"product","link":"https:\/\/dibosch.com\/es\/producto\/polidisp-dg\/","title":{"rendered":"POLIDISP DG &#8211; SUCITESA"},"content":{"rendered":"<p>Dosificaci\u00f3n f\u00e1cil e higi\u00e9nico.<br \/>\nPara jabones, geles y cremas.<br \/>\nFacilidad de llenado y limpieza de su interior.<br \/>\nDise\u00f1o resistente para un uso intenso.<br \/>\nCierre de seguridad mediante clave com\u00fan para toda la gama POLIDISP.<\/p>\n","protected":false},"excerpt":{"rendered":"<p>Dispensador de hielo desinfectante con dep\u00f3sito Dermog<\/p>\n","protected":false},"featured_media":10084,"comment_status":"closed","ping_status":"closed","template":"","meta":[],"product_brand":[],"product_cat":[760,687],"product_tag":[],"marcas":[922],"certificats":[],"caracteristiques":[],"tipus-productes":[],"zona-aplicacio":[],"tipus-maquinaria":[],"class_list":{"0":"post-13275","1":"product","2":"type-product","3":"status-publish","4":"has-post-thumbnail","6":"product_cat-dosificadores-de-jabon","7":"product_cat-equipamientos","8":"marcas-sucitesa-es","10":"first","11":"instock","12":"product-type-simple"},"_links":{"self":[{"href":"https:\/\/dibosch.com\/es\/wp-json\/wp\/v2\/product\/13275","targetHints":{"allow":["GET"]}}],"collection":[{"href":"https:\/\/dibosch.com\/es\/wp-json\/wp\/v2\/product"}],"about":[{"href":"https:\/\/dibosch.com\/es\/wp-json\/wp\/v2\/types\/product"}],"replies":[{"embeddable":true,"href":"https:\/\/dibosch.com\/es\/wp-json\/wp\/v2\/comments?post=13275"}],"wp:featuredmedia":[{"embeddable":true,"href":"https:\/\/dibosch.com\/es\/wp-json\/wp\/v2\/media\/10084"}],"wp:attachment":[{"href":"https:\/\/dibosch.com\/es\/wp-json\/wp\/v2\/media?parent=13275"}],"wp:term":[{"taxonomy":"product_brand","embeddable":true,"href":"https:\/\/dibosch.com\/es\/wp-json\/wp\/v2\/product_brand?post=13275"},{"taxonomy":"product_cat","embeddable":true,"href":"https:\/\/dibosch.com\/es\/wp-json\/wp\/v2\/product_cat?post=13275"},{"taxonomy":"product_tag","embeddable":true,"href":"https:\/\/dibosch.com\/es\/wp-json\/wp\/v2\/product_tag?post=13275"},{"taxonomy":"marcas","embeddable":true,"href":"https:\/\/dibosch.com\/es\/wp-json\/wp\/v2\/marcas?post=13275"},{"taxonomy":"certificats","embeddable":true,"href":"https:\/\/dibosch.com\/es\/wp-json\/wp\/v2\/certificats?post=13275"},{"taxonomy":"caracteristiques","embeddable":true,"href":"https:\/\/dibosch.com\/es\/wp-json\/wp\/v2\/caracteristiques?post=13275"},{"taxonomy":"tipus-productes","embeddable":true,"href":"https:\/\/dibosch.com\/es\/wp-json\/wp\/v2\/tipus-productes?post=13275"},{"taxonomy":"zona-aplicacio","embeddable":true,"href":"https:\/\/dibosch.com\/es\/wp-json\/wp\/v2\/zona-aplicacio?post=13275"},{"taxonomy":"tipus-maquinaria","embeddable":true,"href":"https:\/\/dibosch.com\/es\/wp-json\/wp\/v2\/tipus-maquinaria?post=13275"}],"curies":[{"name":"wp","href":"https:\/\/api.w.org\/{rel}","templated":true}]}}