{"id":13276,"date":"2022-12-07T10:55:56","date_gmt":"2022-12-07T10:55:56","guid":{"rendered":"https:\/\/www.dibosch.com\/producto\/mopa-uni-system-tris-00000488\/"},"modified":"2024-03-26T16:09:31","modified_gmt":"2024-03-26T16:09:31","slug":"mopa-uni-system-tris-00000488","status":"publish","type":"product","link":"https:\/\/dibosch.com\/es\/producto\/mopa-uni-system-tris-00000488\/","title":{"rendered":"MOPA UNI SYSTEM TRIS 00000488 &#8211; TTS"},"content":{"rendered":"<p><strong>Caracter\u00edsticas del producto:<\/strong><\/p>\n<p>Recambio mopa de microfibra, poli\u00e9ster y algod\u00f3n hilo continuo, tela de poli\u00e9ster<\/p>\n<p>Sistema plano con micro aletas, se utiliza con prensa de rodillo, de labio o de libro<\/p>\n<p>Ideal para cualquier superficie y suciedad gracias a la combinaci\u00f3n de las 3 fibras: algod\u00f3n para la absorci\u00f3n, microfibra para la recogida y poli\u00e9ster para la suciedad grasa y fluidez<\/p>\n<p>Multiuso: La combinaci\u00f3n de diferentes fibras permite diferentes operaciones con un solo recambio<\/p>\n<p>M\u00e1xima higiene: La microfibra penetra en la microporosidad del suelo, recogiendo suciedad y m\u00e1s del 95% de las bacterias<\/p>\n<p>Pr\u00e1ctico: los recambios son f\u00e1ciles de colocar al bastidor gracias al mecanismo de enganche facilitado<\/p>\n","protected":false},"excerpt":{"rendered":"<p>Recambio mopa de microfibra, poli\u00e9ster y algod\u00f3n hilo continuo, tela de poli\u00e9ster<\/p>\n","protected":false},"featured_media":22031,"comment_status":"closed","ping_status":"closed","template":"","meta":[],"product_brand":[],"product_cat":[714,713,684],"product_tag":[],"marcas":[917],"certificats":[],"caracteristiques":[],"tipus-productes":[],"zona-aplicacio":[],"tipus-maquinaria":[],"class_list":{"0":"post-13276","1":"product","2":"type-product","3":"status-publish","4":"has-post-thumbnail","6":"product_cat-mopas","7":"product_cat-utensilios","8":"product_cat-utiles-de-limpieza","9":"marcas-tts-es","11":"first","12":"instock","13":"product-type-simple"},"_links":{"self":[{"href":"https:\/\/dibosch.com\/es\/wp-json\/wp\/v2\/product\/13276","targetHints":{"allow":["GET"]}}],"collection":[{"href":"https:\/\/dibosch.com\/es\/wp-json\/wp\/v2\/product"}],"about":[{"href":"https:\/\/dibosch.com\/es\/wp-json\/wp\/v2\/types\/product"}],"replies":[{"embeddable":true,"href":"https:\/\/dibosch.com\/es\/wp-json\/wp\/v2\/comments?post=13276"}],"wp:featuredmedia":[{"embeddable":true,"href":"https:\/\/dibosch.com\/es\/wp-json\/wp\/v2\/media\/22031"}],"wp:attachment":[{"href":"https:\/\/dibosch.com\/es\/wp-json\/wp\/v2\/media?parent=13276"}],"wp:term":[{"taxonomy":"product_brand","embeddable":true,"href":"https:\/\/dibosch.com\/es\/wp-json\/wp\/v2\/product_brand?post=13276"},{"taxonomy":"product_cat","embeddable":true,"href":"https:\/\/dibosch.com\/es\/wp-json\/wp\/v2\/product_cat?post=13276"},{"taxonomy":"product_tag","embeddable":true,"href":"https:\/\/dibosch.com\/es\/wp-json\/wp\/v2\/product_tag?post=13276"},{"taxonomy":"marcas","embeddable":true,"href":"https:\/\/dibosch.com\/es\/wp-json\/wp\/v2\/marcas?post=13276"},{"taxonomy":"certificats","embeddable":true,"href":"https:\/\/dibosch.com\/es\/wp-json\/wp\/v2\/certificats?post=13276"},{"taxonomy":"caracteristiques","embeddable":true,"href":"https:\/\/dibosch.com\/es\/wp-json\/wp\/v2\/caracteristiques?post=13276"},{"taxonomy":"tipus-productes","embeddable":true,"href":"https:\/\/dibosch.com\/es\/wp-json\/wp\/v2\/tipus-productes?post=13276"},{"taxonomy":"zona-aplicacio","embeddable":true,"href":"https:\/\/dibosch.com\/es\/wp-json\/wp\/v2\/zona-aplicacio?post=13276"},{"taxonomy":"tipus-maquinaria","embeddable":true,"href":"https:\/\/dibosch.com\/es\/wp-json\/wp\/v2\/tipus-maquinaria?post=13276"}],"curies":[{"name":"wp","href":"https:\/\/api.w.org\/{rel}","templated":true}]}}