{"id":13286,"date":"2022-12-07T10:56:07","date_gmt":"2022-12-07T10:56:07","guid":{"rendered":"https:\/\/www.dibosch.com\/producto\/m-sanitizer-bmg-standard\/"},"modified":"2024-03-26T16:09:33","modified_gmt":"2024-03-26T16:09:33","slug":"m-sanitizer-bmg-standard","status":"publish","type":"product","link":"https:\/\/dibosch.com\/es\/producto\/m-sanitizer-bmg-standard\/","title":{"rendered":"M-SANITIZER BMg STANDARD &#8211; FIMAP"},"content":{"rendered":"<p>BMg Sanitizer sanitiza eficazmente grandes superficies en poco tiempo, hasta 106.000 m2<\/p>\n<p>Puede trabajar durante 5 horas seguidas y cada tanque lleno puede contener hasta 50 litros de l\u00edquido sanitizante.<br \/>\nEs compatible con todos los tipos de desinfectantes.<\/p>\n<p>Protege la salud de las personas higienizando por completo los pavimentos de: HOSPITALES, CENTROS DE SALUD, SUPERMERCADOS, COMEDORES, ALMACENES, AEROPUERTOS,<br \/>\nESTACIONES Y CENTROS COMERCIALES.<\/p>\n","protected":false},"excerpt":{"rendered":"<p>Micropulverizador a bater\u00edas con compresor. Dep\u00f3sito de 110 l. Autonom\u00eda de 4 horas. 20 \u00b5m<\/p>\n","protected":false},"featured_media":25210,"comment_status":"closed","ping_status":"closed","template":"","meta":[],"product_brand":[],"product_cat":[577,722],"product_tag":[],"marcas":[],"certificats":[],"caracteristiques":[],"tipus-productes":[],"zona-aplicacio":[],"tipus-maquinaria":[],"class_list":{"0":"post-13286","1":"product","2":"type-product","3":"status-publish","4":"has-post-thumbnail","6":"product_cat-maquinas","7":"product_cat-maquinas-especificas-de-limpieza","9":"first","10":"instock","11":"product-type-simple"},"_links":{"self":[{"href":"https:\/\/dibosch.com\/es\/wp-json\/wp\/v2\/product\/13286","targetHints":{"allow":["GET"]}}],"collection":[{"href":"https:\/\/dibosch.com\/es\/wp-json\/wp\/v2\/product"}],"about":[{"href":"https:\/\/dibosch.com\/es\/wp-json\/wp\/v2\/types\/product"}],"replies":[{"embeddable":true,"href":"https:\/\/dibosch.com\/es\/wp-json\/wp\/v2\/comments?post=13286"}],"wp:featuredmedia":[{"embeddable":true,"href":"https:\/\/dibosch.com\/es\/wp-json\/wp\/v2\/media\/25210"}],"wp:attachment":[{"href":"https:\/\/dibosch.com\/es\/wp-json\/wp\/v2\/media?parent=13286"}],"wp:term":[{"taxonomy":"product_brand","embeddable":true,"href":"https:\/\/dibosch.com\/es\/wp-json\/wp\/v2\/product_brand?post=13286"},{"taxonomy":"product_cat","embeddable":true,"href":"https:\/\/dibosch.com\/es\/wp-json\/wp\/v2\/product_cat?post=13286"},{"taxonomy":"product_tag","embeddable":true,"href":"https:\/\/dibosch.com\/es\/wp-json\/wp\/v2\/product_tag?post=13286"},{"taxonomy":"marcas","embeddable":true,"href":"https:\/\/dibosch.com\/es\/wp-json\/wp\/v2\/marcas?post=13286"},{"taxonomy":"certificats","embeddable":true,"href":"https:\/\/dibosch.com\/es\/wp-json\/wp\/v2\/certificats?post=13286"},{"taxonomy":"caracteristiques","embeddable":true,"href":"https:\/\/dibosch.com\/es\/wp-json\/wp\/v2\/caracteristiques?post=13286"},{"taxonomy":"tipus-productes","embeddable":true,"href":"https:\/\/dibosch.com\/es\/wp-json\/wp\/v2\/tipus-productes?post=13286"},{"taxonomy":"zona-aplicacio","embeddable":true,"href":"https:\/\/dibosch.com\/es\/wp-json\/wp\/v2\/zona-aplicacio?post=13286"},{"taxonomy":"tipus-maquinaria","embeddable":true,"href":"https:\/\/dibosch.com\/es\/wp-json\/wp\/v2\/tipus-maquinaria?post=13286"}],"curies":[{"name":"wp","href":"https:\/\/api.w.org\/{rel}","templated":true}]}}