{"id":13294,"date":"2022-12-07T10:56:07","date_gmt":"2022-12-07T10:56:07","guid":{"rendered":"https:\/\/www.dibosch.com\/producto\/carro-pile-30-lts-con-prensa-tec-amarillo-0g006470\/"},"modified":"2024-03-26T16:09:35","modified_gmt":"2024-03-26T16:09:35","slug":"carro-pile-30-lts-con-prensa-tec-amarillo-0g006470","status":"publish","type":"product","link":"https:\/\/dibosch.com\/es\/producto\/carro-pile-30-lts-con-prensa-tec-amarillo-0g006470\/","title":{"rendered":"CARRO PILE 30 lts CON PRENSA TEC AMARILLO &#8211; 0G006470 &#8211; TTS"},"content":{"rendered":"<p><strong>Caracter\u00edsticas del producto:<\/strong><\/p>\n<p>Cubo con prensa de labio Tec, del mismo color, con ruedas de \u00f8 80 mm<\/p>\n<p>Cubo individual con prensa profesional de labio<\/p>\n<p>Ideal para limpiar entornos medianos y grandes que necesitan aclarar el recambio<\/p>\n<p>Manejable: el asa transversal facilita su transporte y su vaciado<\/p>\n<p>Ergon\u00f3mico: m\u00e1s alto comparado con los carros del mercado, permite trabajar en posici\u00f3n recta<\/p>\n<p>Larga duraci\u00f3n: prensa dise\u00f1ada para un largo ciclo de vida, el mejor vendido de TTS por m\u00e1s de 20 a\u00f1os<\/p>\n<p>Eficaz: prensa dise\u00f1ada con un mecanismo que lleva los labios al fondo asegurando el rendimiento sin la necesidad de reductores<\/p>\n","protected":false},"excerpt":{"rendered":"<p>Carro de 30l. compacto y resistente con 4 ruedas<\/p>\n","protected":false},"featured_media":23519,"comment_status":"closed","ping_status":"closed","template":"","meta":[],"product_brand":[],"product_cat":[685,705,684],"product_tag":[],"marcas":[917],"certificats":[],"caracteristiques":[],"tipus-productes":[],"zona-aplicacio":[],"tipus-maquinaria":[],"class_list":{"0":"post-13294","1":"product","2":"type-product","3":"status-publish","4":"has-post-thumbnail","6":"product_cat-carros-es","7":"product_cat-carros-de-limpieza","8":"product_cat-utiles-de-limpieza","9":"marcas-tts-es","11":"first","12":"instock","13":"product-type-simple"},"_links":{"self":[{"href":"https:\/\/dibosch.com\/es\/wp-json\/wp\/v2\/product\/13294","targetHints":{"allow":["GET"]}}],"collection":[{"href":"https:\/\/dibosch.com\/es\/wp-json\/wp\/v2\/product"}],"about":[{"href":"https:\/\/dibosch.com\/es\/wp-json\/wp\/v2\/types\/product"}],"replies":[{"embeddable":true,"href":"https:\/\/dibosch.com\/es\/wp-json\/wp\/v2\/comments?post=13294"}],"wp:featuredmedia":[{"embeddable":true,"href":"https:\/\/dibosch.com\/es\/wp-json\/wp\/v2\/media\/23519"}],"wp:attachment":[{"href":"https:\/\/dibosch.com\/es\/wp-json\/wp\/v2\/media?parent=13294"}],"wp:term":[{"taxonomy":"product_brand","embeddable":true,"href":"https:\/\/dibosch.com\/es\/wp-json\/wp\/v2\/product_brand?post=13294"},{"taxonomy":"product_cat","embeddable":true,"href":"https:\/\/dibosch.com\/es\/wp-json\/wp\/v2\/product_cat?post=13294"},{"taxonomy":"product_tag","embeddable":true,"href":"https:\/\/dibosch.com\/es\/wp-json\/wp\/v2\/product_tag?post=13294"},{"taxonomy":"marcas","embeddable":true,"href":"https:\/\/dibosch.com\/es\/wp-json\/wp\/v2\/marcas?post=13294"},{"taxonomy":"certificats","embeddable":true,"href":"https:\/\/dibosch.com\/es\/wp-json\/wp\/v2\/certificats?post=13294"},{"taxonomy":"caracteristiques","embeddable":true,"href":"https:\/\/dibosch.com\/es\/wp-json\/wp\/v2\/caracteristiques?post=13294"},{"taxonomy":"tipus-productes","embeddable":true,"href":"https:\/\/dibosch.com\/es\/wp-json\/wp\/v2\/tipus-productes?post=13294"},{"taxonomy":"zona-aplicacio","embeddable":true,"href":"https:\/\/dibosch.com\/es\/wp-json\/wp\/v2\/zona-aplicacio?post=13294"},{"taxonomy":"tipus-maquinaria","embeddable":true,"href":"https:\/\/dibosch.com\/es\/wp-json\/wp\/v2\/tipus-maquinaria?post=13294"}],"curies":[{"name":"wp","href":"https:\/\/api.w.org\/{rel}","templated":true}]}}