{"id":13295,"date":"2022-12-07T10:55:51","date_gmt":"2022-12-07T10:55:51","guid":{"rendered":"https:\/\/www.dibosch.com\/producto\/m-suciwax-mt-bp5\/"},"modified":"2024-03-26T16:09:35","modified_gmt":"2024-03-26T16:09:35","slug":"m-suciwax-mt-bp5","status":"publish","type":"product","link":"https:\/\/dibosch.com\/es\/producto\/m-suciwax-mt-bp5\/","title":{"rendered":"SUCIWAX MT BP5 &#8211; SUCITESA"},"content":{"rendered":"<p><strong>Caracter\u00edsticas del producto:<\/strong><\/p>\n<p>Restaura el brillo de zonas deterioradas. Prolonga la duraci\u00f3n del tratamiento inicial. No resbala ni marca pisadas. Mantenimiento r\u00e1pido y eficaz. M\u00ednimo impacto sobre el tr\u00e1nsito de la zona tratada<\/p>\n<p>&nbsp;<\/p>\n<p><strong>Modo de empleo:<\/strong><\/p>\n<p>SISTEMA ROTOSPRAY. Llenar el equipo pulverizador de la rotativa con el producto. Aplicar 10-15 gr\/m2 de producto sobre la superficie. Trabajar con la rotativa de alta velocidad provista de un PAD adecuado.<\/p>\n<p>&nbsp;<\/p>\n<p><strong>Indicado para:<\/strong><\/p>\n<p>Suelos. Ba\u00f1os, aseos y servicios. Terrazo, m\u00e1rmol, cer\u00e1mica, baldosas y similares. Vinilo, PVC, caucho y tambi\u00e9n linoleum.<\/p>\n","protected":false},"excerpt":{"rendered":"<p>Restaurador para suelos encerados.<\/p>\n","protected":false},"featured_media":10502,"comment_status":"closed","ping_status":"closed","template":"","meta":[],"product_brand":[],"product_cat":[689,1280,765,766],"product_tag":[],"marcas":[922],"certificats":[],"caracteristiques":[],"tipus-productes":[],"zona-aplicacio":[],"tipus-maquinaria":[],"class_list":{"0":"post-13295","1":"product","2":"type-product","3":"status-publish","4":"has-post-thumbnail","6":"product_cat-productos-de-limpieza","7":"product_cat-productos-para-dar-brillo-al-suelo","8":"product_cat-quimicos-maquinaria","9":"product_cat-recubrimientos-auto-brillantes","10":"marcas-sucitesa-es","12":"first","13":"instock","14":"product-type-simple"},"_links":{"self":[{"href":"https:\/\/dibosch.com\/es\/wp-json\/wp\/v2\/product\/13295","targetHints":{"allow":["GET"]}}],"collection":[{"href":"https:\/\/dibosch.com\/es\/wp-json\/wp\/v2\/product"}],"about":[{"href":"https:\/\/dibosch.com\/es\/wp-json\/wp\/v2\/types\/product"}],"replies":[{"embeddable":true,"href":"https:\/\/dibosch.com\/es\/wp-json\/wp\/v2\/comments?post=13295"}],"wp:featuredmedia":[{"embeddable":true,"href":"https:\/\/dibosch.com\/es\/wp-json\/wp\/v2\/media\/10502"}],"wp:attachment":[{"href":"https:\/\/dibosch.com\/es\/wp-json\/wp\/v2\/media?parent=13295"}],"wp:term":[{"taxonomy":"product_brand","embeddable":true,"href":"https:\/\/dibosch.com\/es\/wp-json\/wp\/v2\/product_brand?post=13295"},{"taxonomy":"product_cat","embeddable":true,"href":"https:\/\/dibosch.com\/es\/wp-json\/wp\/v2\/product_cat?post=13295"},{"taxonomy":"product_tag","embeddable":true,"href":"https:\/\/dibosch.com\/es\/wp-json\/wp\/v2\/product_tag?post=13295"},{"taxonomy":"marcas","embeddable":true,"href":"https:\/\/dibosch.com\/es\/wp-json\/wp\/v2\/marcas?post=13295"},{"taxonomy":"certificats","embeddable":true,"href":"https:\/\/dibosch.com\/es\/wp-json\/wp\/v2\/certificats?post=13295"},{"taxonomy":"caracteristiques","embeddable":true,"href":"https:\/\/dibosch.com\/es\/wp-json\/wp\/v2\/caracteristiques?post=13295"},{"taxonomy":"tipus-productes","embeddable":true,"href":"https:\/\/dibosch.com\/es\/wp-json\/wp\/v2\/tipus-productes?post=13295"},{"taxonomy":"zona-aplicacio","embeddable":true,"href":"https:\/\/dibosch.com\/es\/wp-json\/wp\/v2\/zona-aplicacio?post=13295"},{"taxonomy":"tipus-maquinaria","embeddable":true,"href":"https:\/\/dibosch.com\/es\/wp-json\/wp\/v2\/tipus-maquinaria?post=13295"}],"curies":[{"name":"wp","href":"https:\/\/api.w.org\/{rel}","templated":true}]}}