{"id":13317,"date":"2022-12-07T10:58:26","date_gmt":"2022-12-07T10:58:26","guid":{"rendered":"https:\/\/www.dibosch.com\/producto\/m-duplex-420-230v-50hz-imp-opc\/"},"modified":"2025-03-04T13:15:57","modified_gmt":"2025-03-04T13:15:57","slug":"m-duplex-420-230v-50hz-imp-opc","status":"publish","type":"product","link":"https:\/\/dibosch.com\/es\/producto\/m-duplex-420-230v-50hz-imp-opc\/","title":{"rendered":"DUPLEX 420 230V 50HZ IMP\/OPC &#8211;  DUPLEX"},"content":{"rendered":"<p>Duplex 420 limpia, cepilla, desinfecta y es especialmente eficaz para la limpieza de los suelos irregulares y de los interespacios; es sumamente manejable y f\u00e1cil de usar.<\/p>\n<p>Su dise\u00f1o compacto, la posici\u00f3n de los cepillos, de los recipientes y la colocaci\u00f3n central del motor la hacen perfectamente equilibrada.<\/p>\n<p>Duplex 420 es la \u00fanica m\u00e1quina que llega a limpiar hasta los rodapi\u00e9s y en las esquinas.<\/p>\n<p>Duplex ha creado la soluci\u00f3n m\u00e1s simple y vers\u00e1til para lavar y secar a fondo cualquier tipo de suelo mediante la recuperaci\u00f3n de la suciedad l\u00edquida y s\u00f3lida.<\/p>\n<p>&nbsp;<\/p>\n<pre id=\"tw-target-text\" class=\"tw-data-text tw-text-large tw-ta\" dir=\"ltr\" data-placeholder=\"Traducci\u00f3n\" data-ved=\"2ahUKEwi06YiNu_CLAxU9SvEDHRyIBsAQ3ewLegQICBAW\" aria-label=\"Texto traducido: Consultar accesorios incluidos en el precio.\r\n\r\nPrecio Steam Plus 420 OPC (Sin IVA)\"><span class=\"Y2IQFc\" lang=\"es\">Consultar accesorios incluidos en el precio.\r\n\r\nPrecio Steam Plus 420 OPC (Sin IVA)<\/span><\/pre>\n","protected":false},"excerpt":{"rendered":"<p>Ancho: 35 cm | Dep\u00f3sito agua limpia: 5,4 l | autonom\u00eda ilimitada | el\u00e9ctrica<\/p>\n","protected":false},"featured_media":11415,"comment_status":"closed","ping_status":"closed","template":"","meta":[],"product_brand":[],"product_cat":[731,729,727,577],"product_tag":[],"marcas":[924],"certificats":[],"caracteristiques":[],"tipus-productes":[],"zona-aplicacio":[952],"tipus-maquinaria":[],"class_list":{"0":"post-13317","1":"product","2":"type-product","3":"status-publish","4":"has-post-thumbnail","6":"product_cat-baterias","7":"product_cat-circular","8":"product_cat-fregadoras-a-pie","9":"product_cat-maquinas","10":"marcas-duplex-es","11":"zona-aplicacio-moqueta-y-tejidos","13":"first","14":"instock","15":"purchasable","16":"product-type-simple"},"_links":{"self":[{"href":"https:\/\/dibosch.com\/es\/wp-json\/wp\/v2\/product\/13317","targetHints":{"allow":["GET"]}}],"collection":[{"href":"https:\/\/dibosch.com\/es\/wp-json\/wp\/v2\/product"}],"about":[{"href":"https:\/\/dibosch.com\/es\/wp-json\/wp\/v2\/types\/product"}],"replies":[{"embeddable":true,"href":"https:\/\/dibosch.com\/es\/wp-json\/wp\/v2\/comments?post=13317"}],"wp:featuredmedia":[{"embeddable":true,"href":"https:\/\/dibosch.com\/es\/wp-json\/wp\/v2\/media\/11415"}],"wp:attachment":[{"href":"https:\/\/dibosch.com\/es\/wp-json\/wp\/v2\/media?parent=13317"}],"wp:term":[{"taxonomy":"product_brand","embeddable":true,"href":"https:\/\/dibosch.com\/es\/wp-json\/wp\/v2\/product_brand?post=13317"},{"taxonomy":"product_cat","embeddable":true,"href":"https:\/\/dibosch.com\/es\/wp-json\/wp\/v2\/product_cat?post=13317"},{"taxonomy":"product_tag","embeddable":true,"href":"https:\/\/dibosch.com\/es\/wp-json\/wp\/v2\/product_tag?post=13317"},{"taxonomy":"marcas","embeddable":true,"href":"https:\/\/dibosch.com\/es\/wp-json\/wp\/v2\/marcas?post=13317"},{"taxonomy":"certificats","embeddable":true,"href":"https:\/\/dibosch.com\/es\/wp-json\/wp\/v2\/certificats?post=13317"},{"taxonomy":"caracteristiques","embeddable":true,"href":"https:\/\/dibosch.com\/es\/wp-json\/wp\/v2\/caracteristiques?post=13317"},{"taxonomy":"tipus-productes","embeddable":true,"href":"https:\/\/dibosch.com\/es\/wp-json\/wp\/v2\/tipus-productes?post=13317"},{"taxonomy":"zona-aplicacio","embeddable":true,"href":"https:\/\/dibosch.com\/es\/wp-json\/wp\/v2\/zona-aplicacio?post=13317"},{"taxonomy":"tipus-maquinaria","embeddable":true,"href":"https:\/\/dibosch.com\/es\/wp-json\/wp\/v2\/tipus-maquinaria?post=13317"}],"curies":[{"name":"wp","href":"https:\/\/api.w.org\/{rel}","templated":true}]}}