{"id":13320,"date":"2022-12-07T10:57:55","date_gmt":"2022-12-07T10:57:55","guid":{"rendered":"https:\/\/www.dibosch.com\/producto\/carro-action-pro-tec-azul-b006480\/"},"modified":"2024-03-26T16:09:44","modified_gmt":"2024-03-26T16:09:44","slug":"carro-action-pro-tec-azul-b006480","status":"publish","type":"product","link":"https:\/\/dibosch.com\/es\/producto\/carro-action-pro-tec-azul-b006480\/","title":{"rendered":"CARRO ACTION PRO TEC AZUL &#8211; B006480 &#8211; TTS"},"content":{"rendered":"<p><strong>Caracter\u00edsticas del producto:<\/strong><\/p>\n<p>Cubo con dos cubetas con doble desag\u00fce y prensa de labio Tec, del mismo color, con ruedas de \u00f8 80 mm<\/p>\n<p>Cubo con dos cubetas con prensa profesional de labio<\/p>\n<p>Ideal para limpiar entornos medianos y grandes que necesitan aclarar el recambio<\/p>\n<p>M\u00e1xima higiene: el agua es siempre limpia gracias al tap\u00f3n de desag\u00fce posterior que permite de vaciar el cubo tantas veces como lo necesites sin tener que perder la soluci\u00f3n con producto<\/p>\n<p>Eficaz: la posibilidad de separar el agua de la soluci\u00f3n con producto permite una mejor limpieza y reducci\u00f3n de derroche de agua y detergente<\/p>\n<p>Ergon\u00f3mico: los tap\u00f3nes de vaciado facilitan el vaciado del cubo sin necesidad de levantar todo el cubo<\/p>\n","protected":false},"excerpt":{"rendered":"<p>Carro de 30 lt. con desag\u00fce, prensa y doble asa.<\/p>\n","protected":false},"featured_media":23511,"comment_status":"closed","ping_status":"closed","template":"","meta":[],"product_brand":[],"product_cat":[685,705,684],"product_tag":[],"marcas":[917],"certificats":[],"caracteristiques":[],"tipus-productes":[],"zona-aplicacio":[],"tipus-maquinaria":[],"class_list":{"0":"post-13320","1":"product","2":"type-product","3":"status-publish","4":"has-post-thumbnail","6":"product_cat-carros-es","7":"product_cat-carros-de-limpieza","8":"product_cat-utiles-de-limpieza","9":"marcas-tts-es","11":"first","12":"instock","13":"product-type-simple"},"_links":{"self":[{"href":"https:\/\/dibosch.com\/es\/wp-json\/wp\/v2\/product\/13320","targetHints":{"allow":["GET"]}}],"collection":[{"href":"https:\/\/dibosch.com\/es\/wp-json\/wp\/v2\/product"}],"about":[{"href":"https:\/\/dibosch.com\/es\/wp-json\/wp\/v2\/types\/product"}],"replies":[{"embeddable":true,"href":"https:\/\/dibosch.com\/es\/wp-json\/wp\/v2\/comments?post=13320"}],"wp:featuredmedia":[{"embeddable":true,"href":"https:\/\/dibosch.com\/es\/wp-json\/wp\/v2\/media\/23511"}],"wp:attachment":[{"href":"https:\/\/dibosch.com\/es\/wp-json\/wp\/v2\/media?parent=13320"}],"wp:term":[{"taxonomy":"product_brand","embeddable":true,"href":"https:\/\/dibosch.com\/es\/wp-json\/wp\/v2\/product_brand?post=13320"},{"taxonomy":"product_cat","embeddable":true,"href":"https:\/\/dibosch.com\/es\/wp-json\/wp\/v2\/product_cat?post=13320"},{"taxonomy":"product_tag","embeddable":true,"href":"https:\/\/dibosch.com\/es\/wp-json\/wp\/v2\/product_tag?post=13320"},{"taxonomy":"marcas","embeddable":true,"href":"https:\/\/dibosch.com\/es\/wp-json\/wp\/v2\/marcas?post=13320"},{"taxonomy":"certificats","embeddable":true,"href":"https:\/\/dibosch.com\/es\/wp-json\/wp\/v2\/certificats?post=13320"},{"taxonomy":"caracteristiques","embeddable":true,"href":"https:\/\/dibosch.com\/es\/wp-json\/wp\/v2\/caracteristiques?post=13320"},{"taxonomy":"tipus-productes","embeddable":true,"href":"https:\/\/dibosch.com\/es\/wp-json\/wp\/v2\/tipus-productes?post=13320"},{"taxonomy":"zona-aplicacio","embeddable":true,"href":"https:\/\/dibosch.com\/es\/wp-json\/wp\/v2\/zona-aplicacio?post=13320"},{"taxonomy":"tipus-maquinaria","embeddable":true,"href":"https:\/\/dibosch.com\/es\/wp-json\/wp\/v2\/tipus-maquinaria?post=13320"}],"curies":[{"name":"wp","href":"https:\/\/api.w.org\/{rel}","templated":true}]}}