{"id":13343,"date":"2022-12-07T10:57:42","date_gmt":"2022-12-07T10:57:42","guid":{"rendered":"https:\/\/www.dibosch.com\/producto\/m-barra-comac-cs-60\/"},"modified":"2024-10-08T11:57:19","modified_gmt":"2024-10-08T11:57:19","slug":"m-barredora-comac-cs-60","status":"publish","type":"product","link":"https:\/\/dibosch.com\/es\/producto\/m-barredora-comac-cs-60\/","title":{"rendered":"BARREDORA COMAC CS 60 &#8211; COMAC"},"content":{"rendered":"<p>La CS60 es una barredora hombre a bordo extremadamente compacta y vers\u00e1til, dise\u00f1ada para ofrecer respuesta a las m\u00e1s variadas necesidades de limpieza. Se trata de una <a href=\"https:\/\/dibosch.com\/es\/maquinas\/barredora\/\">m\u00e1quina barredora industrial<\/a> que ofrece una gran productividad, adem\u00e1s de ser ecol\u00f3gica y reducir el consumo, gracias a la versi\u00f3n Hybrid.<\/p>\n<p>La CS60 est\u00e1 disponible en dos versiones: La CS60 B alimentada con bater\u00eda, ideal para la limpieza de superficies de hasta 8000 m2, y la CS60 Hybrid que utiliza una alimentaci\u00f3n combinada de motor de gasolina y bater\u00edas para duplicar la autonom\u00eda de trabajo y cubrir hasta 15000 m2.<\/p>\n<p>Caracterizada por sus dimensiones reducidas y su gran manejabilidad, la CS60 de Comac es especialmente adecuada para superficies exteriores y el interior de ambientes industriales, almacenes, aparcamientos, as\u00ed como para los sectores HoReCa, p\u00fablico, log\u00edstico y de la artesan\u00eda.<\/p>\n<p>&nbsp;<\/p>\n<pre id=\"tw-target-text\" class=\"tw-data-text tw-text-large tw-ta\" dir=\"ltr\" data-placeholder=\"Traducci\u00f3n\" data-ved=\"2ahUKEwiw_uWkwP6IAxU0WUEAHcCMCTUQ3ewLegQIBxAU\" aria-label=\"Texto traducido: Consultar accesorios incluidos en el precio.\">Consultar accesorios incluidos en el precio.<\/pre>\n","protected":false},"excerpt":{"rendered":"<p>Ancho barrido 80 cm | Dep\u00f3sito recuperaci\u00f3n 65 l | autonom\u00eda 150 minutos | Bater\u00edas<\/p>\n","protected":false},"featured_media":11410,"comment_status":"closed","ping_status":"closed","template":"","meta":[],"product_brand":[],"product_cat":[1162,747,731,811,577],"product_tag":[],"marcas":[916],"certificats":[],"caracteristiques":[],"tipus-productes":[],"zona-aplicacio":[951,949],"tipus-maquinaria":[],"class_list":{"0":"post-13343","1":"product","2":"type-product","3":"status-publish","4":"has-post-thumbnail","6":"product_cat-barredoras-industriales-electricas","7":"product_cat-barredoras-a-bordo","8":"product_cat-baterias","9":"product_cat-barredora","10":"product_cat-maquinas","11":"marcas-comac-es","12":"zona-aplicacio-exteriores-y-fachadas","13":"zona-aplicacio-zona-produccion-y-talleres","15":"first","16":"instock","17":"purchasable","18":"product-type-simple"},"_links":{"self":[{"href":"https:\/\/dibosch.com\/es\/wp-json\/wp\/v2\/product\/13343","targetHints":{"allow":["GET"]}}],"collection":[{"href":"https:\/\/dibosch.com\/es\/wp-json\/wp\/v2\/product"}],"about":[{"href":"https:\/\/dibosch.com\/es\/wp-json\/wp\/v2\/types\/product"}],"replies":[{"embeddable":true,"href":"https:\/\/dibosch.com\/es\/wp-json\/wp\/v2\/comments?post=13343"}],"wp:featuredmedia":[{"embeddable":true,"href":"https:\/\/dibosch.com\/es\/wp-json\/wp\/v2\/media\/11410"}],"wp:attachment":[{"href":"https:\/\/dibosch.com\/es\/wp-json\/wp\/v2\/media?parent=13343"}],"wp:term":[{"taxonomy":"product_brand","embeddable":true,"href":"https:\/\/dibosch.com\/es\/wp-json\/wp\/v2\/product_brand?post=13343"},{"taxonomy":"product_cat","embeddable":true,"href":"https:\/\/dibosch.com\/es\/wp-json\/wp\/v2\/product_cat?post=13343"},{"taxonomy":"product_tag","embeddable":true,"href":"https:\/\/dibosch.com\/es\/wp-json\/wp\/v2\/product_tag?post=13343"},{"taxonomy":"marcas","embeddable":true,"href":"https:\/\/dibosch.com\/es\/wp-json\/wp\/v2\/marcas?post=13343"},{"taxonomy":"certificats","embeddable":true,"href":"https:\/\/dibosch.com\/es\/wp-json\/wp\/v2\/certificats?post=13343"},{"taxonomy":"caracteristiques","embeddable":true,"href":"https:\/\/dibosch.com\/es\/wp-json\/wp\/v2\/caracteristiques?post=13343"},{"taxonomy":"tipus-productes","embeddable":true,"href":"https:\/\/dibosch.com\/es\/wp-json\/wp\/v2\/tipus-productes?post=13343"},{"taxonomy":"zona-aplicacio","embeddable":true,"href":"https:\/\/dibosch.com\/es\/wp-json\/wp\/v2\/zona-aplicacio?post=13343"},{"taxonomy":"tipus-maquinaria","embeddable":true,"href":"https:\/\/dibosch.com\/es\/wp-json\/wp\/v2\/tipus-maquinaria?post=13343"}],"curies":[{"name":"wp","href":"https:\/\/api.w.org\/{rel}","templated":true}]}}