{"id":13348,"date":"2022-12-07T10:57:18","date_gmt":"2022-12-07T10:57:18","guid":{"rendered":"https:\/\/www.dibosch.com\/producto\/carro-nick-gris-25lts-00006247\/"},"modified":"2024-03-26T16:09:52","modified_gmt":"2024-03-26T16:09:52","slug":"carro-nick-gris-25lts-00006247","status":"publish","type":"product","link":"https:\/\/dibosch.com\/es\/producto\/carro-nick-gris-25lts-00006247\/","title":{"rendered":"CARRO NICK GRIS 25lts &#8211; 00006247 &#8211; TTS"},"content":{"rendered":"<p><strong>Caracter\u00edsticas del producto:<\/strong><\/p>\n<p>Carro con asa en \u00abU\u00bb, bastidor y prensa Tec de colores, cubo azul y ruedas de \u00f8 80 mm con paragolpes<\/p>\n<p>Carro simple para el fregado con prensa profesional de labio<\/p>\n<p>Ideal para limpiar entornos medianos y grandes que necesitan aclarar el recambio<\/p>\n<p>Robusto: bastidor de una sola pieza completamente de pl\u00e1stico, garantiza ligereza y resistencia<\/p>\n<p>Larga duraci\u00f3n: prensa dise\u00f1ada para un largo ciclo de vida, el mejor vendido de TTS por m\u00e1s de 20 a\u00f1os<\/p>\n<p>Eficaz: prensa dise\u00f1ada con un mecanismo que lleva los labios al fondo asegurando el rendimiento sin la necesidad de reductores<\/p>\n","protected":false},"excerpt":{"rendered":"<p>Carro de 25l con ruedas de 80mm y parachoques.<\/p>\n","protected":false},"featured_media":23515,"comment_status":"closed","ping_status":"closed","template":"","meta":[],"product_brand":[],"product_cat":[685,705,684],"product_tag":[],"marcas":[917],"certificats":[],"caracteristiques":[],"tipus-productes":[],"zona-aplicacio":[],"tipus-maquinaria":[],"class_list":{"0":"post-13348","1":"product","2":"type-product","3":"status-publish","4":"has-post-thumbnail","6":"product_cat-carros-es","7":"product_cat-carros-de-limpieza","8":"product_cat-utiles-de-limpieza","9":"marcas-tts-es","11":"first","12":"instock","13":"product-type-simple"},"_links":{"self":[{"href":"https:\/\/dibosch.com\/es\/wp-json\/wp\/v2\/product\/13348","targetHints":{"allow":["GET"]}}],"collection":[{"href":"https:\/\/dibosch.com\/es\/wp-json\/wp\/v2\/product"}],"about":[{"href":"https:\/\/dibosch.com\/es\/wp-json\/wp\/v2\/types\/product"}],"replies":[{"embeddable":true,"href":"https:\/\/dibosch.com\/es\/wp-json\/wp\/v2\/comments?post=13348"}],"wp:featuredmedia":[{"embeddable":true,"href":"https:\/\/dibosch.com\/es\/wp-json\/wp\/v2\/media\/23515"}],"wp:attachment":[{"href":"https:\/\/dibosch.com\/es\/wp-json\/wp\/v2\/media?parent=13348"}],"wp:term":[{"taxonomy":"product_brand","embeddable":true,"href":"https:\/\/dibosch.com\/es\/wp-json\/wp\/v2\/product_brand?post=13348"},{"taxonomy":"product_cat","embeddable":true,"href":"https:\/\/dibosch.com\/es\/wp-json\/wp\/v2\/product_cat?post=13348"},{"taxonomy":"product_tag","embeddable":true,"href":"https:\/\/dibosch.com\/es\/wp-json\/wp\/v2\/product_tag?post=13348"},{"taxonomy":"marcas","embeddable":true,"href":"https:\/\/dibosch.com\/es\/wp-json\/wp\/v2\/marcas?post=13348"},{"taxonomy":"certificats","embeddable":true,"href":"https:\/\/dibosch.com\/es\/wp-json\/wp\/v2\/certificats?post=13348"},{"taxonomy":"caracteristiques","embeddable":true,"href":"https:\/\/dibosch.com\/es\/wp-json\/wp\/v2\/caracteristiques?post=13348"},{"taxonomy":"tipus-productes","embeddable":true,"href":"https:\/\/dibosch.com\/es\/wp-json\/wp\/v2\/tipus-productes?post=13348"},{"taxonomy":"zona-aplicacio","embeddable":true,"href":"https:\/\/dibosch.com\/es\/wp-json\/wp\/v2\/zona-aplicacio?post=13348"},{"taxonomy":"tipus-maquinaria","embeddable":true,"href":"https:\/\/dibosch.com\/es\/wp-json\/wp\/v2\/tipus-maquinaria?post=13348"}],"curies":[{"name":"wp","href":"https:\/\/api.w.org\/{rel}","templated":true}]}}