{"id":13353,"date":"2022-12-07T10:59:25","date_gmt":"2022-12-07T10:59:25","guid":{"rendered":"https:\/\/www.dibosch.com\/producto\/contenedor-de-higiene-femenina-ref-pp0018cs\/"},"modified":"2024-03-26T16:09:54","modified_gmt":"2024-03-26T16:09:54","slug":"contenedor-dhigiene-femenina-ref-pp0018cs","status":"publish","type":"product","link":"https:\/\/dibosch.com\/es\/producto\/contenedor-dhigiene-femenina-ref-pp0018cs\/","title":{"rendered":"CONTENEDOR DE HIGI\u00c9NE FEMENINA REF. PP0018CS &#8211; MEDICLINICS"},"content":{"rendered":"<p><strong>Caracter\u00edsticas del producto:<\/strong><\/p>\n<p>Contenedor de higiene femenina de accionamiento manual de 18 L de capacidad, fabricado con acero inoxidable AISI 304, de 0,8 mm de espesor.<\/p>\n<p>Cabezal del contenedor extra\u00edble, con tapa basculante de cierre autom\u00e1tico, con asa y dep\u00f3sito recoge-residuos integrado, para la eliminaci\u00f3n discreta de art\u00edculos de higiene. Dise\u00f1ado especialmente para impedir la visualizaci\u00f3n del contenido.<\/p>\n<p>Apto tambi\u00e9n para depositar los pa\u00f1ales utilizados, tanto de beb\u00e9s, como de personas adultas.<\/p>\n<p>Dispone de un soporte interno para fijar la bolsa de residuos que asegura que \u00e9sta quede fuera del alcance visual del usuario.<\/p>\n<p>Altamente resistente e higi\u00e9nico. F\u00e1cil limpieza y mantenimiento.<\/p>\n<p>Robusto y anti-vand\u00e1lico este contenedor es adecuado para lavabos de frecuencia de uso muy alta. Modelo apto para colectividades.<\/p>\n<p>Puede apoyarse directamente sobre el suelo o adosarse a la pared mediante dos tacos de pl\u00e1stico y dos tornillos de acero inoxidable suministrados.<\/p>\n","protected":false},"excerpt":{"rendered":"<p>Contenedor de higiene femenina 18L de acero satinado.<\/p>\n","protected":false},"featured_media":23327,"comment_status":"closed","ping_status":"closed","template":"","meta":[],"product_brand":[],"product_cat":[723,724,684],"product_tag":[],"marcas":[],"certificats":[],"caracteristiques":[],"tipus-productes":[],"zona-aplicacio":[],"tipus-maquinaria":[],"class_list":{"0":"post-13353","1":"product","2":"type-product","3":"status-publish","4":"has-post-thumbnail","6":"product_cat-gestion-de-residuos","7":"product_cat-papeleras-50","8":"product_cat-utiles-de-limpieza","10":"first","11":"instock","12":"product-type-simple"},"_links":{"self":[{"href":"https:\/\/dibosch.com\/es\/wp-json\/wp\/v2\/product\/13353","targetHints":{"allow":["GET"]}}],"collection":[{"href":"https:\/\/dibosch.com\/es\/wp-json\/wp\/v2\/product"}],"about":[{"href":"https:\/\/dibosch.com\/es\/wp-json\/wp\/v2\/types\/product"}],"replies":[{"embeddable":true,"href":"https:\/\/dibosch.com\/es\/wp-json\/wp\/v2\/comments?post=13353"}],"wp:featuredmedia":[{"embeddable":true,"href":"https:\/\/dibosch.com\/es\/wp-json\/wp\/v2\/media\/23327"}],"wp:attachment":[{"href":"https:\/\/dibosch.com\/es\/wp-json\/wp\/v2\/media?parent=13353"}],"wp:term":[{"taxonomy":"product_brand","embeddable":true,"href":"https:\/\/dibosch.com\/es\/wp-json\/wp\/v2\/product_brand?post=13353"},{"taxonomy":"product_cat","embeddable":true,"href":"https:\/\/dibosch.com\/es\/wp-json\/wp\/v2\/product_cat?post=13353"},{"taxonomy":"product_tag","embeddable":true,"href":"https:\/\/dibosch.com\/es\/wp-json\/wp\/v2\/product_tag?post=13353"},{"taxonomy":"marcas","embeddable":true,"href":"https:\/\/dibosch.com\/es\/wp-json\/wp\/v2\/marcas?post=13353"},{"taxonomy":"certificats","embeddable":true,"href":"https:\/\/dibosch.com\/es\/wp-json\/wp\/v2\/certificats?post=13353"},{"taxonomy":"caracteristiques","embeddable":true,"href":"https:\/\/dibosch.com\/es\/wp-json\/wp\/v2\/caracteristiques?post=13353"},{"taxonomy":"tipus-productes","embeddable":true,"href":"https:\/\/dibosch.com\/es\/wp-json\/wp\/v2\/tipus-productes?post=13353"},{"taxonomy":"zona-aplicacio","embeddable":true,"href":"https:\/\/dibosch.com\/es\/wp-json\/wp\/v2\/zona-aplicacio?post=13353"},{"taxonomy":"tipus-maquinaria","embeddable":true,"href":"https:\/\/dibosch.com\/es\/wp-json\/wp\/v2\/tipus-maquinaria?post=13353"}],"curies":[{"name":"wp","href":"https:\/\/api.w.org\/{rel}","templated":true}]}}