{"id":13357,"date":"2022-12-07T10:58:49","date_gmt":"2022-12-07T10:58:49","guid":{"rendered":"https:\/\/www.dibosch.com\/producto\/fd-multiclean-vk7-bp20\/"},"modified":"2024-03-26T16:09:55","modified_gmt":"2024-03-26T16:09:55","slug":"fd-multiclean-vk7-bp20","status":"publish","type":"product","link":"https:\/\/dibosch.com\/es\/producto\/fd-multiclean-vk7-bp20\/","title":{"rendered":"FD- MULTICLEAN VK7 BP20 &#8211; DIVERSEY"},"content":{"rendered":"<p><strong>Caracter\u00edsticas del producto:<\/strong><\/p>\n<p>Multiclean es un detergente liquido moderadamente alcalino dise\u00f1ado para aplicaciones de limpiezas ligeras y moderadamente en\u00e9rgicas en la Industria Alimentaria.<\/p>\n<p>Detergente en base silicatos que contiene una mezcla de secuestrantes y agentes humectantes\/emulsificantes de espuma elevada. Las caracter\u00edsticas de la f\u00f3rmula proporcionan una acci\u00f3n efectiva de limpieza sin necesidad de molestas alcalinidades y disolventes peligrosos. Es tambi\u00e9n adecuado para utilizar sobre todo tipo de superficies incluyendo pl\u00e1sticos y metales blandos, como el aluminio.<\/p>\n<p>&nbsp;<\/p>\n<p><strong>Manual de uso:<\/strong><\/p>\n<p>Multiclean se usa a concentraciones entre 1-10% v\/v dependiendo del tipo de suciedad a eliminar. Para m\u00e1s detalles consultar Plan de Higiene.<\/p>\n","protected":false},"excerpt":{"rendered":"<p>Limpiador de suelos industrial<\/p>\n","protected":false},"featured_media":21284,"comment_status":"closed","ping_status":"closed","template":"","meta":[],"product_brand":[],"product_cat":[716,715,689],"product_tag":[],"marcas":[],"certificats":[],"caracteristiques":[],"tipus-productes":[],"zona-aplicacio":[],"tipus-maquinaria":[],"class_list":{"0":"post-13357","1":"product","2":"type-product","3":"status-publish","4":"has-post-thumbnail","6":"product_cat-alcalinos-espumante","7":"product_cat-especificos-para-industria-alimentaria","8":"product_cat-productos-de-limpieza","10":"first","11":"instock","12":"product-type-simple"},"_links":{"self":[{"href":"https:\/\/dibosch.com\/es\/wp-json\/wp\/v2\/product\/13357","targetHints":{"allow":["GET"]}}],"collection":[{"href":"https:\/\/dibosch.com\/es\/wp-json\/wp\/v2\/product"}],"about":[{"href":"https:\/\/dibosch.com\/es\/wp-json\/wp\/v2\/types\/product"}],"replies":[{"embeddable":true,"href":"https:\/\/dibosch.com\/es\/wp-json\/wp\/v2\/comments?post=13357"}],"wp:featuredmedia":[{"embeddable":true,"href":"https:\/\/dibosch.com\/es\/wp-json\/wp\/v2\/media\/21284"}],"wp:attachment":[{"href":"https:\/\/dibosch.com\/es\/wp-json\/wp\/v2\/media?parent=13357"}],"wp:term":[{"taxonomy":"product_brand","embeddable":true,"href":"https:\/\/dibosch.com\/es\/wp-json\/wp\/v2\/product_brand?post=13357"},{"taxonomy":"product_cat","embeddable":true,"href":"https:\/\/dibosch.com\/es\/wp-json\/wp\/v2\/product_cat?post=13357"},{"taxonomy":"product_tag","embeddable":true,"href":"https:\/\/dibosch.com\/es\/wp-json\/wp\/v2\/product_tag?post=13357"},{"taxonomy":"marcas","embeddable":true,"href":"https:\/\/dibosch.com\/es\/wp-json\/wp\/v2\/marcas?post=13357"},{"taxonomy":"certificats","embeddable":true,"href":"https:\/\/dibosch.com\/es\/wp-json\/wp\/v2\/certificats?post=13357"},{"taxonomy":"caracteristiques","embeddable":true,"href":"https:\/\/dibosch.com\/es\/wp-json\/wp\/v2\/caracteristiques?post=13357"},{"taxonomy":"tipus-productes","embeddable":true,"href":"https:\/\/dibosch.com\/es\/wp-json\/wp\/v2\/tipus-productes?post=13357"},{"taxonomy":"zona-aplicacio","embeddable":true,"href":"https:\/\/dibosch.com\/es\/wp-json\/wp\/v2\/zona-aplicacio?post=13357"},{"taxonomy":"tipus-maquinaria","embeddable":true,"href":"https:\/\/dibosch.com\/es\/wp-json\/wp\/v2\/tipus-maquinaria?post=13357"}],"curies":[{"name":"wp","href":"https:\/\/api.w.org\/{rel}","templated":true}]}}