{"id":13361,"date":"2022-12-07T10:58:39","date_gmt":"2022-12-07T10:58:39","guid":{"rendered":"https:\/\/www.dibosch.com\/producto\/m-aspirador-dg50exp-001\/"},"modified":"2024-03-26T16:09:56","modified_gmt":"2024-03-26T16:09:56","slug":"m-aspirador-dg50exp-001","status":"publish","type":"product","link":"https:\/\/dibosch.com\/es\/producto\/m-aspirador-dg50exp-001\/","title":{"rendered":"M- ASPIRADOR DG50EXP-001"},"content":{"rendered":"<p>Los aspiradores industriales con ruedas DG EXP son la soluci\u00f3n ideal para la aspiraci\u00f3n de grandes cantidades de s\u00f3lidos, polvos y l\u00edquidos.<br \/>\nGracias a las potentes turbinas de canal lateral equipadas (hasta 5,5 kW de potencia), los aspiradores industriales DG EXP pueden eliminar sin esfuerzo cualquier tipo de material con extrema facilidad y seguridad.<\/p>\n","protected":false},"excerpt":{"rendered":"<p>Los aspiradores industriales con ruedas DG EXP son la soluci\u00f3n ideal para la aspiraci\u00f3n de grandes cantidades de s\u00f3lidos, polvos y l\u00edquidos. Gracias a las potentes turbinas de canal lateral equipadas (hasta 5,5 kW de potencia), los aspiradores industriales DG EXP pueden eliminar sin esfuerzo cualquier tipo de material con extrema facilidad y seguridad.<\/p>\n","protected":false},"featured_media":24656,"comment_status":"closed","ping_status":"closed","template":"","meta":[],"product_brand":[],"product_cat":[578,577],"product_tag":[],"marcas":[],"certificats":[],"caracteristiques":[],"tipus-productes":[],"zona-aplicacio":[],"tipus-maquinaria":[],"class_list":{"0":"post-13361","1":"product","2":"type-product","3":"status-publish","4":"has-post-thumbnail","6":"product_cat-aspiradores-industriales","7":"product_cat-maquinas","9":"first","10":"instock","11":"product-type-simple"},"_links":{"self":[{"href":"https:\/\/dibosch.com\/es\/wp-json\/wp\/v2\/product\/13361","targetHints":{"allow":["GET"]}}],"collection":[{"href":"https:\/\/dibosch.com\/es\/wp-json\/wp\/v2\/product"}],"about":[{"href":"https:\/\/dibosch.com\/es\/wp-json\/wp\/v2\/types\/product"}],"replies":[{"embeddable":true,"href":"https:\/\/dibosch.com\/es\/wp-json\/wp\/v2\/comments?post=13361"}],"wp:featuredmedia":[{"embeddable":true,"href":"https:\/\/dibosch.com\/es\/wp-json\/wp\/v2\/media\/24656"}],"wp:attachment":[{"href":"https:\/\/dibosch.com\/es\/wp-json\/wp\/v2\/media?parent=13361"}],"wp:term":[{"taxonomy":"product_brand","embeddable":true,"href":"https:\/\/dibosch.com\/es\/wp-json\/wp\/v2\/product_brand?post=13361"},{"taxonomy":"product_cat","embeddable":true,"href":"https:\/\/dibosch.com\/es\/wp-json\/wp\/v2\/product_cat?post=13361"},{"taxonomy":"product_tag","embeddable":true,"href":"https:\/\/dibosch.com\/es\/wp-json\/wp\/v2\/product_tag?post=13361"},{"taxonomy":"marcas","embeddable":true,"href":"https:\/\/dibosch.com\/es\/wp-json\/wp\/v2\/marcas?post=13361"},{"taxonomy":"certificats","embeddable":true,"href":"https:\/\/dibosch.com\/es\/wp-json\/wp\/v2\/certificats?post=13361"},{"taxonomy":"caracteristiques","embeddable":true,"href":"https:\/\/dibosch.com\/es\/wp-json\/wp\/v2\/caracteristiques?post=13361"},{"taxonomy":"tipus-productes","embeddable":true,"href":"https:\/\/dibosch.com\/es\/wp-json\/wp\/v2\/tipus-productes?post=13361"},{"taxonomy":"zona-aplicacio","embeddable":true,"href":"https:\/\/dibosch.com\/es\/wp-json\/wp\/v2\/zona-aplicacio?post=13361"},{"taxonomy":"tipus-maquinaria","embeddable":true,"href":"https:\/\/dibosch.com\/es\/wp-json\/wp\/v2\/tipus-maquinaria?post=13361"}],"curies":[{"name":"wp","href":"https:\/\/api.w.org\/{rel}","templated":true}]}}