{"id":13371,"date":"2022-12-07T10:58:39","date_gmt":"2022-12-07T10:58:39","guid":{"rendered":"https:\/\/www.dibosch.com\/producto\/m-rotativa-kroma-18-top-2300w\/"},"modified":"2024-11-14T11:17:44","modified_gmt":"2024-11-14T11:17:44","slug":"m-rotativa-kroma-18-top-2300w","status":"publish","type":"product","link":"https:\/\/dibosch.com\/es\/producto\/m-rotativa-kroma-18-top-2300w\/","title":{"rendered":"M- ROTATIVA KROMA 18&#8243; TOP 2300W &#8211; KLINDEX"},"content":{"rendered":"<p>Kroma ha sido dise\u00f1ado para aplicaciones de servicio pesado. Con un innovador motor de 4 HP, es la m\u00e1quina de limpieza monorrotativa m\u00e1s potente del mundo.<\/p>\n<p>Tambi\u00e9n est\u00e1 disponible con motor 2,5 \u2013 Con su motor 4HP \u2013 4 HP. Gracias a su gran gama de accesorios disponibles puede solucionar cualquier problema de la forma m\u00e1s econ\u00f3mica.<\/p>\n","protected":false},"excerpt":{"rendered":"<p>Ancho: 450 mm |Bot: 2.300W | Accesorios excluidos<\/p>\n","protected":false},"featured_media":24802,"comment_status":"closed","ping_status":"closed","template":"","meta":[],"product_brand":[],"product_cat":[577,778],"product_tag":[],"marcas":[927],"certificats":[],"caracteristiques":[],"tipus-productes":[],"zona-aplicacio":[],"tipus-maquinaria":[],"class_list":{"0":"post-13371","1":"product","2":"type-product","3":"status-publish","4":"has-post-thumbnail","6":"product_cat-maquinas","7":"product_cat-rotativas","8":"marcas-klindex-es","10":"first","11":"instock","12":"product-type-simple"},"_links":{"self":[{"href":"https:\/\/dibosch.com\/es\/wp-json\/wp\/v2\/product\/13371","targetHints":{"allow":["GET"]}}],"collection":[{"href":"https:\/\/dibosch.com\/es\/wp-json\/wp\/v2\/product"}],"about":[{"href":"https:\/\/dibosch.com\/es\/wp-json\/wp\/v2\/types\/product"}],"replies":[{"embeddable":true,"href":"https:\/\/dibosch.com\/es\/wp-json\/wp\/v2\/comments?post=13371"}],"wp:featuredmedia":[{"embeddable":true,"href":"https:\/\/dibosch.com\/es\/wp-json\/wp\/v2\/media\/24802"}],"wp:attachment":[{"href":"https:\/\/dibosch.com\/es\/wp-json\/wp\/v2\/media?parent=13371"}],"wp:term":[{"taxonomy":"product_brand","embeddable":true,"href":"https:\/\/dibosch.com\/es\/wp-json\/wp\/v2\/product_brand?post=13371"},{"taxonomy":"product_cat","embeddable":true,"href":"https:\/\/dibosch.com\/es\/wp-json\/wp\/v2\/product_cat?post=13371"},{"taxonomy":"product_tag","embeddable":true,"href":"https:\/\/dibosch.com\/es\/wp-json\/wp\/v2\/product_tag?post=13371"},{"taxonomy":"marcas","embeddable":true,"href":"https:\/\/dibosch.com\/es\/wp-json\/wp\/v2\/marcas?post=13371"},{"taxonomy":"certificats","embeddable":true,"href":"https:\/\/dibosch.com\/es\/wp-json\/wp\/v2\/certificats?post=13371"},{"taxonomy":"caracteristiques","embeddable":true,"href":"https:\/\/dibosch.com\/es\/wp-json\/wp\/v2\/caracteristiques?post=13371"},{"taxonomy":"tipus-productes","embeddable":true,"href":"https:\/\/dibosch.com\/es\/wp-json\/wp\/v2\/tipus-productes?post=13371"},{"taxonomy":"zona-aplicacio","embeddable":true,"href":"https:\/\/dibosch.com\/es\/wp-json\/wp\/v2\/zona-aplicacio?post=13371"},{"taxonomy":"tipus-maquinaria","embeddable":true,"href":"https:\/\/dibosch.com\/es\/wp-json\/wp\/v2\/tipus-maquinaria?post=13371"}],"curies":[{"name":"wp","href":"https:\/\/api.w.org\/{rel}","templated":true}]}}