{"id":13377,"date":"2022-12-07T10:59:05","date_gmt":"2022-12-07T10:59:05","guid":{"rendered":"https:\/\/www.dibosch.com\/producto\/acuagen-supra-n-bp5\/"},"modified":"2024-03-26T16:10:00","modified_gmt":"2024-03-26T16:10:00","slug":"aquagen-supra-n-bp5","status":"publish","type":"product","link":"https:\/\/dibosch.com\/es\/producto\/aquagen-supra-n-bp5\/","title":{"rendered":"AQUAGEN SUPRA N BP5 &#8211; SUCITESA"},"content":{"rendered":"<p><strong>Caracter\u00edsticas del producto:<\/strong><\/p>\n<p>Facilita un secado r\u00e1pido y uniforme. Brillo sin huellas. Evita las marcas y los cercos del agua al secar. Acelera el escurrido. Especial para usar en ba\u00f1os clorados. Dureza del agua: hasta 45\u00ba HF.<\/p>\n<p>&nbsp;<\/p>\n<p><strong>Modo de empleo:<\/strong><\/p>\n<p>USO AUTOM\u00c1TICO. Equipos de dosificaci\u00f3n conectados a la maniobra de la m\u00e1quina.<br \/>\nDosis: 0,2-0,5 ml\/litro en el aclarado final.<br \/>\nTemperatura \u00f3ptima de enjuague: 80-90 \u00baC.<\/p>\n<p>&nbsp;<\/p>\n<p><strong>Indicado para:<\/strong><\/p>\n<p>Lavavajillas industriales<\/p>\n","protected":false},"excerpt":{"rendered":"<p>Abrillantador m\u00e1quina lavavajillas.<\/p>\n","protected":false},"featured_media":9670,"comment_status":"closed","ping_status":"closed","template":"","meta":[],"product_brand":[],"product_cat":[726,689,694],"product_tag":[],"marcas":[922],"certificats":[],"caracteristiques":[],"tipus-productes":[],"zona-aplicacio":[944],"tipus-maquinaria":[],"class_list":{"0":"post-13377","1":"product","2":"type-product","3":"status-publish","4":"has-post-thumbnail","6":"product_cat-lavavajillas-automatico","7":"product_cat-productos-de-limpieza","8":"product_cat-quimicos","9":"marcas-sucitesa-es","10":"zona-aplicacio-zona-cocina","12":"first","13":"instock","14":"product-type-simple"},"_links":{"self":[{"href":"https:\/\/dibosch.com\/es\/wp-json\/wp\/v2\/product\/13377","targetHints":{"allow":["GET"]}}],"collection":[{"href":"https:\/\/dibosch.com\/es\/wp-json\/wp\/v2\/product"}],"about":[{"href":"https:\/\/dibosch.com\/es\/wp-json\/wp\/v2\/types\/product"}],"replies":[{"embeddable":true,"href":"https:\/\/dibosch.com\/es\/wp-json\/wp\/v2\/comments?post=13377"}],"wp:featuredmedia":[{"embeddable":true,"href":"https:\/\/dibosch.com\/es\/wp-json\/wp\/v2\/media\/9670"}],"wp:attachment":[{"href":"https:\/\/dibosch.com\/es\/wp-json\/wp\/v2\/media?parent=13377"}],"wp:term":[{"taxonomy":"product_brand","embeddable":true,"href":"https:\/\/dibosch.com\/es\/wp-json\/wp\/v2\/product_brand?post=13377"},{"taxonomy":"product_cat","embeddable":true,"href":"https:\/\/dibosch.com\/es\/wp-json\/wp\/v2\/product_cat?post=13377"},{"taxonomy":"product_tag","embeddable":true,"href":"https:\/\/dibosch.com\/es\/wp-json\/wp\/v2\/product_tag?post=13377"},{"taxonomy":"marcas","embeddable":true,"href":"https:\/\/dibosch.com\/es\/wp-json\/wp\/v2\/marcas?post=13377"},{"taxonomy":"certificats","embeddable":true,"href":"https:\/\/dibosch.com\/es\/wp-json\/wp\/v2\/certificats?post=13377"},{"taxonomy":"caracteristiques","embeddable":true,"href":"https:\/\/dibosch.com\/es\/wp-json\/wp\/v2\/caracteristiques?post=13377"},{"taxonomy":"tipus-productes","embeddable":true,"href":"https:\/\/dibosch.com\/es\/wp-json\/wp\/v2\/tipus-productes?post=13377"},{"taxonomy":"zona-aplicacio","embeddable":true,"href":"https:\/\/dibosch.com\/es\/wp-json\/wp\/v2\/zona-aplicacio?post=13377"},{"taxonomy":"tipus-maquinaria","embeddable":true,"href":"https:\/\/dibosch.com\/es\/wp-json\/wp\/v2\/tipus-maquinaria?post=13377"}],"curies":[{"name":"wp","href":"https:\/\/api.w.org\/{rel}","templated":true}]}}