{"id":13381,"date":"2022-12-07T10:58:39","date_gmt":"2022-12-07T10:58:39","guid":{"rendered":"https:\/\/www.dibosch.com\/producto\/fd-soft-care-plus-2x5-lts\/"},"modified":"2025-09-24T08:52:02","modified_gmt":"2025-09-24T08:52:02","slug":"fd-soft-care-plus-2x5-lts","status":"publish","type":"product","link":"https:\/\/dibosch.com\/es\/producto\/fd-soft-care-plus-2x5-lts\/","title":{"rendered":"FD &#8211; SOFT CARE PLUS (2&#215;5 lts) &#8211; DIVERSEY"},"content":{"rendered":"<p><strong>Caracter\u00edsticas del producto:<\/strong><\/p>\n<p>Soft Care Plus es un jab\u00f3n de manos muy suave que contiene agentes antimicrobianos. No contiene perfume, por lo que es especialmente adecuado en \u00e1reas de manipulaci\u00f3n de alimentos.<br \/>\nContiene \u00e1cido l\u00e1ctico, asegurando que las manos se vuelvan queden higi\u00e9nicamente limpias, evitando la p\u00e9rdida de la protecci\u00f3n natural de la piel y un posterior agrietamiento y sequedad.<br \/>\nNo contiene perfume, eliminando el riesgo de transferirse a los alimentos haci\u00e9ndolo especialmente id\u00f3neo en aquellas \u00e1reas donde se manipulen alimentos.<\/p>\n<p>&nbsp;<\/p>\n<p><strong>Modo de empleo:<\/strong><\/p>\n<p>1. Aplique este producto en manos pre humedecidas siguiendo el proceso de 6 pasos recomendado por la OMS.<br \/>\n2. Enjuague las manos para eliminar todo el producto.<br \/>\n3. Seque bien las manos para mantener su piel sana y mantener<\/p>\n<p>&nbsp;<\/p>\n<p><strong>Indicado para:<\/strong><\/p>\n<p>Lavabos y servicios. Vestuarios. Palangana y fregaderos en zonas de trabajo<\/p>\n","protected":false},"excerpt":{"rendered":"<p><span style=\"vertical-align: inherit;\"><span style=\"vertical-align: inherit;\">Jab\u00f3n de manos con Triclosan.<\/span><\/span><\/p>\n","protected":false},"featured_media":9783,"comment_status":"closed","ping_status":"closed","template":"","meta":[],"product_brand":[],"product_cat":[791,689,694],"product_tag":[],"marcas":[],"certificats":[],"caracteristiques":[],"tipus-productes":[],"zona-aplicacio":[944,950,955],"tipus-maquinaria":[],"class_list":{"0":"post-13381","1":"product","2":"type-product","3":"status-publish","4":"has-post-thumbnail","6":"product_cat-higiene-corporal-es","7":"product_cat-productos-de-limpieza","8":"product_cat-quimicos","9":"zona-aplicacio-zona-cocina","10":"zona-aplicacio-zona-manipulacion-de-alimentos-industria","11":"zona-aplicacio-zona-sanitaria","13":"first","14":"instock","15":"product-type-simple"},"_links":{"self":[{"href":"https:\/\/dibosch.com\/es\/wp-json\/wp\/v2\/product\/13381","targetHints":{"allow":["GET"]}}],"collection":[{"href":"https:\/\/dibosch.com\/es\/wp-json\/wp\/v2\/product"}],"about":[{"href":"https:\/\/dibosch.com\/es\/wp-json\/wp\/v2\/types\/product"}],"replies":[{"embeddable":true,"href":"https:\/\/dibosch.com\/es\/wp-json\/wp\/v2\/comments?post=13381"}],"wp:featuredmedia":[{"embeddable":true,"href":"https:\/\/dibosch.com\/es\/wp-json\/wp\/v2\/media\/9783"}],"wp:attachment":[{"href":"https:\/\/dibosch.com\/es\/wp-json\/wp\/v2\/media?parent=13381"}],"wp:term":[{"taxonomy":"product_brand","embeddable":true,"href":"https:\/\/dibosch.com\/es\/wp-json\/wp\/v2\/product_brand?post=13381"},{"taxonomy":"product_cat","embeddable":true,"href":"https:\/\/dibosch.com\/es\/wp-json\/wp\/v2\/product_cat?post=13381"},{"taxonomy":"product_tag","embeddable":true,"href":"https:\/\/dibosch.com\/es\/wp-json\/wp\/v2\/product_tag?post=13381"},{"taxonomy":"marcas","embeddable":true,"href":"https:\/\/dibosch.com\/es\/wp-json\/wp\/v2\/marcas?post=13381"},{"taxonomy":"certificats","embeddable":true,"href":"https:\/\/dibosch.com\/es\/wp-json\/wp\/v2\/certificats?post=13381"},{"taxonomy":"caracteristiques","embeddable":true,"href":"https:\/\/dibosch.com\/es\/wp-json\/wp\/v2\/caracteristiques?post=13381"},{"taxonomy":"tipus-productes","embeddable":true,"href":"https:\/\/dibosch.com\/es\/wp-json\/wp\/v2\/tipus-productes?post=13381"},{"taxonomy":"zona-aplicacio","embeddable":true,"href":"https:\/\/dibosch.com\/es\/wp-json\/wp\/v2\/zona-aplicacio?post=13381"},{"taxonomy":"tipus-maquinaria","embeddable":true,"href":"https:\/\/dibosch.com\/es\/wp-json\/wp\/v2\/tipus-maquinaria?post=13381"}],"curies":[{"name":"wp","href":"https:\/\/api.w.org\/{rel}","templated":true}]}}