{"id":13385,"date":"2022-12-07T10:58:59","date_gmt":"2022-12-07T10:58:59","guid":{"rendered":"https:\/\/www.dibosch.com\/producto\/m-aspirador-zefiro-el-tr-3kw\/"},"modified":"2024-03-26T16:10:03","modified_gmt":"2024-03-26T16:10:03","slug":"m-aspirador-zefiro-el-tr-3kw","status":"publish","type":"product","link":"https:\/\/dibosch.com\/es\/producto\/m-aspirador-zefiro-el-tr-3kw\/","title":{"rendered":"ASPIRADOR ZEFIRO EL TR (3Kw) &#8211; DELFIN"},"content":{"rendered":"<p>Superficie de alta filtraci\u00f3n antiest\u00e1tica con c\u00f3modo sistema de limpieza manual integrado, puesta a tierra y potente turbina de canal lateral. Todo lo que necesita para limpiar y aspirar polvo y l\u00edquidos con total seguridad en entornos con un raro riesgo de explosi\u00f3n.<\/p>\n<p>&nbsp;<\/p>\n<p>&nbsp;<\/p>\n<p>&nbsp;<\/p>\n<p>&nbsp;<\/p>\n<p>&nbsp;<\/p>\n<p><strong>*Precio base sujeto a disponibilidad (Sin IVA) Consultar complementos incluidos.<\/strong><\/p>\n","protected":false},"excerpt":{"rendered":"<p>Superficie de alta filtraci\u00f3n antiest\u00e1tica con c\u00f3modo sistema de limpieza manual integrado, puesta a tierra y potente turbina de canal lateral. Todo lo que necesita para limpiar y aspirar polvo y l\u00edquidos con total seguridad en entornos con un raro riesgo de explosi\u00f3n. &nbsp; &nbsp; &nbsp; &nbsp; &nbsp; *Precio base sujeto a disponibilidad (Sin IVA) [&hellip;]<\/p>\n","protected":false},"featured_media":24715,"comment_status":"closed","ping_status":"closed","template":"","meta":[],"product_brand":[],"product_cat":[578,577],"product_tag":[],"marcas":[915],"certificats":[],"caracteristiques":[],"tipus-productes":[],"zona-aplicacio":[],"tipus-maquinaria":[],"class_list":{"0":"post-13385","1":"product","2":"type-product","3":"status-publish","4":"has-post-thumbnail","6":"product_cat-aspiradores-industriales","7":"product_cat-maquinas","8":"marcas-delfin-es","10":"first","11":"instock","12":"purchasable","13":"product-type-simple"},"_links":{"self":[{"href":"https:\/\/dibosch.com\/es\/wp-json\/wp\/v2\/product\/13385","targetHints":{"allow":["GET"]}}],"collection":[{"href":"https:\/\/dibosch.com\/es\/wp-json\/wp\/v2\/product"}],"about":[{"href":"https:\/\/dibosch.com\/es\/wp-json\/wp\/v2\/types\/product"}],"replies":[{"embeddable":true,"href":"https:\/\/dibosch.com\/es\/wp-json\/wp\/v2\/comments?post=13385"}],"wp:featuredmedia":[{"embeddable":true,"href":"https:\/\/dibosch.com\/es\/wp-json\/wp\/v2\/media\/24715"}],"wp:attachment":[{"href":"https:\/\/dibosch.com\/es\/wp-json\/wp\/v2\/media?parent=13385"}],"wp:term":[{"taxonomy":"product_brand","embeddable":true,"href":"https:\/\/dibosch.com\/es\/wp-json\/wp\/v2\/product_brand?post=13385"},{"taxonomy":"product_cat","embeddable":true,"href":"https:\/\/dibosch.com\/es\/wp-json\/wp\/v2\/product_cat?post=13385"},{"taxonomy":"product_tag","embeddable":true,"href":"https:\/\/dibosch.com\/es\/wp-json\/wp\/v2\/product_tag?post=13385"},{"taxonomy":"marcas","embeddable":true,"href":"https:\/\/dibosch.com\/es\/wp-json\/wp\/v2\/marcas?post=13385"},{"taxonomy":"certificats","embeddable":true,"href":"https:\/\/dibosch.com\/es\/wp-json\/wp\/v2\/certificats?post=13385"},{"taxonomy":"caracteristiques","embeddable":true,"href":"https:\/\/dibosch.com\/es\/wp-json\/wp\/v2\/caracteristiques?post=13385"},{"taxonomy":"tipus-productes","embeddable":true,"href":"https:\/\/dibosch.com\/es\/wp-json\/wp\/v2\/tipus-productes?post=13385"},{"taxonomy":"zona-aplicacio","embeddable":true,"href":"https:\/\/dibosch.com\/es\/wp-json\/wp\/v2\/zona-aplicacio?post=13385"},{"taxonomy":"tipus-maquinaria","embeddable":true,"href":"https:\/\/dibosch.com\/es\/wp-json\/wp\/v2\/tipus-maquinaria?post=13385"}],"curies":[{"name":"wp","href":"https:\/\/api.w.org\/{rel}","templated":true}]}}