{"id":13424,"date":"2022-12-07T10:59:46","date_gmt":"2022-12-07T10:59:46","guid":{"rendered":"https:\/\/www.dibosch.com\/producto\/m-hidrolimpiadora-cuadro-1200tst\/"},"modified":"2024-03-26T16:10:17","modified_gmt":"2024-03-26T16:10:17","slug":"m-hidrolimpiadora-cuadro-1200tst","status":"publish","type":"product","link":"https:\/\/dibosch.com\/es\/producto\/m-hidrolimpiadora-cuadro-1200tst\/","title":{"rendered":"M- HIDROLIMPIADORA CUADRO 1200TST"},"content":{"rendered":"","protected":false},"excerpt":{"rendered":"<p>Presi\u00f3n: 30-180 bar |Cabal: 1140 l\/h | Peso 89 kg | agua fr\u00eda | Tensi\u00f3n: 400V |Potencia 7,5 kW | predip\u00f3sito agua incorporado<\/p>\n","protected":false},"featured_media":25100,"comment_status":"closed","ping_status":"closed","template":"","meta":[],"product_brand":[],"product_cat":[1202,739,577],"product_tag":[],"marcas":[931],"certificats":[],"caracteristiques":[],"tipus-productes":[],"zona-aplicacio":[],"tipus-maquinaria":[],"class_list":{"0":"post-13424","1":"product","2":"type-product","3":"status-publish","4":"has-post-thumbnail","6":"product_cat-hidrolimpiadoras-profesionales-para-limpieza-industrial","7":"product_cat-hidrolimpiadoras","8":"product_cat-maquinas","9":"marcas-kranzle-es","11":"first","12":"instock","13":"product-type-simple"},"_links":{"self":[{"href":"https:\/\/dibosch.com\/es\/wp-json\/wp\/v2\/product\/13424","targetHints":{"allow":["GET"]}}],"collection":[{"href":"https:\/\/dibosch.com\/es\/wp-json\/wp\/v2\/product"}],"about":[{"href":"https:\/\/dibosch.com\/es\/wp-json\/wp\/v2\/types\/product"}],"replies":[{"embeddable":true,"href":"https:\/\/dibosch.com\/es\/wp-json\/wp\/v2\/comments?post=13424"}],"wp:featuredmedia":[{"embeddable":true,"href":"https:\/\/dibosch.com\/es\/wp-json\/wp\/v2\/media\/25100"}],"wp:attachment":[{"href":"https:\/\/dibosch.com\/es\/wp-json\/wp\/v2\/media?parent=13424"}],"wp:term":[{"taxonomy":"product_brand","embeddable":true,"href":"https:\/\/dibosch.com\/es\/wp-json\/wp\/v2\/product_brand?post=13424"},{"taxonomy":"product_cat","embeddable":true,"href":"https:\/\/dibosch.com\/es\/wp-json\/wp\/v2\/product_cat?post=13424"},{"taxonomy":"product_tag","embeddable":true,"href":"https:\/\/dibosch.com\/es\/wp-json\/wp\/v2\/product_tag?post=13424"},{"taxonomy":"marcas","embeddable":true,"href":"https:\/\/dibosch.com\/es\/wp-json\/wp\/v2\/marcas?post=13424"},{"taxonomy":"certificats","embeddable":true,"href":"https:\/\/dibosch.com\/es\/wp-json\/wp\/v2\/certificats?post=13424"},{"taxonomy":"caracteristiques","embeddable":true,"href":"https:\/\/dibosch.com\/es\/wp-json\/wp\/v2\/caracteristiques?post=13424"},{"taxonomy":"tipus-productes","embeddable":true,"href":"https:\/\/dibosch.com\/es\/wp-json\/wp\/v2\/tipus-productes?post=13424"},{"taxonomy":"zona-aplicacio","embeddable":true,"href":"https:\/\/dibosch.com\/es\/wp-json\/wp\/v2\/zona-aplicacio?post=13424"},{"taxonomy":"tipus-maquinaria","embeddable":true,"href":"https:\/\/dibosch.com\/es\/wp-json\/wp\/v2\/tipus-maquinaria?post=13424"}],"curies":[{"name":"wp","href":"https:\/\/api.w.org\/{rel}","templated":true}]}}