{"id":13430,"date":"2022-12-07T11:00:13","date_gmt":"2022-12-07T11:00:13","guid":{"rendered":"https:\/\/www.dibosch.com\/producto\/toa-man-facial-11797-x4000\/"},"modified":"2024-03-26T16:10:19","modified_gmt":"2024-03-26T16:10:19","slug":"toa-man-facial-11797-x4000","status":"publish","type":"product","link":"https:\/\/dibosch.com\/es\/producto\/toa-man-facial-11797-x4000\/","title":{"rendered":"TOA MAN FACIAL -11797- (x4000) &#8211; KATRIN"},"content":{"rendered":"<ul>\n<li>Toallitas faciales suaves y muy absorbentes.<\/li>\n<li>Empaquetadas en una pr\u00e1ctica caja de la que se extraen individualmente para un uso econ\u00f3mico e higi\u00e9nico.<\/li>\n<li>Una cortes\u00eda adicional perfecta para hoteles, restaurantes u oficinas.<\/li>\n<\/ul>\n","protected":false},"excerpt":{"rendered":"<p>Pa\u00f1uelos faciales alta calidad. Suaves. 4000 serv.20,5 cm x 21 cm. 40 cajas de 100 unidades<\/p>\n","protected":false},"featured_media":21423,"comment_status":"closed","ping_status":"closed","template":"","meta":[],"product_brand":[],"product_cat":[737,743],"product_tag":[],"marcas":[],"certificats":[936],"caracteristiques":[],"tipus-productes":[],"zona-aplicacio":[945,955],"tipus-maquinaria":[],"class_list":{"0":"post-13430","1":"product","2":"type-product","3":"status-publish","4":"has-post-thumbnail","6":"product_cat-celulosa","7":"product_cat-toallitas","8":"certificats-eu-ecolabel-es","9":"zona-aplicacio-zona-bano","10":"zona-aplicacio-zona-sanitaria","12":"first","13":"instock","14":"product-type-simple"},"_links":{"self":[{"href":"https:\/\/dibosch.com\/es\/wp-json\/wp\/v2\/product\/13430","targetHints":{"allow":["GET"]}}],"collection":[{"href":"https:\/\/dibosch.com\/es\/wp-json\/wp\/v2\/product"}],"about":[{"href":"https:\/\/dibosch.com\/es\/wp-json\/wp\/v2\/types\/product"}],"replies":[{"embeddable":true,"href":"https:\/\/dibosch.com\/es\/wp-json\/wp\/v2\/comments?post=13430"}],"wp:featuredmedia":[{"embeddable":true,"href":"https:\/\/dibosch.com\/es\/wp-json\/wp\/v2\/media\/21423"}],"wp:attachment":[{"href":"https:\/\/dibosch.com\/es\/wp-json\/wp\/v2\/media?parent=13430"}],"wp:term":[{"taxonomy":"product_brand","embeddable":true,"href":"https:\/\/dibosch.com\/es\/wp-json\/wp\/v2\/product_brand?post=13430"},{"taxonomy":"product_cat","embeddable":true,"href":"https:\/\/dibosch.com\/es\/wp-json\/wp\/v2\/product_cat?post=13430"},{"taxonomy":"product_tag","embeddable":true,"href":"https:\/\/dibosch.com\/es\/wp-json\/wp\/v2\/product_tag?post=13430"},{"taxonomy":"marcas","embeddable":true,"href":"https:\/\/dibosch.com\/es\/wp-json\/wp\/v2\/marcas?post=13430"},{"taxonomy":"certificats","embeddable":true,"href":"https:\/\/dibosch.com\/es\/wp-json\/wp\/v2\/certificats?post=13430"},{"taxonomy":"caracteristiques","embeddable":true,"href":"https:\/\/dibosch.com\/es\/wp-json\/wp\/v2\/caracteristiques?post=13430"},{"taxonomy":"tipus-productes","embeddable":true,"href":"https:\/\/dibosch.com\/es\/wp-json\/wp\/v2\/tipus-productes?post=13430"},{"taxonomy":"zona-aplicacio","embeddable":true,"href":"https:\/\/dibosch.com\/es\/wp-json\/wp\/v2\/zona-aplicacio?post=13430"},{"taxonomy":"tipus-maquinaria","embeddable":true,"href":"https:\/\/dibosch.com\/es\/wp-json\/wp\/v2\/tipus-maquinaria?post=13430"}],"curies":[{"name":"wp","href":"https:\/\/api.w.org\/{rel}","templated":true}]}}