{"id":13439,"date":"2022-12-07T11:00:13","date_gmt":"2022-12-07T11:00:13","guid":{"rendered":"https:\/\/www.dibosch.com\/producto\/fd-break-up-2x5\/"},"modified":"2024-03-26T16:10:21","modified_gmt":"2024-03-26T16:10:21","slug":"fd-break-up-2x5","status":"publish","type":"product","link":"https:\/\/dibosch.com\/es\/producto\/fd-break-up-2x5\/","title":{"rendered":"FD-BREAK UP (2&#215;5) &#8211; DIVERSEY"},"content":{"rendered":"<p><strong>Caracter\u00edsticas del producto:<\/strong><\/p>\n<p>Suma Break up es un detergente l\u00edquido alcalino adecuado para la limpieza manual de todas las superficies muy sucias de la cocina, como suelos, equipos, campanas y fogones. Es una mezcla \u00f3ptima de tensioactivos no i\u00f3nicos y ani\u00f3nicos, para humedecer bien las superficies, y \u00e1lcali y secuestrante, que lo hacen adecuado para eliminar cualquier tipo de grasa o manchas resecas de comida. Su f\u00f3rmula permite utilizar el producto en superficies de aluminio<\/p>\n<p>&nbsp;<\/p>\n<p><strong>Modo de empleo:<\/strong><\/p>\n<p>La concentraci\u00f3n recomendada var\u00eda entre 10 ml por litro de agua caliente, dependiendo del nivel de suciedad y de la aplicaci\u00f3n. Para controlar la dosis el producto puede usarse con el sistema QFM o DQFM de Diversey Care<\/p>\n<p>&nbsp;<\/p>\n<p><strong>Indicado para:<\/strong><\/p>\n<p>Suma Break up es adecuado para la limpieza de suelos, tanto manualmente con fregona, como con equipos pulverizadores de baja presi\u00f3n<\/p>\n","protected":false},"excerpt":{"rendered":"<p>Desengrasador l\u00edquido concentrado para la limpieza de superficies con mucha grasa en la cocina.<\/p>\n","protected":false},"featured_media":20773,"comment_status":"closed","ping_status":"closed","template":"","meta":[],"product_brand":[],"product_cat":[746,689,694],"product_tag":[],"marcas":[],"certificats":[],"caracteristiques":[],"tipus-productes":[],"zona-aplicacio":[944],"tipus-maquinaria":[],"class_list":{"0":"post-13439","1":"product","2":"type-product","3":"status-publish","4":"has-post-thumbnail","6":"product_cat-desengrasantes","7":"product_cat-productos-de-limpieza","8":"product_cat-quimicos","9":"zona-aplicacio-zona-cocina","11":"first","12":"instock","13":"product-type-simple"},"_links":{"self":[{"href":"https:\/\/dibosch.com\/es\/wp-json\/wp\/v2\/product\/13439","targetHints":{"allow":["GET"]}}],"collection":[{"href":"https:\/\/dibosch.com\/es\/wp-json\/wp\/v2\/product"}],"about":[{"href":"https:\/\/dibosch.com\/es\/wp-json\/wp\/v2\/types\/product"}],"replies":[{"embeddable":true,"href":"https:\/\/dibosch.com\/es\/wp-json\/wp\/v2\/comments?post=13439"}],"wp:featuredmedia":[{"embeddable":true,"href":"https:\/\/dibosch.com\/es\/wp-json\/wp\/v2\/media\/20773"}],"wp:attachment":[{"href":"https:\/\/dibosch.com\/es\/wp-json\/wp\/v2\/media?parent=13439"}],"wp:term":[{"taxonomy":"product_brand","embeddable":true,"href":"https:\/\/dibosch.com\/es\/wp-json\/wp\/v2\/product_brand?post=13439"},{"taxonomy":"product_cat","embeddable":true,"href":"https:\/\/dibosch.com\/es\/wp-json\/wp\/v2\/product_cat?post=13439"},{"taxonomy":"product_tag","embeddable":true,"href":"https:\/\/dibosch.com\/es\/wp-json\/wp\/v2\/product_tag?post=13439"},{"taxonomy":"marcas","embeddable":true,"href":"https:\/\/dibosch.com\/es\/wp-json\/wp\/v2\/marcas?post=13439"},{"taxonomy":"certificats","embeddable":true,"href":"https:\/\/dibosch.com\/es\/wp-json\/wp\/v2\/certificats?post=13439"},{"taxonomy":"caracteristiques","embeddable":true,"href":"https:\/\/dibosch.com\/es\/wp-json\/wp\/v2\/caracteristiques?post=13439"},{"taxonomy":"tipus-productes","embeddable":true,"href":"https:\/\/dibosch.com\/es\/wp-json\/wp\/v2\/tipus-productes?post=13439"},{"taxonomy":"zona-aplicacio","embeddable":true,"href":"https:\/\/dibosch.com\/es\/wp-json\/wp\/v2\/zona-aplicacio?post=13439"},{"taxonomy":"tipus-maquinaria","embeddable":true,"href":"https:\/\/dibosch.com\/es\/wp-json\/wp\/v2\/tipus-maquinaria?post=13439"}],"curies":[{"name":"wp","href":"https:\/\/api.w.org\/{rel}","templated":true}]}}