{"id":13441,"date":"2022-12-07T11:00:07","date_gmt":"2022-12-07T11:00:07","guid":{"rendered":"https:\/\/www.dibosch.com\/producto\/m-duplex-steam-420-220v-60hz-opc-schuko\/"},"modified":"2024-03-26T16:10:23","modified_gmt":"2024-03-26T16:10:23","slug":"m-duplex-steam-420-220v-60hz-opc-schuko","status":"publish","type":"product","link":"https:\/\/dibosch.com\/es\/producto\/m-duplex-steam-420-220v-60hz-opc-schuko\/","title":{"rendered":"DUPLEX STEAM 420 220V 60Hz OPC SCHUKO &#8211;  DUPLEX"},"content":{"rendered":"<p>Duplex 420 Steam limpia y desinfecta con el vapor: est\u00e1 especialmente indicada para la limpieza de los suelos irregulares, de los espacios y para la desinfecci\u00f3n completa de todas las superficies.<\/p>\n<p>Eficaz y sumamente f\u00e1cil de usar: el vapor tiene m\u00e1xima eficiencia en suelos textiles como alfombras y tapices, no moja el tejido y revitaliza las fibras. En los suelos duros ayuda a eliminar la suciedad grasa o el chicle, sin usar productos qu\u00edmicos.<\/p>\n<p>Su dise\u00f1o compacto, la posici\u00f3n de los cepillos, de los recipientes y la colocaci\u00f3n central del motor la hacen perfectamente equilibrada.<\/p>\n<p>Duplex 420 Steam est\u00e1 dotada con dos tanques est\u00e1ndar para ser utilizada tambi\u00e9n con soluci\u00f3n detergente y sin vapor.<\/p>\n","protected":false},"excerpt":{"rendered":"<p>Duplex 420 Steam limpia y desinfecta con el vapor: est\u00e1 especialmente indicada para la limpieza de los suelos irregulares, de los espacios y para la desinfecci\u00f3n completa de todas las superficies. Eficaz y sumamente f\u00e1cil de usar: el vapor tiene m\u00e1xima eficiencia en suelos textiles como alfombras y tapices, no moja el tejido y revitaliza [&hellip;]<\/p>\n","protected":false},"featured_media":24606,"comment_status":"closed","ping_status":"closed","template":"","meta":[],"product_brand":[],"product_cat":[731,729,1076,727,989,810,1074,577],"product_tag":[],"marcas":[924],"certificats":[],"caracteristiques":[],"tipus-productes":[],"zona-aplicacio":[951,952,945,944,948,947,950,949,955,946],"tipus-maquinaria":[],"class_list":{"0":"post-13441","1":"product","2":"type-product","3":"status-publish","4":"has-post-thumbnail","6":"product_cat-baterias","7":"product_cat-circular","8":"product_cat-fregadora-industrial-pequena","9":"product_cat-fregadoras-a-pie","10":"product_cat-fregadoras-duplex","11":"product_cat-fregadora-es","12":"product_cat-maquina-limpia-suelos","13":"product_cat-maquinas","14":"marcas-duplex-es","15":"zona-aplicacio-exteriores-y-fachadas","16":"zona-aplicacio-moqueta-y-tejidos","17":"zona-aplicacio-zona-bano","18":"zona-aplicacio-zona-cocina","19":"zona-aplicacio-zona-habitaciones","20":"zona-aplicacio-zona-lavanderia","21":"zona-aplicacio-zona-manipulacion-de-alimentos-industria","22":"zona-aplicacio-zona-produccion-y-talleres","23":"zona-aplicacio-zona-sanitaria","24":"zona-aplicacio-zonas-comunes","26":"first","27":"instock","28":"product-type-simple"},"_links":{"self":[{"href":"https:\/\/dibosch.com\/es\/wp-json\/wp\/v2\/product\/13441","targetHints":{"allow":["GET"]}}],"collection":[{"href":"https:\/\/dibosch.com\/es\/wp-json\/wp\/v2\/product"}],"about":[{"href":"https:\/\/dibosch.com\/es\/wp-json\/wp\/v2\/types\/product"}],"replies":[{"embeddable":true,"href":"https:\/\/dibosch.com\/es\/wp-json\/wp\/v2\/comments?post=13441"}],"wp:featuredmedia":[{"embeddable":true,"href":"https:\/\/dibosch.com\/es\/wp-json\/wp\/v2\/media\/24606"}],"wp:attachment":[{"href":"https:\/\/dibosch.com\/es\/wp-json\/wp\/v2\/media?parent=13441"}],"wp:term":[{"taxonomy":"product_brand","embeddable":true,"href":"https:\/\/dibosch.com\/es\/wp-json\/wp\/v2\/product_brand?post=13441"},{"taxonomy":"product_cat","embeddable":true,"href":"https:\/\/dibosch.com\/es\/wp-json\/wp\/v2\/product_cat?post=13441"},{"taxonomy":"product_tag","embeddable":true,"href":"https:\/\/dibosch.com\/es\/wp-json\/wp\/v2\/product_tag?post=13441"},{"taxonomy":"marcas","embeddable":true,"href":"https:\/\/dibosch.com\/es\/wp-json\/wp\/v2\/marcas?post=13441"},{"taxonomy":"certificats","embeddable":true,"href":"https:\/\/dibosch.com\/es\/wp-json\/wp\/v2\/certificats?post=13441"},{"taxonomy":"caracteristiques","embeddable":true,"href":"https:\/\/dibosch.com\/es\/wp-json\/wp\/v2\/caracteristiques?post=13441"},{"taxonomy":"tipus-productes","embeddable":true,"href":"https:\/\/dibosch.com\/es\/wp-json\/wp\/v2\/tipus-productes?post=13441"},{"taxonomy":"zona-aplicacio","embeddable":true,"href":"https:\/\/dibosch.com\/es\/wp-json\/wp\/v2\/zona-aplicacio?post=13441"},{"taxonomy":"tipus-maquinaria","embeddable":true,"href":"https:\/\/dibosch.com\/es\/wp-json\/wp\/v2\/tipus-maquinaria?post=13441"}],"curies":[{"name":"wp","href":"https:\/\/api.w.org\/{rel}","templated":true}]}}