{"id":13444,"date":"2022-12-07T10:59:46","date_gmt":"2022-12-07T10:59:46","guid":{"rendered":"https:\/\/www.dibosch.com\/producto\/m-suciwax-matter-bp5\/"},"modified":"2024-03-26T16:10:24","modified_gmt":"2024-03-26T16:10:24","slug":"m-suciwax-matter-bp5","status":"publish","type":"product","link":"https:\/\/dibosch.com\/es\/producto\/m-suciwax-matter-bp5\/","title":{"rendered":"SUCIWAX MATTER BP5 &#8211; SUCITESA"},"content":{"rendered":"<p><strong>Caracter\u00edsticas del producto:<\/strong><\/p>\n<p>Ideal para aquellos suelos en que se requiera protecci\u00f3n y resistencia con bajos niveles de brillo. Marcas y efectos de desgaste menos visibles. Facilita la limpieza y el mantenimiento. M\u00e1xima resistencia al fregado h\u00famedo. Reduce el nivel de deslizamiento del pavimento. Ayuda a reducir los accidentes por resbalones.<\/p>\n<p>&nbsp;<\/p>\n<p><strong>Modo de empleo:<\/strong><\/p>\n<p>USO MANUAL. Aplicar 25-30 gr\/m2 de producto sobre la superficie. Extender de forma homog\u00e9nea mediante una mopa o aplicador de ceras. Dejar secar completamente (20-30 minutos), antes de pisar. La aplicaci\u00f3n de una segunda capa en direcci\u00f3n perpendicular, incrementa el brillo y la protecci\u00f3n del suelo.<\/p>\n<p>SISTEMA ROTOSPRAY. Llenar el equipo pulverizador de la rotativa con el producto. Trabajar con la rotativa de alta velocidad provista de un PAD adecuado<\/p>\n<p>&nbsp;<\/p>\n<p><strong>Indicado para:<\/strong><\/p>\n<p>Suelos. Terrazo, m\u00e1rmol, cer\u00e1mica, baldosas y similares. PVC, caucho y tambi\u00e9n linoleum.<\/p>\n","protected":false},"excerpt":{"rendered":"<p>Emulsi\u00f3n satinada antideslizante.<\/p>\n","protected":false},"featured_media":10957,"comment_status":"closed","ping_status":"closed","template":"","meta":[],"product_brand":[],"product_cat":[689,1280,765,766],"product_tag":[],"marcas":[922],"certificats":[],"caracteristiques":[],"tipus-productes":[],"zona-aplicacio":[],"tipus-maquinaria":[],"class_list":{"0":"post-13444","1":"product","2":"type-product","3":"status-publish","4":"has-post-thumbnail","6":"product_cat-productos-de-limpieza","7":"product_cat-productos-para-dar-brillo-al-suelo","8":"product_cat-quimicos-maquinaria","9":"product_cat-recubrimientos-auto-brillantes","10":"marcas-sucitesa-es","12":"first","13":"instock","14":"product-type-simple"},"_links":{"self":[{"href":"https:\/\/dibosch.com\/es\/wp-json\/wp\/v2\/product\/13444","targetHints":{"allow":["GET"]}}],"collection":[{"href":"https:\/\/dibosch.com\/es\/wp-json\/wp\/v2\/product"}],"about":[{"href":"https:\/\/dibosch.com\/es\/wp-json\/wp\/v2\/types\/product"}],"replies":[{"embeddable":true,"href":"https:\/\/dibosch.com\/es\/wp-json\/wp\/v2\/comments?post=13444"}],"wp:featuredmedia":[{"embeddable":true,"href":"https:\/\/dibosch.com\/es\/wp-json\/wp\/v2\/media\/10957"}],"wp:attachment":[{"href":"https:\/\/dibosch.com\/es\/wp-json\/wp\/v2\/media?parent=13444"}],"wp:term":[{"taxonomy":"product_brand","embeddable":true,"href":"https:\/\/dibosch.com\/es\/wp-json\/wp\/v2\/product_brand?post=13444"},{"taxonomy":"product_cat","embeddable":true,"href":"https:\/\/dibosch.com\/es\/wp-json\/wp\/v2\/product_cat?post=13444"},{"taxonomy":"product_tag","embeddable":true,"href":"https:\/\/dibosch.com\/es\/wp-json\/wp\/v2\/product_tag?post=13444"},{"taxonomy":"marcas","embeddable":true,"href":"https:\/\/dibosch.com\/es\/wp-json\/wp\/v2\/marcas?post=13444"},{"taxonomy":"certificats","embeddable":true,"href":"https:\/\/dibosch.com\/es\/wp-json\/wp\/v2\/certificats?post=13444"},{"taxonomy":"caracteristiques","embeddable":true,"href":"https:\/\/dibosch.com\/es\/wp-json\/wp\/v2\/caracteristiques?post=13444"},{"taxonomy":"tipus-productes","embeddable":true,"href":"https:\/\/dibosch.com\/es\/wp-json\/wp\/v2\/tipus-productes?post=13444"},{"taxonomy":"zona-aplicacio","embeddable":true,"href":"https:\/\/dibosch.com\/es\/wp-json\/wp\/v2\/zona-aplicacio?post=13444"},{"taxonomy":"tipus-maquinaria","embeddable":true,"href":"https:\/\/dibosch.com\/es\/wp-json\/wp\/v2\/tipus-maquinaria?post=13444"}],"curies":[{"name":"wp","href":"https:\/\/api.w.org\/{rel}","templated":true}]}}