{"id":13459,"date":"2022-12-07T11:00:54","date_gmt":"2022-12-07T11:00:54","guid":{"rendered":"https:\/\/www.dibosch.com\/producto\/fd-omega-950-lts\/"},"modified":"2024-03-26T16:10:28","modified_gmt":"2024-03-26T16:10:28","slug":"fd-omega-950-lts","status":"publish","type":"product","link":"https:\/\/dibosch.com\/es\/producto\/fd-omega-950-lts\/","title":{"rendered":"FD-OMEGA ( 950 lts ) &#8211; DIVERSEY"},"content":{"rendered":"<p><strong>Caracter\u00edsticas del producto:<\/strong><\/p>\n<p>Divosan Omega es un detergente desinfectante sin cloro de baja espuma para uso en aplicaciones CIP y en limpieza por spray en Industrias L\u00e1cteas, Vin\u00edcola y de Procesado de Alimentos.<\/p>\n<p>Es un detergente desinfectante no clorado utilizado en la limpieza y desinfecci\u00f3n de circuitos con baja suciedad en la industria vin\u00edcola. Puede ser aplicado conjuntamente con Booster para la eliminaci\u00f3n de manchas y decolora<\/p>\n<p>Est\u00e1 recomendado como un desinfectante y detergente de un solo paso para aplicaciones CIP y de limpieza por spray en f\u00e1bricas l\u00e1cteas y de helados. Su alto poder secuestrante hace que sea especialmente adecuado para la limpieza de equipos HTST y para uso en presencia de altos niveles de suciedad de origen proteico y c\u00e1lcico.<\/p>\n<p>&nbsp;<\/p>\n<p><strong>Manual de uso:<\/strong><\/p>\n<p>Usar Divosan Omega HP a concentraciones entre 1-4% p\/p (0,8-3,2%) dependiendo del tipo y grado de suciedad. Para m\u00e1s detalles, por favor consultar el Plan de Higiene<\/p>\n","protected":false},"excerpt":{"rendered":"<p>Detergente desinfectante sin cloro de baja espuma<\/p>\n","protected":false},"featured_media":21230,"comment_status":"closed","ping_status":"closed","template":"","meta":[],"product_brand":[],"product_cat":[803,715,689],"product_tag":[],"marcas":[],"certificats":[933,934,932],"caracteristiques":[],"tipus-productes":[],"zona-aplicacio":[],"tipus-maquinaria":[],"class_list":{"0":"post-13459","1":"product","2":"type-product","3":"status-publish","4":"has-post-thumbnail","6":"product_cat-alcalinos-desinfectantes-no-espumante-cip","7":"product_cat-especificos-para-industria-alimentaria","8":"product_cat-productos-de-limpieza","9":"certificats-bactericida-es","10":"certificats-fungicida-es","11":"certificats-ha-es","13":"first","14":"instock","15":"product-type-simple"},"_links":{"self":[{"href":"https:\/\/dibosch.com\/es\/wp-json\/wp\/v2\/product\/13459","targetHints":{"allow":["GET"]}}],"collection":[{"href":"https:\/\/dibosch.com\/es\/wp-json\/wp\/v2\/product"}],"about":[{"href":"https:\/\/dibosch.com\/es\/wp-json\/wp\/v2\/types\/product"}],"replies":[{"embeddable":true,"href":"https:\/\/dibosch.com\/es\/wp-json\/wp\/v2\/comments?post=13459"}],"wp:featuredmedia":[{"embeddable":true,"href":"https:\/\/dibosch.com\/es\/wp-json\/wp\/v2\/media\/21230"}],"wp:attachment":[{"href":"https:\/\/dibosch.com\/es\/wp-json\/wp\/v2\/media?parent=13459"}],"wp:term":[{"taxonomy":"product_brand","embeddable":true,"href":"https:\/\/dibosch.com\/es\/wp-json\/wp\/v2\/product_brand?post=13459"},{"taxonomy":"product_cat","embeddable":true,"href":"https:\/\/dibosch.com\/es\/wp-json\/wp\/v2\/product_cat?post=13459"},{"taxonomy":"product_tag","embeddable":true,"href":"https:\/\/dibosch.com\/es\/wp-json\/wp\/v2\/product_tag?post=13459"},{"taxonomy":"marcas","embeddable":true,"href":"https:\/\/dibosch.com\/es\/wp-json\/wp\/v2\/marcas?post=13459"},{"taxonomy":"certificats","embeddable":true,"href":"https:\/\/dibosch.com\/es\/wp-json\/wp\/v2\/certificats?post=13459"},{"taxonomy":"caracteristiques","embeddable":true,"href":"https:\/\/dibosch.com\/es\/wp-json\/wp\/v2\/caracteristiques?post=13459"},{"taxonomy":"tipus-productes","embeddable":true,"href":"https:\/\/dibosch.com\/es\/wp-json\/wp\/v2\/tipus-productes?post=13459"},{"taxonomy":"zona-aplicacio","embeddable":true,"href":"https:\/\/dibosch.com\/es\/wp-json\/wp\/v2\/zona-aplicacio?post=13459"},{"taxonomy":"tipus-maquinaria","embeddable":true,"href":"https:\/\/dibosch.com\/es\/wp-json\/wp\/v2\/tipus-maquinaria?post=13459"}],"curies":[{"name":"wp","href":"https:\/\/api.w.org\/{rel}","templated":true}]}}