{"id":13506,"date":"2022-12-07T11:04:52","date_gmt":"2022-12-07T11:04:52","guid":{"rendered":"https:\/\/www.dibosch.com\/producto\/fregallo-negro-vileda\/"},"modified":"2025-09-24T07:27:42","modified_gmt":"2025-09-24T07:27:42","slug":"estropajo-negro-vileda","status":"publish","type":"product","link":"https:\/\/dibosch.com\/es\/producto\/estropajo-negro-vileda\/","title":{"rendered":"ESTROPAJO NEGRO &#8211; VILEDA"},"content":{"rendered":"<p><strong>Descripci\u00f3n de producto:<\/strong><\/p>\n<p>Estropajo fibra negra Vileda Professional, m\u00e1xima resistencia al desgaste y la rotura.<\/p>\n<p>Se compone de un 60% de abrasivo, con 20% fibras de poliamida y 20% de resina fen\u00f3lica.<\/p>\n<p>Estropajo ideal para usar en todo tipo de tareas de limpieza profesional super intensiva.<\/p>\n<p>Muy \u00fatil para utilizarlo sobre superficies con altos niveles de suciedad, y donde se requiera la mayor eficacia y rendimiento.<\/p>\n<p>Medidas: 6 metros x 14 cm de ancho.<\/p>\n<p>Gracias a su poder de abrasi\u00f3n proporcionado por los gr\u00e1nulos abrasivos y silicatos le permite ser en\u00e9rgico y desincrustar la suciedad m\u00e1s adherida.<\/p>\n","protected":false},"excerpt":{"rendered":"<p>Estropajo resistente al desgaste 60% de abrasivo.<\/p>\n","protected":false},"featured_media":21800,"comment_status":"closed","ping_status":"closed","template":"","meta":[],"product_brand":[],"product_cat":[776,713,684],"product_tag":[],"marcas":[928],"certificats":[],"caracteristiques":[],"tipus-productes":[],"zona-aplicacio":[],"tipus-maquinaria":[],"class_list":{"0":"post-13506","1":"product","2":"type-product","3":"status-publish","4":"has-post-thumbnail","6":"product_cat-estropajos","7":"product_cat-utensilios","8":"product_cat-utiles-de-limpieza","9":"marcas-vileda-es","11":"first","12":"instock","13":"product-type-simple"},"_links":{"self":[{"href":"https:\/\/dibosch.com\/es\/wp-json\/wp\/v2\/product\/13506","targetHints":{"allow":["GET"]}}],"collection":[{"href":"https:\/\/dibosch.com\/es\/wp-json\/wp\/v2\/product"}],"about":[{"href":"https:\/\/dibosch.com\/es\/wp-json\/wp\/v2\/types\/product"}],"replies":[{"embeddable":true,"href":"https:\/\/dibosch.com\/es\/wp-json\/wp\/v2\/comments?post=13506"}],"wp:featuredmedia":[{"embeddable":true,"href":"https:\/\/dibosch.com\/es\/wp-json\/wp\/v2\/media\/21800"}],"wp:attachment":[{"href":"https:\/\/dibosch.com\/es\/wp-json\/wp\/v2\/media?parent=13506"}],"wp:term":[{"taxonomy":"product_brand","embeddable":true,"href":"https:\/\/dibosch.com\/es\/wp-json\/wp\/v2\/product_brand?post=13506"},{"taxonomy":"product_cat","embeddable":true,"href":"https:\/\/dibosch.com\/es\/wp-json\/wp\/v2\/product_cat?post=13506"},{"taxonomy":"product_tag","embeddable":true,"href":"https:\/\/dibosch.com\/es\/wp-json\/wp\/v2\/product_tag?post=13506"},{"taxonomy":"marcas","embeddable":true,"href":"https:\/\/dibosch.com\/es\/wp-json\/wp\/v2\/marcas?post=13506"},{"taxonomy":"certificats","embeddable":true,"href":"https:\/\/dibosch.com\/es\/wp-json\/wp\/v2\/certificats?post=13506"},{"taxonomy":"caracteristiques","embeddable":true,"href":"https:\/\/dibosch.com\/es\/wp-json\/wp\/v2\/caracteristiques?post=13506"},{"taxonomy":"tipus-productes","embeddable":true,"href":"https:\/\/dibosch.com\/es\/wp-json\/wp\/v2\/tipus-productes?post=13506"},{"taxonomy":"zona-aplicacio","embeddable":true,"href":"https:\/\/dibosch.com\/es\/wp-json\/wp\/v2\/zona-aplicacio?post=13506"},{"taxonomy":"tipus-maquinaria","embeddable":true,"href":"https:\/\/dibosch.com\/es\/wp-json\/wp\/v2\/tipus-maquinaria?post=13506"}],"curies":[{"name":"wp","href":"https:\/\/api.w.org\/{rel}","templated":true}]}}