{"id":13520,"date":"2022-12-07T11:04:31","date_gmt":"2022-12-07T11:04:31","guid":{"rendered":"https:\/\/www.dibosch.com\/producto\/m-aspirador-tc400p-kw43\/"},"modified":"2022-12-16T09:56:16","modified_gmt":"2022-12-16T09:56:16","slug":"m-aspirador-tc400p-kw43","status":"publish","type":"product","link":"https:\/\/dibosch.com\/es\/producto\/m-aspirador-tc400p-kw43\/","title":{"rendered":"M- ASPIRADOR TC400P KW4,3"},"content":{"rendered":"<p>El TC400 IF es un aspirador de turbina trif\u00e1sico con una gran capacidad de recolecci\u00f3n de l\u00edquido, dise\u00f1ado para simplificar la aspiraci\u00f3n y separaci\u00f3n de virutas y lubricantes en recipientes y tanques, especialmente en aplicaciones pesadas y continuas.<\/p>\n<p>El aspirador puede recuperar y filtrar hasta 400 litros de aceite mezclado con virutas, y est\u00e1 equipado con una parada autom\u00e1tica cuando el contenedor est\u00e1 lleno.<\/p>\n<p>Puede drenar los aceites filtrados r\u00e1pidamente a trav\u00e9s de un sistema de inversi\u00f3n de flujo (150 lt \/ min) o (opcionalmente) a trav\u00e9s de una bomba independiente (300 lt \/ min), mientras que las virutas se descargan a trav\u00e9s de una tolva plegable con reductor.<\/p>\n","protected":false},"excerpt":{"rendered":"<p>Tensi\u00f3n: 400V | Puede: 4,3 kW | Depresi\u00f3n 5100 mmH?O | Caudal: 320 m?\/h | Ninguna. s\u00f3lido: 50 l |Cap. l\u00edquido:400 l | Vaciado por bomba | accesorios excluidos<\/p>\n","protected":false},"featured_media":24710,"comment_status":"closed","ping_status":"closed","template":"","meta":[],"product_brand":[],"product_cat":[1176,578,1178,577],"product_tag":[],"marcas":[],"certificats":[],"caracteristiques":[],"tipus-productes":[],"zona-aplicacio":[],"tipus-maquinaria":[],"class_list":{"0":"post-13520","1":"product","2":"type-product","3":"status-publish","4":"has-post-thumbnail","6":"product_cat-aspirador-industrial-virutas-metalicas","7":"product_cat-aspiradores-industriales","8":"product_cat-aspiradores-industriales-trifasicos","9":"product_cat-maquinas","11":"first","12":"instock","13":"product-type-simple"},"_links":{"self":[{"href":"https:\/\/dibosch.com\/es\/wp-json\/wp\/v2\/product\/13520","targetHints":{"allow":["GET"]}}],"collection":[{"href":"https:\/\/dibosch.com\/es\/wp-json\/wp\/v2\/product"}],"about":[{"href":"https:\/\/dibosch.com\/es\/wp-json\/wp\/v2\/types\/product"}],"replies":[{"embeddable":true,"href":"https:\/\/dibosch.com\/es\/wp-json\/wp\/v2\/comments?post=13520"}],"wp:featuredmedia":[{"embeddable":true,"href":"https:\/\/dibosch.com\/es\/wp-json\/wp\/v2\/media\/24710"}],"wp:attachment":[{"href":"https:\/\/dibosch.com\/es\/wp-json\/wp\/v2\/media?parent=13520"}],"wp:term":[{"taxonomy":"product_brand","embeddable":true,"href":"https:\/\/dibosch.com\/es\/wp-json\/wp\/v2\/product_brand?post=13520"},{"taxonomy":"product_cat","embeddable":true,"href":"https:\/\/dibosch.com\/es\/wp-json\/wp\/v2\/product_cat?post=13520"},{"taxonomy":"product_tag","embeddable":true,"href":"https:\/\/dibosch.com\/es\/wp-json\/wp\/v2\/product_tag?post=13520"},{"taxonomy":"marcas","embeddable":true,"href":"https:\/\/dibosch.com\/es\/wp-json\/wp\/v2\/marcas?post=13520"},{"taxonomy":"certificats","embeddable":true,"href":"https:\/\/dibosch.com\/es\/wp-json\/wp\/v2\/certificats?post=13520"},{"taxonomy":"caracteristiques","embeddable":true,"href":"https:\/\/dibosch.com\/es\/wp-json\/wp\/v2\/caracteristiques?post=13520"},{"taxonomy":"tipus-productes","embeddable":true,"href":"https:\/\/dibosch.com\/es\/wp-json\/wp\/v2\/tipus-productes?post=13520"},{"taxonomy":"zona-aplicacio","embeddable":true,"href":"https:\/\/dibosch.com\/es\/wp-json\/wp\/v2\/zona-aplicacio?post=13520"},{"taxonomy":"tipus-maquinaria","embeddable":true,"href":"https:\/\/dibosch.com\/es\/wp-json\/wp\/v2\/tipus-maquinaria?post=13520"}],"curies":[{"name":"wp","href":"https:\/\/api.w.org\/{rel}","templated":true}]}}