{"id":13548,"date":"2022-12-07T11:05:01","date_gmt":"2022-12-07T11:05:01","guid":{"rendered":"https:\/\/www.dibosch.com\/producto\/carro-magic-system-720s-200ms720s0c0d\/"},"modified":"2023-08-23T11:06:27","modified_gmt":"2023-08-23T11:06:27","slug":"carro-magic-system-720s-200ms720s0c0d","status":"publish","type":"product","link":"https:\/\/dibosch.com\/es\/producto\/carro-magic-system-720s-200ms720s0c0d\/","title":{"rendered":"CARRO MAGIC SYSTEM 720S -200MS720S0C0D- &#8211; TTS"},"content":{"rendered":"<p><strong>Caracter\u00edsticas del producto:<\/strong><\/p>\n<p>Carro con 3 departamentos: soporte de bolsa 120 L, almacenamiento cerrado con caj\u00f3n y fregado con pre-impregnaci\u00f3n<\/p>\n<p>Carro multiuso en polipropileno modular y con accesorios para responder a todas las necesidades de limpieza<\/p>\n<p>Ideal para la limpieza profesional de alto rendimiento en entornos con dos diferentes grados de riesgo<\/p>\n<p>Cierre herm\u00e9tico: cubos con sistema de enganche entre el cubo y la tapa y una junta especial que garantiza un cierre herm\u00e9tico<\/p>\n<p>Higi\u00e9nico: los estantes de material pl\u00e1stico separan los m\u00f3dulos del carro evitando contaminaciones entre las zonas de fregado, almacenaje y recogida de residuos<\/p>\n<p>Robusto: el polipropileno, naturalmente inoxidable y el\u00e1stico, garantiza el rendimiento a prueba de golpes<\/p>\n","protected":false},"excerpt":{"rendered":"<p>Carro con 3 departamentos: soporte de bolsa 120L, almacenamiento cerrado con caj\u00f3n<\/p>\n","protected":false},"featured_media":23501,"comment_status":"closed","ping_status":"closed","template":"","meta":[],"product_brand":[],"product_cat":[685,705,684],"product_tag":[],"marcas":[917],"certificats":[],"caracteristiques":[],"tipus-productes":[],"zona-aplicacio":[],"tipus-maquinaria":[],"class_list":{"0":"post-13548","1":"product","2":"type-product","3":"status-publish","4":"has-post-thumbnail","6":"product_cat-carros-es","7":"product_cat-carros-de-limpieza","8":"product_cat-utiles-de-limpieza","9":"marcas-tts-es","11":"first","12":"instock","13":"product-type-simple"},"_links":{"self":[{"href":"https:\/\/dibosch.com\/es\/wp-json\/wp\/v2\/product\/13548","targetHints":{"allow":["GET"]}}],"collection":[{"href":"https:\/\/dibosch.com\/es\/wp-json\/wp\/v2\/product"}],"about":[{"href":"https:\/\/dibosch.com\/es\/wp-json\/wp\/v2\/types\/product"}],"replies":[{"embeddable":true,"href":"https:\/\/dibosch.com\/es\/wp-json\/wp\/v2\/comments?post=13548"}],"wp:featuredmedia":[{"embeddable":true,"href":"https:\/\/dibosch.com\/es\/wp-json\/wp\/v2\/media\/23501"}],"wp:attachment":[{"href":"https:\/\/dibosch.com\/es\/wp-json\/wp\/v2\/media?parent=13548"}],"wp:term":[{"taxonomy":"product_brand","embeddable":true,"href":"https:\/\/dibosch.com\/es\/wp-json\/wp\/v2\/product_brand?post=13548"},{"taxonomy":"product_cat","embeddable":true,"href":"https:\/\/dibosch.com\/es\/wp-json\/wp\/v2\/product_cat?post=13548"},{"taxonomy":"product_tag","embeddable":true,"href":"https:\/\/dibosch.com\/es\/wp-json\/wp\/v2\/product_tag?post=13548"},{"taxonomy":"marcas","embeddable":true,"href":"https:\/\/dibosch.com\/es\/wp-json\/wp\/v2\/marcas?post=13548"},{"taxonomy":"certificats","embeddable":true,"href":"https:\/\/dibosch.com\/es\/wp-json\/wp\/v2\/certificats?post=13548"},{"taxonomy":"caracteristiques","embeddable":true,"href":"https:\/\/dibosch.com\/es\/wp-json\/wp\/v2\/caracteristiques?post=13548"},{"taxonomy":"tipus-productes","embeddable":true,"href":"https:\/\/dibosch.com\/es\/wp-json\/wp\/v2\/tipus-productes?post=13548"},{"taxonomy":"zona-aplicacio","embeddable":true,"href":"https:\/\/dibosch.com\/es\/wp-json\/wp\/v2\/zona-aplicacio?post=13548"},{"taxonomy":"tipus-maquinaria","embeddable":true,"href":"https:\/\/dibosch.com\/es\/wp-json\/wp\/v2\/tipus-maquinaria?post=13548"}],"curies":[{"name":"wp","href":"https:\/\/api.w.org\/{rel}","templated":true}]}}