{"id":13549,"date":"2022-12-07T11:04:37","date_gmt":"2022-12-07T11:04:37","guid":{"rendered":"https:\/\/www.dibosch.com\/producto\/fd-supergel-bp20\/"},"modified":"2023-07-03T14:18:05","modified_gmt":"2023-07-03T14:18:05","slug":"fd-supergel-bp20","status":"publish","type":"product","link":"https:\/\/dibosch.com\/es\/producto\/fd-supergel-bp20\/","title":{"rendered":"FD- SUPERGEL BP20 &#8211; DIVERSEY"},"content":{"rendered":"<p><strong>Caracter\u00edsticas del producto:<\/strong><\/p>\n<p>Supergel es un agente de limpieza en gel alcalino para la limpieza diaria de suciedad intensa en la industria alimentaria.<\/p>\n<p>Es una mezcla eficaz de secuestrantes org\u00e1nicos y agentes humectantes\/ emulsionantes. Disuelto en agua, se forma un gel tixotr\u00f3pico que se adhiere muy bien a la superficie y, por lo tanto, prolonga el tiempo de contacto para actuar sobre suciedades fuertes. El producto se puede enjuagar f\u00e1cilmente con una cantidad m\u00ednima de agua sin dejar residuos en la superficie.<\/p>\n<p>&nbsp;<\/p>\n<p><strong>Manual de uso:<\/strong><\/p>\n<p>Use Supergel en concentraciones entre 4-10% v\/v, dependiendo del tipo y grado de suciedad. Para informaci\u00f3n m\u00e1s espec\u00edfica solicite las tarjetas de instrucciones especiales.<\/p>\n","protected":false},"excerpt":{"rendered":"<p>limpiador de gel c\u00e1ustico de uso general<\/p>\n","protected":false},"featured_media":21300,"comment_status":"closed","ping_status":"closed","template":"","meta":[],"product_brand":[],"product_cat":[716,715,689],"product_tag":[],"marcas":[],"certificats":[],"caracteristiques":[],"tipus-productes":[],"zona-aplicacio":[],"tipus-maquinaria":[],"class_list":{"0":"post-13549","1":"product","2":"type-product","3":"status-publish","4":"has-post-thumbnail","6":"product_cat-alcalinos-espumante","7":"product_cat-especificos-para-industria-alimentaria","8":"product_cat-productos-de-limpieza","10":"first","11":"instock","12":"product-type-simple"},"_links":{"self":[{"href":"https:\/\/dibosch.com\/es\/wp-json\/wp\/v2\/product\/13549","targetHints":{"allow":["GET"]}}],"collection":[{"href":"https:\/\/dibosch.com\/es\/wp-json\/wp\/v2\/product"}],"about":[{"href":"https:\/\/dibosch.com\/es\/wp-json\/wp\/v2\/types\/product"}],"replies":[{"embeddable":true,"href":"https:\/\/dibosch.com\/es\/wp-json\/wp\/v2\/comments?post=13549"}],"wp:featuredmedia":[{"embeddable":true,"href":"https:\/\/dibosch.com\/es\/wp-json\/wp\/v2\/media\/21300"}],"wp:attachment":[{"href":"https:\/\/dibosch.com\/es\/wp-json\/wp\/v2\/media?parent=13549"}],"wp:term":[{"taxonomy":"product_brand","embeddable":true,"href":"https:\/\/dibosch.com\/es\/wp-json\/wp\/v2\/product_brand?post=13549"},{"taxonomy":"product_cat","embeddable":true,"href":"https:\/\/dibosch.com\/es\/wp-json\/wp\/v2\/product_cat?post=13549"},{"taxonomy":"product_tag","embeddable":true,"href":"https:\/\/dibosch.com\/es\/wp-json\/wp\/v2\/product_tag?post=13549"},{"taxonomy":"marcas","embeddable":true,"href":"https:\/\/dibosch.com\/es\/wp-json\/wp\/v2\/marcas?post=13549"},{"taxonomy":"certificats","embeddable":true,"href":"https:\/\/dibosch.com\/es\/wp-json\/wp\/v2\/certificats?post=13549"},{"taxonomy":"caracteristiques","embeddable":true,"href":"https:\/\/dibosch.com\/es\/wp-json\/wp\/v2\/caracteristiques?post=13549"},{"taxonomy":"tipus-productes","embeddable":true,"href":"https:\/\/dibosch.com\/es\/wp-json\/wp\/v2\/tipus-productes?post=13549"},{"taxonomy":"zona-aplicacio","embeddable":true,"href":"https:\/\/dibosch.com\/es\/wp-json\/wp\/v2\/zona-aplicacio?post=13549"},{"taxonomy":"tipus-maquinaria","embeddable":true,"href":"https:\/\/dibosch.com\/es\/wp-json\/wp\/v2\/tipus-maquinaria?post=13549"}],"curies":[{"name":"wp","href":"https:\/\/api.w.org\/{rel}","templated":true}]}}