{"id":13550,"date":"2022-12-07T11:04:46","date_gmt":"2022-12-07T11:04:46","guid":{"rendered":"https:\/\/www.dibosch.com\/producto\/tenso-pro-bp25\/"},"modified":"2025-09-24T10:48:18","modified_gmt":"2025-09-24T10:48:18","slug":"tensol-pro-bp25","status":"publish","type":"product","link":"https:\/\/dibosch.com\/es\/producto\/tensol-pro-bp25\/","title":{"rendered":"TENSOL PRO BP25 &#8211; PAHES LIMPER"},"content":{"rendered":"<p><strong>Caracter\u00edsticas del producto:<\/strong><\/p>\n<p>L\u00edquido con alto poder desengrasante por su gran aporte alcalino. Se caracteriza por potenciar los detergentes por su efecto ablandador del agua e hidrolizar las grasas convirti\u00e9ndolas en jab\u00f3n soluble.<\/p>\n<p>Apto para uso en industria alimentaria<\/p>\n<p>&nbsp;<\/p>\n<p><strong>Manual de uso:<\/strong><\/p>\n<p>Especialmente formulado para aguas de dureza elevada, aditivo alcalino con alto poder desengrasante para intensificar el poder de lavado del detergente contra manchas dif\u00edciles. Utilizar para eliminar suciedad aguda en tiempos de lavado cortos principalmente en ropa de hosteler\u00eda, manteler\u00edas, servilletas, etc. Elimina restos org\u00e1nicos y olores. No aplicar directamente sobre los tejidos<\/p>\n<p>&nbsp;<\/p>\n<p><strong>Indicado para:<\/strong><\/p>\n<p>Lavander\u00eda.<\/p>\n","protected":false},"excerpt":{"rendered":"<p>Aditivo l\u00edquido alcalino reforzante del lavado<\/p>\n","protected":false},"featured_media":21171,"comment_status":"closed","ping_status":"closed","template":"","meta":[],"product_brand":[],"product_cat":[711,690,689],"product_tag":[],"marcas":[],"certificats":[],"caracteristiques":[939],"tipus-productes":[],"zona-aplicacio":[],"tipus-maquinaria":[],"class_list":{"0":"post-13550","1":"product","2":"type-product","3":"status-publish","4":"has-post-thumbnail","6":"product_cat-aditivos","7":"product_cat-especificos-para-lavanderia","8":"product_cat-productos-de-limpieza","9":"caracteristiques-concentrados-es","11":"first","12":"instock","13":"product-type-simple"},"_links":{"self":[{"href":"https:\/\/dibosch.com\/es\/wp-json\/wp\/v2\/product\/13550","targetHints":{"allow":["GET"]}}],"collection":[{"href":"https:\/\/dibosch.com\/es\/wp-json\/wp\/v2\/product"}],"about":[{"href":"https:\/\/dibosch.com\/es\/wp-json\/wp\/v2\/types\/product"}],"replies":[{"embeddable":true,"href":"https:\/\/dibosch.com\/es\/wp-json\/wp\/v2\/comments?post=13550"}],"wp:featuredmedia":[{"embeddable":true,"href":"https:\/\/dibosch.com\/es\/wp-json\/wp\/v2\/media\/21171"}],"wp:attachment":[{"href":"https:\/\/dibosch.com\/es\/wp-json\/wp\/v2\/media?parent=13550"}],"wp:term":[{"taxonomy":"product_brand","embeddable":true,"href":"https:\/\/dibosch.com\/es\/wp-json\/wp\/v2\/product_brand?post=13550"},{"taxonomy":"product_cat","embeddable":true,"href":"https:\/\/dibosch.com\/es\/wp-json\/wp\/v2\/product_cat?post=13550"},{"taxonomy":"product_tag","embeddable":true,"href":"https:\/\/dibosch.com\/es\/wp-json\/wp\/v2\/product_tag?post=13550"},{"taxonomy":"marcas","embeddable":true,"href":"https:\/\/dibosch.com\/es\/wp-json\/wp\/v2\/marcas?post=13550"},{"taxonomy":"certificats","embeddable":true,"href":"https:\/\/dibosch.com\/es\/wp-json\/wp\/v2\/certificats?post=13550"},{"taxonomy":"caracteristiques","embeddable":true,"href":"https:\/\/dibosch.com\/es\/wp-json\/wp\/v2\/caracteristiques?post=13550"},{"taxonomy":"tipus-productes","embeddable":true,"href":"https:\/\/dibosch.com\/es\/wp-json\/wp\/v2\/tipus-productes?post=13550"},{"taxonomy":"zona-aplicacio","embeddable":true,"href":"https:\/\/dibosch.com\/es\/wp-json\/wp\/v2\/zona-aplicacio?post=13550"},{"taxonomy":"tipus-maquinaria","embeddable":true,"href":"https:\/\/dibosch.com\/es\/wp-json\/wp\/v2\/tipus-maquinaria?post=13550"}],"curies":[{"name":"wp","href":"https:\/\/api.w.org\/{rel}","templated":true}]}}