{"id":13551,"date":"2022-12-07T11:04:46","date_gmt":"2022-12-07T11:04:46","guid":{"rendered":"https:\/\/www.dibosch.com\/producto\/m-aspirador-easy-p258-wd\/"},"modified":"2026-01-02T14:45:39","modified_gmt":"2026-01-02T14:45:39","slug":"m-aspirador-easy-p258-wd","status":"publish","type":"product","link":"https:\/\/dibosch.com\/es\/producto\/m-aspirador-easy-p258-wd\/","title":{"rendered":"M- ASPIRADOR EASY P258 WD"},"content":{"rendered":"<p data-start=\"431\" data-end=\"784\">El <strong data-start=\"434\" data-end=\"460\">Aspirador EASY P258 WD<\/strong> es un <strong data-start=\"467\" data-end=\"526\">aspirador profesional de l\u00edquidos y s\u00f3lidos (wet &amp; dry)<\/strong> dise\u00f1ado para ofrecer <strong data-start=\"549\" data-end=\"601\">alto rendimiento en tareas de limpieza exigentes<\/strong>. Est\u00e1 equipado con <strong data-start=\"621\" data-end=\"663\">dos motores de 1200 W (2400 W totales)<\/strong> y sistema <strong data-start=\"674\" data-end=\"705\">de aspiraci\u00f3n de dos etapas<\/strong>, lo que garantiza una potente succi\u00f3n tanto de suciedad seca como de l\u00edquidos.<\/p>\n<p data-start=\"786\" data-end=\"1179\">Dispone de un <strong data-start=\"800\" data-end=\"843\">dep\u00f3sito de gran capacidad de 77 litros<\/strong>, fabricado en <strong data-start=\"858\" data-end=\"886\">polipropileno resistente<\/strong>, ideal para trabajos prolongados en <strong data-start=\"923\" data-end=\"1004\">industria, hosteler\u00eda, empresas de limpieza, parkings y grandes instalaciones<\/strong>. Su rendimiento se completa con un <strong data-start=\"1040\" data-end=\"1068\">caudal de aire de 92 l\/s<\/strong> y una <strong data-start=\"1075\" data-end=\"1112\">depresi\u00f3n de 2100 mm H\u2082O (21 kPa)<\/strong>, asegurando una aspiraci\u00f3n eficaz incluso en superficies extensas.<\/p>\n<p data-start=\"1181\" data-end=\"1505\">El modelo incluye <strong data-start=\"1199\" data-end=\"1231\">cable de alimentaci\u00f3n de 7 m<\/strong>, <strong data-start=\"1233\" data-end=\"1268\">filtro de tela para uso en seco<\/strong> y un <strong data-start=\"1274\" data-end=\"1312\">kit completo de accesorios \u00d8 40 mm<\/strong>, que incorpora manguera flexible con manguito, empu\u00f1adura de pl\u00e1stico, tubos r\u00edgidos, boquilla plana, cepillo redondo y boquilla combinada con inserto de cepillo y labio de goma para l\u00edquidos.<\/p>\n<p data-start=\"1507\" data-end=\"1712\">Con un dise\u00f1o robusto, estable y funcional, el <strong data-start=\"1554\" data-end=\"1570\">EASY P258 WD<\/strong> es una soluci\u00f3n fiable y vers\u00e1til para profesionales que necesitan <strong data-start=\"1638\" data-end=\"1675\">potencia, capacidad y durabilidad<\/strong> en trabajos de aspiraci\u00f3n intensiva.<\/p>\n","protected":false},"excerpt":{"rendered":"<p>El Aspirador EASY P258 WD es un aspirador profesional de l\u00edquidos y s\u00f3lidos (wet &amp; dry) dise\u00f1ado para ofrecer alto rendimiento en tareas de limpieza exigentes. Est\u00e1 equipado con dos motores de 1200 W (2400 W totales) y sistema de aspiraci\u00f3n de dos etapas, lo que garantiza una potente succi\u00f3n tanto de suciedad seca como [&hellip;]<\/p>\n","protected":false},"featured_media":11436,"comment_status":"closed","ping_status":"closed","template":"","meta":[],"product_brand":[],"product_cat":[578,577],"product_tag":[],"marcas":[1353],"certificats":[],"caracteristiques":[],"tipus-productes":[],"zona-aplicacio":[],"tipus-maquinaria":[],"class_list":{"0":"post-13551","1":"product","2":"type-product","3":"status-publish","4":"has-post-thumbnail","6":"product_cat-aspiradores-industriales","7":"product_cat-maquinas","8":"marcas-tmb","10":"first","11":"instock","12":"product-type-simple"},"_links":{"self":[{"href":"https:\/\/dibosch.com\/es\/wp-json\/wp\/v2\/product\/13551","targetHints":{"allow":["GET"]}}],"collection":[{"href":"https:\/\/dibosch.com\/es\/wp-json\/wp\/v2\/product"}],"about":[{"href":"https:\/\/dibosch.com\/es\/wp-json\/wp\/v2\/types\/product"}],"replies":[{"embeddable":true,"href":"https:\/\/dibosch.com\/es\/wp-json\/wp\/v2\/comments?post=13551"}],"wp:featuredmedia":[{"embeddable":true,"href":"https:\/\/dibosch.com\/es\/wp-json\/wp\/v2\/media\/11436"}],"wp:attachment":[{"href":"https:\/\/dibosch.com\/es\/wp-json\/wp\/v2\/media?parent=13551"}],"wp:term":[{"taxonomy":"product_brand","embeddable":true,"href":"https:\/\/dibosch.com\/es\/wp-json\/wp\/v2\/product_brand?post=13551"},{"taxonomy":"product_cat","embeddable":true,"href":"https:\/\/dibosch.com\/es\/wp-json\/wp\/v2\/product_cat?post=13551"},{"taxonomy":"product_tag","embeddable":true,"href":"https:\/\/dibosch.com\/es\/wp-json\/wp\/v2\/product_tag?post=13551"},{"taxonomy":"marcas","embeddable":true,"href":"https:\/\/dibosch.com\/es\/wp-json\/wp\/v2\/marcas?post=13551"},{"taxonomy":"certificats","embeddable":true,"href":"https:\/\/dibosch.com\/es\/wp-json\/wp\/v2\/certificats?post=13551"},{"taxonomy":"caracteristiques","embeddable":true,"href":"https:\/\/dibosch.com\/es\/wp-json\/wp\/v2\/caracteristiques?post=13551"},{"taxonomy":"tipus-productes","embeddable":true,"href":"https:\/\/dibosch.com\/es\/wp-json\/wp\/v2\/tipus-productes?post=13551"},{"taxonomy":"zona-aplicacio","embeddable":true,"href":"https:\/\/dibosch.com\/es\/wp-json\/wp\/v2\/zona-aplicacio?post=13551"},{"taxonomy":"tipus-maquinaria","embeddable":true,"href":"https:\/\/dibosch.com\/es\/wp-json\/wp\/v2\/tipus-maquinaria?post=13551"}],"curies":[{"name":"wp","href":"https:\/\/api.w.org\/{rel}","templated":true}]}}