{"id":13556,"date":"2022-12-07T11:06:12","date_gmt":"2022-12-07T11:06:12","guid":{"rendered":"https:\/\/www.dibosch.com\/producto\/fancy-care-inside-bb10\/"},"modified":"2023-06-28T12:38:32","modified_gmt":"2023-06-28T12:38:32","slug":"fancy-care-inside-bb10","status":"publish","type":"product","link":"https:\/\/dibosch.com\/es\/producto\/fancy-care-inside-bb10\/","title":{"rendered":"FANCY CARE INSIDE BB10 &#8211; INDUQUIM"},"content":{"rendered":"<p><strong>Caracter\u00edsticas del producto:<\/strong><\/p>\n<p>Es uno de los tres principales productos utilizados para realizar el exclusivo sistema de lavado. Limpia, respeta y cuida los tejidos de la ropa m\u00e1s delicada, ofreciendo una higienizaci\u00f3n y suavidad total a las prendas.<\/p>\n<p>Est\u00e1 minuciosamente estudiado para lograr una rentabilidad excepcional dentro del sistema de lavado.<\/p>\n<p>Est\u00e1 compuesto por una gran cantidad secuestrantes, tensoactivos y blanqueantes \u00f3pticos que confieren un tratado \u00f3ptimo al proceso de lavado. Adem\u00e1s, incorpora un principio activo a base de carbonatos para ayudar a los tensoactivos a realizar su funci\u00f3n.<\/p>\n<p>&nbsp;<\/p>\n<p><strong>Manual de uso:<\/strong><\/p>\n<p>Para un correcto sistema de lavado , se recomienda una dosificaci\u00f3n de 2 g por cada kg de ropa. Para obtener un \u00f3ptimo resultado en el lavado, es necesario tener en cuenta otros factores adem\u00e1s de la dosificaci\u00f3n, la m\u00e1quina utilizada, la temperatura, el tiempo y el agua son elementos fundamentales para que el proceso sea satisfactorio.<\/p>\n<p>&nbsp;<\/p>\n<p><strong>Indicado para:<\/strong><\/p>\n<p>Lavander\u00edas profesionales. Hoteles. Centros sanitarios. Residencias geri\u00e1tricas. Salones de est\u00e9tica \/ belleza.<\/p>\n","protected":false},"excerpt":{"rendered":"<p>Detergente activo de baja alcalinidad<\/p>\n","protected":false},"featured_media":10243,"comment_status":"closed","ping_status":"closed","template":"","meta":[],"product_brand":[],"product_cat":[691,690,689],"product_tag":[],"marcas":[],"certificats":[],"caracteristiques":[],"tipus-productes":[],"zona-aplicacio":[],"tipus-maquinaria":[],"class_list":{"0":"post-13556","1":"product","2":"type-product","3":"status-publish","4":"has-post-thumbnail","6":"product_cat-detergentes","7":"product_cat-especificos-para-lavanderia","8":"product_cat-productos-de-limpieza","10":"first","11":"instock","12":"product-type-simple"},"_links":{"self":[{"href":"https:\/\/dibosch.com\/es\/wp-json\/wp\/v2\/product\/13556","targetHints":{"allow":["GET"]}}],"collection":[{"href":"https:\/\/dibosch.com\/es\/wp-json\/wp\/v2\/product"}],"about":[{"href":"https:\/\/dibosch.com\/es\/wp-json\/wp\/v2\/types\/product"}],"replies":[{"embeddable":true,"href":"https:\/\/dibosch.com\/es\/wp-json\/wp\/v2\/comments?post=13556"}],"wp:featuredmedia":[{"embeddable":true,"href":"https:\/\/dibosch.com\/es\/wp-json\/wp\/v2\/media\/10243"}],"wp:attachment":[{"href":"https:\/\/dibosch.com\/es\/wp-json\/wp\/v2\/media?parent=13556"}],"wp:term":[{"taxonomy":"product_brand","embeddable":true,"href":"https:\/\/dibosch.com\/es\/wp-json\/wp\/v2\/product_brand?post=13556"},{"taxonomy":"product_cat","embeddable":true,"href":"https:\/\/dibosch.com\/es\/wp-json\/wp\/v2\/product_cat?post=13556"},{"taxonomy":"product_tag","embeddable":true,"href":"https:\/\/dibosch.com\/es\/wp-json\/wp\/v2\/product_tag?post=13556"},{"taxonomy":"marcas","embeddable":true,"href":"https:\/\/dibosch.com\/es\/wp-json\/wp\/v2\/marcas?post=13556"},{"taxonomy":"certificats","embeddable":true,"href":"https:\/\/dibosch.com\/es\/wp-json\/wp\/v2\/certificats?post=13556"},{"taxonomy":"caracteristiques","embeddable":true,"href":"https:\/\/dibosch.com\/es\/wp-json\/wp\/v2\/caracteristiques?post=13556"},{"taxonomy":"tipus-productes","embeddable":true,"href":"https:\/\/dibosch.com\/es\/wp-json\/wp\/v2\/tipus-productes?post=13556"},{"taxonomy":"zona-aplicacio","embeddable":true,"href":"https:\/\/dibosch.com\/es\/wp-json\/wp\/v2\/zona-aplicacio?post=13556"},{"taxonomy":"tipus-maquinaria","embeddable":true,"href":"https:\/\/dibosch.com\/es\/wp-json\/wp\/v2\/tipus-maquinaria?post=13556"}],"curies":[{"name":"wp","href":"https:\/\/api.w.org\/{rel}","templated":true}]}}