{"id":13569,"date":"2022-12-07T11:05:28","date_gmt":"2022-12-07T11:05:28","guid":{"rendered":"https:\/\/www.dibosch.com\/producto\/dosificador-jabon-0-35l-dj0561f\/"},"modified":"2025-06-12T15:47:31","modified_gmt":"2025-06-12T15:47:31","slug":"dosificador-sabo-0-35l-dj0561f","status":"publish","type":"product","link":"https:\/\/dibosch.com\/es\/producto\/dosificador-sabo-0-35l-dj0561f\/","title":{"rendered":"DOSIFICADOR JAB\u00d3N 0.35l DJ0561F &#8211; MEDICLINICS"},"content":{"rendered":"<p>Dosificador de jab\u00f3n manual<\/p>\n<p>&nbsp;<\/p>\n<p>Dispensador de jab\u00f3n l\u00edquido de capacidad 1,2 L (DJ0563F) \u00f3 0,35 L (DJ0561F), fabricado en termo-pl\u00e1stico ABS de 3 mm de espesor, acabado azul transparente, para instalar directamente en la pared y de accionamiento manual a trav\u00e9s de un pulsador.<\/p>\n<p>\u2022 Con un dise\u00f1o funcional, robusto y moderno estos dosificadores de jab\u00f3n se integran perfectamente en cualquier ambiente de ba\u00f1o y son adecuados para lavabos con frecuencia de paso alta (DJ0563F) o media (DJ0561F) media. Modelo apto para colectividades.<\/p>\n<p>\u2022 El rellenado del jab\u00f3n se realiza por la parte superior del dispensador a trav\u00e9s de una tapa basculante que dispone de un sistema de apertura, mediante llave especial suministrada.<\/p>\n<p>\u2022 Dispensa jab\u00f3n l\u00edquido o geles hidroalcoh\u00f3licos.<\/p>\n<p>\u2022 Se recomienda utilizar jab\u00f3n l\u00edquido o desinfectante en forma de gel con las siguientes caracter\u00edsticas:<\/p>\n<p>&#8211; Contenido m\u00e1ximo de alcohol del 80%<\/p>\n<p>&#8211; Densidad entre 0,9 y 1,35 kg\/dm3<\/p>\n<p>&#8211; Viscosidad m\u00e1xima de 3.000 Cps para los jabones y m\u00e1xima de 10.000 Cps para los geles hidroalcoh\u00f3licos.<\/p>\n<p>No admite jabones\/geles hidroalcoh\u00f3licos que contengan metanol, cloro y tampoco part\u00edculas s\u00f3lidas o abrasivos.<\/p>\n","protected":false},"excerpt":{"rendered":"<p>Dosificador de jab\u00f3n manual de superficie.<\/p>\n","protected":false},"featured_media":33953,"comment_status":"closed","ping_status":"closed","template":"","meta":[],"product_brand":[],"product_cat":[760,687],"product_tag":[],"marcas":[920],"certificats":[],"caracteristiques":[],"tipus-productes":[],"zona-aplicacio":[],"tipus-maquinaria":[],"class_list":{"0":"post-13569","1":"product","2":"type-product","3":"status-publish","4":"has-post-thumbnail","6":"product_cat-dosificadores-de-jabon","7":"product_cat-equipamientos","8":"marcas-mediclinics-es","10":"first","11":"instock","12":"product-type-simple"},"_links":{"self":[{"href":"https:\/\/dibosch.com\/es\/wp-json\/wp\/v2\/product\/13569","targetHints":{"allow":["GET"]}}],"collection":[{"href":"https:\/\/dibosch.com\/es\/wp-json\/wp\/v2\/product"}],"about":[{"href":"https:\/\/dibosch.com\/es\/wp-json\/wp\/v2\/types\/product"}],"replies":[{"embeddable":true,"href":"https:\/\/dibosch.com\/es\/wp-json\/wp\/v2\/comments?post=13569"}],"wp:featuredmedia":[{"embeddable":true,"href":"https:\/\/dibosch.com\/es\/wp-json\/wp\/v2\/media\/33953"}],"wp:attachment":[{"href":"https:\/\/dibosch.com\/es\/wp-json\/wp\/v2\/media?parent=13569"}],"wp:term":[{"taxonomy":"product_brand","embeddable":true,"href":"https:\/\/dibosch.com\/es\/wp-json\/wp\/v2\/product_brand?post=13569"},{"taxonomy":"product_cat","embeddable":true,"href":"https:\/\/dibosch.com\/es\/wp-json\/wp\/v2\/product_cat?post=13569"},{"taxonomy":"product_tag","embeddable":true,"href":"https:\/\/dibosch.com\/es\/wp-json\/wp\/v2\/product_tag?post=13569"},{"taxonomy":"marcas","embeddable":true,"href":"https:\/\/dibosch.com\/es\/wp-json\/wp\/v2\/marcas?post=13569"},{"taxonomy":"certificats","embeddable":true,"href":"https:\/\/dibosch.com\/es\/wp-json\/wp\/v2\/certificats?post=13569"},{"taxonomy":"caracteristiques","embeddable":true,"href":"https:\/\/dibosch.com\/es\/wp-json\/wp\/v2\/caracteristiques?post=13569"},{"taxonomy":"tipus-productes","embeddable":true,"href":"https:\/\/dibosch.com\/es\/wp-json\/wp\/v2\/tipus-productes?post=13569"},{"taxonomy":"zona-aplicacio","embeddable":true,"href":"https:\/\/dibosch.com\/es\/wp-json\/wp\/v2\/zona-aplicacio?post=13569"},{"taxonomy":"tipus-maquinaria","embeddable":true,"href":"https:\/\/dibosch.com\/es\/wp-json\/wp\/v2\/tipus-maquinaria?post=13569"}],"curies":[{"name":"wp","href":"https:\/\/api.w.org\/{rel}","templated":true}]}}