{"id":13616,"date":"2022-12-07T11:06:34","date_gmt":"2022-12-07T11:06:34","guid":{"rendered":"https:\/\/www.dibosch.com\/producto\/m-aspirador-profesional-d8\/"},"modified":"2025-12-19T11:13:51","modified_gmt":"2025-12-19T11:13:51","slug":"m-aspirador-profesional-d8","status":"publish","type":"product","link":"https:\/\/dibosch.com\/es\/producto\/m-aspirador-profesional-d8\/","title":{"rendered":"M- ASPIRADOR PROFESIONAL D8"},"content":{"rendered":"<p data-start=\"493\" data-end=\"760\">El <strong data-start=\"496\" data-end=\"519\">SEBO Professional D<\/strong> es un aspirador profesional de alto rendimiento, fabricado en Alemania, dise\u00f1ado para ofrecer <strong data-start=\"614\" data-end=\"677\">m\u00e1xima potencia de aspiraci\u00f3n, durabilidad y confort de uso<\/strong> en entornos profesionales como hoteles, oficinas, cl\u00ednicas y empresas de limpieza.<\/p>\n<p data-start=\"762\" data-end=\"1075\">Equipa un <strong data-start=\"772\" data-end=\"802\">motor Eco de hasta 1.200 W<\/strong> con regulaci\u00f3n de potencia, que permite adaptar el consumo energ\u00e9tico seg\u00fan las necesidades de limpieza sin perder eficacia. Su <strong data-start=\"931\" data-end=\"967\">amplio radio de acci\u00f3n de 15,5 m<\/strong> y su <strong data-start=\"973\" data-end=\"1003\">ligero peso de solo 6,6 kg<\/strong> garantizan una limpieza r\u00e1pida y c\u00f3moda incluso en grandes superficies.<\/p>\n<p data-start=\"1077\" data-end=\"1417\">Incorpora el exclusivo sistema <strong data-start=\"1108\" data-end=\"1120\">AirBelt\u2122<\/strong>, que protege paredes y mobiliario frente a golpes y suaviza la salida del aire, reduciendo el nivel sonoro. El <strong data-start=\"1232\" data-end=\"1280\">sistema de filtraci\u00f3n S-Class de tres etapas<\/strong>, con bolsa Ultra-Bag\u2122 de 6 litros y filtro Hospital-Grade, asegura una <strong data-start=\"1352\" data-end=\"1382\">retenci\u00f3n \u00f3ptima del polvo<\/strong>, ideal para personas con alergias.<\/p>\n<p data-start=\"1419\" data-end=\"1677\">El dise\u00f1o ergon\u00f3mico del <strong data-start=\"1444\" data-end=\"1462\">mango ErgoGrip<\/strong>, el tubo telesc\u00f3pico de acero inoxidable y sus cuatro ruedas multidireccionales aportan <strong data-start=\"1551\" data-end=\"1590\">excelente maniobrabilidad y control<\/strong>, convirti\u00e9ndolo en una soluci\u00f3n fiable y duradera para la limpieza profesional diaria.<\/p>\n","protected":false},"excerpt":{"rendered":"<p>Potencia 800 W | Capacidad 6 l |Nivel sonoro 75dB| Peso 6,6 kg | Pulso<\/p>\n","protected":false},"featured_media":11443,"comment_status":"closed","ping_status":"closed","template":"","meta":[],"product_brand":[],"product_cat":[769,577],"product_tag":[],"marcas":[925],"certificats":[],"caracteristiques":[],"tipus-productes":[],"zona-aplicacio":[],"tipus-maquinaria":[],"class_list":{"0":"post-13616","1":"product","2":"type-product","3":"status-publish","4":"has-post-thumbnail","6":"product_cat-aspiradores-profesionales","7":"product_cat-maquinas","8":"marcas-sebo-es","10":"first","11":"instock","12":"product-type-simple"},"_links":{"self":[{"href":"https:\/\/dibosch.com\/es\/wp-json\/wp\/v2\/product\/13616","targetHints":{"allow":["GET"]}}],"collection":[{"href":"https:\/\/dibosch.com\/es\/wp-json\/wp\/v2\/product"}],"about":[{"href":"https:\/\/dibosch.com\/es\/wp-json\/wp\/v2\/types\/product"}],"replies":[{"embeddable":true,"href":"https:\/\/dibosch.com\/es\/wp-json\/wp\/v2\/comments?post=13616"}],"wp:featuredmedia":[{"embeddable":true,"href":"https:\/\/dibosch.com\/es\/wp-json\/wp\/v2\/media\/11443"}],"wp:attachment":[{"href":"https:\/\/dibosch.com\/es\/wp-json\/wp\/v2\/media?parent=13616"}],"wp:term":[{"taxonomy":"product_brand","embeddable":true,"href":"https:\/\/dibosch.com\/es\/wp-json\/wp\/v2\/product_brand?post=13616"},{"taxonomy":"product_cat","embeddable":true,"href":"https:\/\/dibosch.com\/es\/wp-json\/wp\/v2\/product_cat?post=13616"},{"taxonomy":"product_tag","embeddable":true,"href":"https:\/\/dibosch.com\/es\/wp-json\/wp\/v2\/product_tag?post=13616"},{"taxonomy":"marcas","embeddable":true,"href":"https:\/\/dibosch.com\/es\/wp-json\/wp\/v2\/marcas?post=13616"},{"taxonomy":"certificats","embeddable":true,"href":"https:\/\/dibosch.com\/es\/wp-json\/wp\/v2\/certificats?post=13616"},{"taxonomy":"caracteristiques","embeddable":true,"href":"https:\/\/dibosch.com\/es\/wp-json\/wp\/v2\/caracteristiques?post=13616"},{"taxonomy":"tipus-productes","embeddable":true,"href":"https:\/\/dibosch.com\/es\/wp-json\/wp\/v2\/tipus-productes?post=13616"},{"taxonomy":"zona-aplicacio","embeddable":true,"href":"https:\/\/dibosch.com\/es\/wp-json\/wp\/v2\/zona-aplicacio?post=13616"},{"taxonomy":"tipus-maquinaria","embeddable":true,"href":"https:\/\/dibosch.com\/es\/wp-json\/wp\/v2\/tipus-maquinaria?post=13616"}],"curies":[{"name":"wp","href":"https:\/\/api.w.org\/{rel}","templated":true}]}}