{"id":13622,"date":"2022-12-07T11:06:24","date_gmt":"2022-12-07T11:06:24","guid":{"rendered":"https:\/\/www.dibosch.com\/producto\/m-kit-fuente-40vmax-dc40rb-mk3\/"},"modified":"2023-02-23T14:56:56","modified_gmt":"2023-02-23T14:56:56","slug":"m-kit-fuente-40vmax-dc40rb-mk3","status":"publish","type":"product","link":"https:\/\/dibosch.com\/es\/producto\/m-kit-fuente-40vmax-dc40rb-mk3\/","title":{"rendered":"M-KIT FUENTE 40VMAX + DC40RB + MK3 &#8211; MAKITA"},"content":{"rendered":"<p>Comunicaci\u00f3n digital entre la m\u00e1quina y bater\u00eda. La bater\u00eda puede comunicarse digitalmente no solo con el cargador, sino tambi\u00e9n con la herramienta. Gracias a esta comunicaci\u00f3n herramienta-bater\u00eda, en la que se intercambian los datos entre ambas, como sus especificaciones y estado.<br \/>\nSistema de refrigeraci\u00f3n para una duraci\u00f3n m\u00e1xima de la bater\u00eda.<br \/>\nMayor resistencia al agua lo que permite su uso sin problemas bajo la lluvia.<br \/>\nMayor resistencia contra los golpes.<\/p>\n","protected":false},"excerpt":{"rendered":"<p>Comunicaci\u00f3n digital entre la m\u00e1quina y bater\u00eda. La bater\u00eda puede comunicarse digitalmente no solo con el cargador, sino tambi\u00e9n con la herramienta. Gracias a esta comunicaci\u00f3n herramienta-bater\u00eda, en la que se intercambian los datos entre ambas, como sus especificaciones y estado. Sistema de refrigeraci\u00f3n para una duraci\u00f3n m\u00e1xima de la bater\u00eda. Mayor resistencia al agua [&hellip;]<\/p>\n","protected":false},"featured_media":25194,"comment_status":"closed","ping_status":"closed","template":"","meta":[],"product_brand":[],"product_cat":[577,722],"product_tag":[],"marcas":[],"certificats":[],"caracteristiques":[],"tipus-productes":[],"zona-aplicacio":[],"tipus-maquinaria":[],"class_list":{"0":"post-13622","1":"product","2":"type-product","3":"status-publish","4":"has-post-thumbnail","6":"product_cat-maquinas","7":"product_cat-maquinas-especificas-de-limpieza","9":"first","10":"instock","11":"product-type-simple"},"_links":{"self":[{"href":"https:\/\/dibosch.com\/es\/wp-json\/wp\/v2\/product\/13622","targetHints":{"allow":["GET"]}}],"collection":[{"href":"https:\/\/dibosch.com\/es\/wp-json\/wp\/v2\/product"}],"about":[{"href":"https:\/\/dibosch.com\/es\/wp-json\/wp\/v2\/types\/product"}],"replies":[{"embeddable":true,"href":"https:\/\/dibosch.com\/es\/wp-json\/wp\/v2\/comments?post=13622"}],"wp:featuredmedia":[{"embeddable":true,"href":"https:\/\/dibosch.com\/es\/wp-json\/wp\/v2\/media\/25194"}],"wp:attachment":[{"href":"https:\/\/dibosch.com\/es\/wp-json\/wp\/v2\/media?parent=13622"}],"wp:term":[{"taxonomy":"product_brand","embeddable":true,"href":"https:\/\/dibosch.com\/es\/wp-json\/wp\/v2\/product_brand?post=13622"},{"taxonomy":"product_cat","embeddable":true,"href":"https:\/\/dibosch.com\/es\/wp-json\/wp\/v2\/product_cat?post=13622"},{"taxonomy":"product_tag","embeddable":true,"href":"https:\/\/dibosch.com\/es\/wp-json\/wp\/v2\/product_tag?post=13622"},{"taxonomy":"marcas","embeddable":true,"href":"https:\/\/dibosch.com\/es\/wp-json\/wp\/v2\/marcas?post=13622"},{"taxonomy":"certificats","embeddable":true,"href":"https:\/\/dibosch.com\/es\/wp-json\/wp\/v2\/certificats?post=13622"},{"taxonomy":"caracteristiques","embeddable":true,"href":"https:\/\/dibosch.com\/es\/wp-json\/wp\/v2\/caracteristiques?post=13622"},{"taxonomy":"tipus-productes","embeddable":true,"href":"https:\/\/dibosch.com\/es\/wp-json\/wp\/v2\/tipus-productes?post=13622"},{"taxonomy":"zona-aplicacio","embeddable":true,"href":"https:\/\/dibosch.com\/es\/wp-json\/wp\/v2\/zona-aplicacio?post=13622"},{"taxonomy":"tipus-maquinaria","embeddable":true,"href":"https:\/\/dibosch.com\/es\/wp-json\/wp\/v2\/tipus-maquinaria?post=13622"}],"curies":[{"name":"wp","href":"https:\/\/api.w.org\/{rel}","templated":true}]}}